{"id":1127,"date":"2025-03-08T21:21:01","date_gmt":"2025-03-08T21:21:01","guid":{"rendered":"https:\/\/secretstudioprod.com\/?page_id=1127"},"modified":"2025-04-14T13:24:56","modified_gmt":"2025-04-14T13:24:56","slug":"location-de-materiel-av-pour-evenements-a-marrakech","status":"publish","type":"page","link":"https:\/\/secretstudioprod.com\/en\/location-de-materiel-av-pour-evenements-a-marrakech\/","title":{"rendered":"Location de mat\u00e9riel AV pour \u00e9v\u00e9nements \u00e0 Marrakech"},"content":{"rendered":"<div data-elementor-type=\"wp-page\" data-elementor-id=\"1127\" class=\"elementor elementor-1127\">\n\t\t\t\t\t\t<section class=\"elementor-section elementor-top-section elementor-element elementor-element-5c72c54 elementor-section-stretched elementor-section-boxed elementor-section-height-default elementor-section-height-default wpr-particle-no wpr-jarallax-no wpr-parallax-no wpr-sticky-section-no wpr-equal-height-no\" data-id=\"5c72c54\" data-element_type=\"section\" data-e-type=\"section\" data-settings=\"{&quot;background_background&quot;:&quot;classic&quot;,&quot;stretch_section&quot;:&quot;section-stretched&quot;,&quot;shape_divider_bottom&quot;:&quot;triangle-asymmetrical&quot;}\">\n\t\t\t\t\t<div class=\"elementor-shape elementor-shape-bottom\" aria-hidden=\"true\" data-negative=\"false\">\n\t\t\t<svg xmlns=\"http:\/\/www.w3.org\/2000\/svg\" viewbox=\"0 0 1000 100\" preserveaspectratio=\"none\">\n\t<path class=\"elementor-shape-fill\" d=\"M738,99l262-93V0H0v5.6L738,99z\"\/>\n<\/svg>\t\t<\/div>\n\t\t\t\t\t<div class=\"elementor-container elementor-column-gap-default\">\n\t\t\t\t\t<div class=\"elementor-column elementor-col-100 elementor-top-column elementor-element elementor-element-6f9d5be\" data-id=\"6f9d5be\" data-element_type=\"column\" data-e-type=\"column\">\n\t\t\t<div class=\"elementor-widget-wrap elementor-element-populated\">\n\t\t\t\t\t\t<div class=\"elementor-element elementor-element-4cbd16e elementor-widget__width-initial elementor-widget elementor-widget-heading\" data-id=\"4cbd16e\" data-element_type=\"widget\" data-e-type=\"widget\" data-widget_type=\"heading.default\">\n\t\t\t\t\t<h1 class=\"elementor-heading-title elementor-size-default\">Location de mat\u00e9riel AV pour \u00e9v\u00e9nements \u00e0 Marrakech - Secret Studio Prod<\/h1>\t\t\t\t<\/div>\n\t\t\t\t\t<\/div>\n\t\t<\/div>\n\t\t\t\t\t<\/div>\n\t\t<\/section>\n\t\t\t\t<section class=\"elementor-section elementor-top-section elementor-element elementor-element-0f47b51 elementor-section-stretched elementor-reverse-mobile elementor-section-boxed elementor-section-height-default elementor-section-height-default wpr-particle-no wpr-jarallax-no wpr-parallax-no wpr-sticky-section-no wpr-equal-height-no\" data-id=\"0f47b51\" data-element_type=\"section\" data-e-type=\"section\" data-settings=\"{&quot;background_background&quot;:&quot;classic&quot;,&quot;stretch_section&quot;:&quot;section-stretched&quot;}\">\n\t\t\t\t\t\t<div class=\"elementor-container elementor-column-gap-default\">\n\t\t\t\t\t<div class=\"elementor-column elementor-col-50 elementor-top-column elementor-element elementor-element-43ae727\" data-id=\"43ae727\" data-element_type=\"column\" data-e-type=\"column\">\n\t\t\t<div class=\"elementor-widget-wrap elementor-element-populated\">\n\t\t\t\t\t\t<div class=\"elementor-element elementor-element-99101fa elementor-widget elementor-widget-heading\" data-id=\"99101fa\" data-element_type=\"widget\" data-e-type=\"widget\" data-widget_type=\"heading.default\">\n\t\t\t\t\t<h2 class=\"elementor-heading-title elementor-size-default\">Solutions audiovisuelles pour vos \u00e9v\u00e9nements \u00e0 Marrakech<\/h2>\t\t\t\t<\/div>\n\t\t\t\t<div class=\"elementor-element elementor-element-8e14180 elementor-widget elementor-widget-text-editor\" data-id=\"8e14180\" data-element_type=\"widget\" data-e-type=\"widget\" data-widget_type=\"text-editor.default\">\n\t\t\t\t\t\t\t\t\t<p data-start=\"222\" data-end=\"401\">Chez <strong data-start=\"227\" data-end=\"249\">At Secret Studio Prod<\/strong>, nous mettons \u00e0 votre disposition une large gamme de solutions audiovisuelles pour vos \u00e9v\u00e9nements \u00e0 Marrakech, des conf\u00e9rences aux \u00e9v\u00e9nements priv\u00e9s.<\/p><p data-start=\"403\" data-end=\"471\">Forts de notre expertise en gestion d&rsquo;\u00e9v\u00e9nements, nous proposons :<\/p><ul data-start=\"472\" data-end=\"581\"><li data-start=\"472\" data-end=\"490\"><strong data-start=\"474\" data-end=\"488\">\u00c9crans LED<\/strong><\/li><li data-start=\"491\" data-end=\"538\"><strong data-start=\"493\" data-end=\"536\">Syst\u00e8mes de sonorisation professionnels<\/strong><\/li><li data-start=\"539\" data-end=\"581\"><strong data-start=\"541\" data-end=\"579\">Solutions de projection innovantes<\/strong><\/li><\/ul><p data-start=\"583\" data-end=\"735\">Que ce soit pour une conf\u00e9rence, un s\u00e9minaire ou un mariage, notre \u00e9quipe sp\u00e9cialis\u00e9e dans la location de mat\u00e9riel AV vous accompagne \u00e0 chaque \u00e9tape :<\/p><ul data-start=\"736\" data-end=\"813\"><li data-start=\"736\" data-end=\"753\"><strong data-start=\"738\" data-end=\"751\">Livraison<\/strong><\/li><li data-start=\"754\" data-end=\"774\"><strong data-start=\"756\" data-end=\"772\">Installation<\/strong><\/li><li data-start=\"775\" data-end=\"795\"><strong data-start=\"777\" data-end=\"793\">Exploitation<\/strong><\/li><li data-start=\"796\" data-end=\"813\"><strong data-start=\"798\" data-end=\"811\">D\u00e9montage<\/strong><\/li><\/ul><p data-start=\"815\" data-end=\"1083\">Nous travaillons avec les meilleurs fournisseurs pour vous offrir des \u00e9quipements de <strong data-start=\"900\" data-end=\"922\">qualit\u00e9 sup\u00e9rieure<\/strong>, adapt\u00e9s \u00e0 vos besoins et \u00e0 votre budget. Avec <strong data-start=\"970\" data-end=\"992\">At Secret Studio Prod<\/strong>, vos \u00e9v\u00e9nements \u00e0 Marrakech sont entre de bonnes mains pour un <strong data-start=\"1056\" data-end=\"1080\">r\u00e9sultat sans faille<\/strong><\/p>\t\t\t\t\t\t\t\t<\/div>\n\t\t\t\t\t<\/div>\n\t\t<\/div>\n\t\t\t\t<div class=\"elementor-column elementor-col-50 elementor-top-column elementor-element elementor-element-aebc475\" data-id=\"aebc475\" data-element_type=\"column\" data-e-type=\"column\">\n\t\t\t<div class=\"elementor-widget-wrap elementor-element-populated\">\n\t\t\t\t\t\t<div class=\"elementor-element elementor-element-7957647 elementor-widget elementor-widget-image\" data-id=\"7957647\" data-element_type=\"widget\" data-e-type=\"widget\" data-widget_type=\"image.default\">\n\t\t\t\t\t\t\t\t\t\t\t\t\t\t\t<img fetchpriority=\"high\" decoding=\"async\" width=\"1024\" height=\"683\" src=\"https:\/\/secretstudioprod.com\/wp-content\/uploads\/2025\/01\/placeholder-44-1024x683.png\" class=\"attachment-large size-large wp-image-979\" alt=\"\" srcset=\"https:\/\/secretstudioprod.com\/wp-content\/uploads\/2025\/01\/placeholder-44-1024x683.png 1024w, https:\/\/secretstudioprod.com\/wp-content\/uploads\/2025\/01\/placeholder-44-300x200.png 300w, https:\/\/secretstudioprod.com\/wp-content\/uploads\/2025\/01\/placeholder-44-768x512.png 768w, https:\/\/secretstudioprod.com\/wp-content\/uploads\/2025\/01\/placeholder-44-18x12.png 18w, https:\/\/secretstudioprod.com\/wp-content\/uploads\/2025\/01\/placeholder-44.png 1200w\" sizes=\"(max-width: 1024px) 100vw, 1024px\" \/>\t\t\t\t\t\t\t\t\t\t\t\t\t\t\t<\/div>\n\t\t\t\t\t<\/div>\n\t\t<\/div>\n\t\t\t\t\t<\/div>\n\t\t<\/section>\n\t\t\t\t<section class=\"elementor-section elementor-top-section elementor-element elementor-element-cd26c5c elementor-section-stretched elementor-section-boxed elementor-section-height-default elementor-section-height-default wpr-particle-no wpr-jarallax-no wpr-parallax-no wpr-sticky-section-no wpr-equal-height-no\" data-id=\"cd26c5c\" data-element_type=\"section\" data-e-type=\"section\" data-settings=\"{&quot;background_background&quot;:&quot;classic&quot;,&quot;stretch_section&quot;:&quot;section-stretched&quot;,&quot;shape_divider_top&quot;:&quot;triangle-asymmetrical&quot;}\">\n\t\t\t\t\t<div class=\"elementor-shape elementor-shape-top\" aria-hidden=\"true\" data-negative=\"false\">\n\t\t\t<svg xmlns=\"http:\/\/www.w3.org\/2000\/svg\" viewbox=\"0 0 1000 100\" preserveaspectratio=\"none\">\n\t<path class=\"elementor-shape-fill\" d=\"M738,99l262-93V0H0v5.6L738,99z\"\/>\n<\/svg>\t\t<\/div>\n\t\t\t\t\t<div class=\"elementor-container elementor-column-gap-default\">\n\t\t\t\t\t<div class=\"elementor-column elementor-col-50 elementor-top-column elementor-element elementor-element-06544d2\" data-id=\"06544d2\" data-element_type=\"column\" data-e-type=\"column\">\n\t\t\t<div class=\"elementor-widget-wrap elementor-element-populated\">\n\t\t\t\t\t\t<div class=\"elementor-element elementor-element-8793be9 elementor-widget elementor-widget-image\" data-id=\"8793be9\" data-element_type=\"widget\" data-e-type=\"widget\" data-widget_type=\"image.default\">\n\t\t\t\t\t\t\t\t\t\t\t\t\t\t\t<img decoding=\"async\" width=\"1200\" height=\"800\" src=\"https:\/\/secretstudioprod.com\/wp-content\/uploads\/2025\/01\/placeholder-44.png\" class=\"attachment-full size-full wp-image-979\" alt=\"\" srcset=\"https:\/\/secretstudioprod.com\/wp-content\/uploads\/2025\/01\/placeholder-44.png 1200w, https:\/\/secretstudioprod.com\/wp-content\/uploads\/2025\/01\/placeholder-44-300x200.png 300w, https:\/\/secretstudioprod.com\/wp-content\/uploads\/2025\/01\/placeholder-44-1024x683.png 1024w, https:\/\/secretstudioprod.com\/wp-content\/uploads\/2025\/01\/placeholder-44-768x512.png 768w, https:\/\/secretstudioprod.com\/wp-content\/uploads\/2025\/01\/placeholder-44-18x12.png 18w\" sizes=\"(max-width: 1200px) 100vw, 1200px\" \/>\t\t\t\t\t\t\t\t\t\t\t\t\t\t\t<\/div>\n\t\t\t\t\t<\/div>\n\t\t<\/div>\n\t\t\t\t<div class=\"elementor-column elementor-col-50 elementor-top-column elementor-element elementor-element-f21a04e\" data-id=\"f21a04e\" data-element_type=\"column\" data-e-type=\"column\">\n\t\t\t<div class=\"elementor-widget-wrap elementor-element-populated\">\n\t\t\t\t\t\t<div class=\"elementor-element elementor-element-9775c5c elementor-widget elementor-widget-heading\" data-id=\"9775c5c\" data-element_type=\"widget\" data-e-type=\"widget\" data-widget_type=\"heading.default\">\n\t\t\t\t\t<h2 class=\"elementor-heading-title elementor-size-default\">Des Solutions \u00c9volutives \u2013 De la Petite Conf\u00e9rence au Grand Congr\u00e8s, Secret Studio Prod R\u00e9alise Tout<\/h2>\t\t\t\t<\/div>\n\t\t\t\t<div class=\"elementor-element elementor-element-b34fbfe elementor-widget elementor-widget-text-editor\" data-id=\"b34fbfe\" data-element_type=\"widget\" data-e-type=\"widget\" data-widget_type=\"text-editor.default\">\n\t\t\t\t\t\t\t\t\t<p data-start=\"1302\" data-end=\"1458\">Chez <strong data-start=\"1307\" data-end=\"1329\">At Secret Studio Prod<\/strong>, nous mettons un point d\u2019honneur \u00e0 cr\u00e9er des exp\u00e9riences qui \u00e9tablissent une connexion \u00e9motionnelle forte avec votre audience.<\/p><p data-start=\"1460\" data-end=\"1586\">Nous prenons votre message et le transformons en <strong data-start=\"1509\" data-end=\"1557\">exp\u00e9riences immersives et tridimensionnelles<\/strong> qui captivent et engagent.<\/p><p data-start=\"1588\" data-end=\"1780\">Gr\u00e2ce \u00e0 une collaboration \u00e9troite avec nos clients, nous garantissons le <strong data-start=\"1661\" data-end=\"1688\">succ\u00e8s de chaque projet<\/strong> et mettons en valeur les atouts de votre marque pour maximiser l\u2019impact de votre message.<\/p><p data-start=\"1782\" data-end=\"2039\"><strong data-start=\"1782\" data-end=\"1804\">At Secret Studio Prod<\/strong> propose une large gamme de <strong data-start=\"1832\" data-end=\"1867\">mat\u00e9riel audio-visuel de pointe<\/strong>, combin\u00e9e \u00e0 nos <strong data-start=\"1884\" data-end=\"1919\">services de production cr\u00e9ative<\/strong>, pour vous assurer que chaque \u00e9v\u00e9nement, qu\u2019il s\u2019agisse de congr\u00e8s ou de s\u00e9minaires, soit une <strong data-start=\"2014\" data-end=\"2036\">r\u00e9ussite m\u00e9morable<\/strong>.<\/p><p data-start=\"2041\" data-end=\"2196\">Nous cr\u00e9ons des <strong data-start=\"2057\" data-end=\"2081\">solutions sur mesure<\/strong> qui s\u2019adaptent \u00e0 vos <strong data-start=\"2103\" data-end=\"2126\">besoins sp\u00e9cifiques<\/strong>, garantissant un <strong data-start=\"2144\" data-end=\"2164\">message puissant<\/strong> et une <strong data-start=\"2172\" data-end=\"2193\">exp\u00e9rience unique<\/strong>.<\/p>\t\t\t\t\t\t\t\t<\/div>\n\t\t\t\t\t<\/div>\n\t\t<\/div>\n\t\t\t\t\t<\/div>\n\t\t<\/section>\n\t\t\t\t<\/div>","protected":false},"excerpt":{"rendered":"<p>Location de mat\u00e9riel AV pour \u00e9v\u00e9nements \u00e0 Marrakech &#8211; Secret Studio Prod Solutions audiovisuelles pour vos \u00e9v\u00e9nements \u00e0 Marrakech Chez Secret Studio Prod, nous mettons \u00e0 votre disposition une large gamme de solutions audiovisuelles pour vos \u00e9v\u00e9nements \u00e0 Marrakech, des conf\u00e9rences aux \u00e9v\u00e9nements priv\u00e9s. Forts de notre expertise en gestion d&rsquo;\u00e9v\u00e9nements, nous proposons : \u00c9crans LED Syst\u00e8mes de sonorisation professionnels Solutions de projection innovantes Que ce soit pour une conf\u00e9rence, un s\u00e9minaire ou un mariage, notre \u00e9quipe sp\u00e9cialis\u00e9e dans la location de mat\u00e9riel AV vous accompagne \u00e0 chaque \u00e9tape : Livraison Installation Exploitation D\u00e9montage Nous travaillons avec les meilleurs fournisseurs pour vous offrir des \u00e9quipements de qualit\u00e9 sup\u00e9rieure, adapt\u00e9s \u00e0 vos besoins et \u00e0 votre budget. Avec Secret Studio Prod, vos \u00e9v\u00e9nements \u00e0 Marrakech sont entre de bonnes mains pour un r\u00e9sultat sans faille Des Solutions \u00c9volutives \u2013 De la Petite Conf\u00e9rence au Grand Congr\u00e8s, Secret Studio Prod R\u00e9alise Tout Chez Secret Studio Prod, nous mettons un point d\u2019honneur \u00e0 cr\u00e9er des exp\u00e9riences qui \u00e9tablissent une connexion \u00e9motionnelle forte avec votre audience. Nous prenons votre message et le transformons en exp\u00e9riences immersives et tridimensionnelles qui captivent et engagent. Gr\u00e2ce \u00e0 une collaboration \u00e9troite avec nos clients, nous garantissons le succ\u00e8s de chaque projet et mettons en valeur les atouts de votre marque pour maximiser l\u2019impact de votre message. Secret Studio Prod propose une large gamme de mat\u00e9riel audio-visuel de pointe, combin\u00e9e \u00e0 nos services de production cr\u00e9ative, pour vous assurer que chaque \u00e9v\u00e9nement, qu\u2019il s\u2019agisse de congr\u00e8s ou de s\u00e9minaires, soit une r\u00e9ussite m\u00e9morable. Nous cr\u00e9ons des solutions sur mesure qui s\u2019adaptent \u00e0 vos besoins sp\u00e9cifiques, garantissant un message puissant et une exp\u00e9rience unique.<\/p>","protected":false},"author":1,"featured_media":0,"parent":0,"menu_order":0,"comment_status":"closed","ping_status":"closed","template":"elementor_header_footer","meta":{"site-sidebar-layout":"no-sidebar","site-content-layout":"","ast-site-content-layout":"full-width-container","site-content-style":"default","site-sidebar-style":"default","ast-global-header-display":"","ast-banner-title-visibility":"","ast-main-header-display":"","ast-hfb-above-header-display":"","ast-hfb-below-header-display":"","ast-hfb-mobile-header-display":"","site-post-title":"disabled","ast-breadcrumbs-content":"","ast-featured-img":"disabled","footer-sml-layout":"","ast-disable-related-posts":"","theme-transparent-header-meta":"","adv-header-id-meta":"","stick-header-meta":"","header-above-stick-meta":"","header-main-stick-meta":"","header-below-stick-meta":"","astra-migrate-meta-layouts":"default","ast-page-background-enabled":"default","ast-page-background-meta":{"desktop":{"background-color":"var(--ast-global-color-4)","background-image":"","background-repeat":"repeat","background-position":"center center","background-size":"auto","background-attachment":"scroll","background-type":"","background-media":"","overlay-type":"","overlay-color":"","overlay-opacity":"","overlay-gradient":""},"tablet":{"background-color":"","background-image":"","background-repeat":"repeat","background-position":"center center","background-size":"auto","background-attachment":"scroll","background-type":"","background-media":"","overlay-type":"","overlay-color":"","overlay-opacity":"","overlay-gradient":""},"mobile":{"background-color":"","background-image":"","background-repeat":"repeat","background-position":"center center","background-size":"auto","background-attachment":"scroll","background-type":"","background-media":"","overlay-type":"","overlay-color":"","overlay-opacity":"","overlay-gradient":""}},"ast-content-background-meta":{"desktop":{"background-color":"var(--ast-global-color-5)","background-image":"","background-repeat":"repeat","background-position":"center center","background-size":"auto","background-attachment":"scroll","background-type":"","background-media":"","overlay-type":"","overlay-color":"","overlay-opacity":"","overlay-gradient":""},"tablet":{"background-color":"var(--ast-global-color-5)","background-image":"","background-repeat":"repeat","background-position":"center center","background-size":"auto","background-attachment":"scroll","background-type":"","background-media":"","overlay-type":"","overlay-color":"","overlay-opacity":"","overlay-gradient":""},"mobile":{"background-color":"var(--ast-global-color-5)","background-image":"","background-repeat":"repeat","background-position":"center center","background-size":"auto","background-attachment":"scroll","background-type":"","background-media":"","overlay-type":"","overlay-color":"","overlay-opacity":"","overlay-gradient":""}},"footnotes":""},"class_list":["post-1127","page","type-page","status-publish","hentry"],"_links":{"self":[{"href":"https:\/\/secretstudioprod.com\/en\/wp-json\/wp\/v2\/pages\/1127","targetHints":{"allow":["GET"]}}],"collection":[{"href":"https:\/\/secretstudioprod.com\/en\/wp-json\/wp\/v2\/pages"}],"about":[{"href":"https:\/\/secretstudioprod.com\/en\/wp-json\/wp\/v2\/types\/page"}],"author":[{"embeddable":true,"href":"https:\/\/secretstudioprod.com\/en\/wp-json\/wp\/v2\/users\/1"}],"replies":[{"embeddable":true,"href":"https:\/\/secretstudioprod.com\/en\/wp-json\/wp\/v2\/comments?post=1127"}],"version-history":[{"count":9,"href":"https:\/\/secretstudioprod.com\/en\/wp-json\/wp\/v2\/pages\/1127\/revisions"}],"predecessor-version":[{"id":1324,"href":"https:\/\/secretstudioprod.com\/en\/wp-json\/wp\/v2\/pages\/1127\/revisions\/1324"}],"wp:attachment":[{"href":"https:\/\/secretstudioprod.com\/en\/wp-json\/wp\/v2\/media?parent=1127"}],"curies":[{"name":"wp","href":"https:\/\/api.w.org\/{rel}","templated":true}]}}