{"id":1153,"date":"2025-03-20T02:03:17","date_gmt":"2025-03-20T02:03:17","guid":{"rendered":"https:\/\/secretstudioprod.com\/?page_id=1153"},"modified":"2025-04-14T13:25:00","modified_gmt":"2025-04-14T13:25:00","slug":"ecran-salle-de-conference","status":"publish","type":"page","link":"https:\/\/secretstudioprod.com\/en\/ecran-salle-de-conference\/","title":{"rendered":"\u00c9cran Salle de conf\u00e9rence"},"content":{"rendered":"<div data-elementor-type=\"wp-page\" data-elementor-id=\"1153\" class=\"elementor elementor-1153\">\n\t\t\t\t\t\t<section class=\"elementor-section elementor-top-section elementor-element elementor-element-5c72c54 elementor-section-stretched elementor-section-boxed elementor-section-height-default elementor-section-height-default wpr-particle-no wpr-jarallax-no wpr-parallax-no wpr-sticky-section-no wpr-equal-height-no\" data-id=\"5c72c54\" data-element_type=\"section\" data-e-type=\"section\" data-settings=\"{&quot;background_background&quot;:&quot;classic&quot;,&quot;stretch_section&quot;:&quot;section-stretched&quot;,&quot;shape_divider_bottom&quot;:&quot;triangle-asymmetrical&quot;}\">\n\t\t\t\t\t<div class=\"elementor-shape elementor-shape-bottom\" aria-hidden=\"true\" data-negative=\"false\">\n\t\t\t<svg xmlns=\"http:\/\/www.w3.org\/2000\/svg\" viewbox=\"0 0 1000 100\" preserveaspectratio=\"none\">\n\t<path class=\"elementor-shape-fill\" d=\"M738,99l262-93V0H0v5.6L738,99z\"\/>\n<\/svg>\t\t<\/div>\n\t\t\t\t\t<div class=\"elementor-container elementor-column-gap-default\">\n\t\t\t\t\t<div class=\"elementor-column elementor-col-100 elementor-top-column elementor-element elementor-element-6f9d5be\" data-id=\"6f9d5be\" data-element_type=\"column\" data-e-type=\"column\">\n\t\t\t<div class=\"elementor-widget-wrap elementor-element-populated\">\n\t\t\t\t\t\t<div class=\"elementor-element elementor-element-4cbd16e elementor-widget elementor-widget-heading\" data-id=\"4cbd16e\" data-element_type=\"widget\" data-e-type=\"widget\" data-widget_type=\"heading.default\">\n\t\t\t\t\t<h2 class=\"elementor-heading-title elementor-size-default\">\u00c9cran Salle de conf\u00e9rence<\/h2>\t\t\t\t<\/div>\n\t\t\t\t\t<\/div>\n\t\t<\/div>\n\t\t\t\t\t<\/div>\n\t\t<\/section>\n\t\t\t\t<section class=\"elementor-section elementor-top-section elementor-element elementor-element-0f47b51 elementor-section-stretched elementor-reverse-mobile elementor-reverse-tablet elementor-section-boxed elementor-section-height-default elementor-section-height-default wpr-particle-no wpr-jarallax-no wpr-parallax-no wpr-sticky-section-no wpr-equal-height-no\" data-id=\"0f47b51\" data-element_type=\"section\" data-e-type=\"section\" data-settings=\"{&quot;background_background&quot;:&quot;classic&quot;,&quot;stretch_section&quot;:&quot;section-stretched&quot;}\">\n\t\t\t\t\t\t<div class=\"elementor-container elementor-column-gap-default\">\n\t\t\t\t\t<div class=\"elementor-column elementor-col-50 elementor-top-column elementor-element elementor-element-43ae727\" data-id=\"43ae727\" data-element_type=\"column\" data-e-type=\"column\">\n\t\t\t<div class=\"elementor-widget-wrap elementor-element-populated\">\n\t\t\t\t\t\t<div class=\"elementor-element elementor-element-b2aca98 elementor-widget elementor-widget-heading\" data-id=\"b2aca98\" data-element_type=\"widget\" data-e-type=\"widget\" data-widget_type=\"heading.default\">\n\t\t\t\t\t<h2 class=\"elementor-heading-title elementor-size-default\">Un \u00e9cran pour salle de conf\u00e9rence : adaptez librement l\u2019affichage<\/h2>\t\t\t\t<\/div>\n\t\t\t\t<div class=\"elementor-element elementor-element-8e14180 elementor-widget elementor-widget-text-editor\" data-id=\"8e14180\" data-element_type=\"widget\" data-e-type=\"widget\" data-widget_type=\"text-editor.default\">\n\t\t\t\t\t\t\t\t\t<p data-start=\"125\" data-end=\"343\">Il existe une grande vari\u00e9t\u00e9 d\u2019\u00e9crans disponibles sur le march\u00e9, sp\u00e9cialement con\u00e7us pour les salles de conf\u00e9rence. Notre large gamme d\u2019\u00e9crans propose des solutions adapt\u00e9es \u00e0 vos besoins sp\u00e9cifiques et \u00e0 votre budget.<\/p><p data-start=\"345\" data-end=\"577\">Nos \u00e9crans g\u00e9ants sont sans bordures, offrant ainsi un affichage fluide et homog\u00e8ne sur un grand \u00e9cran sur-mesure. Cette technologie est particuli\u00e8rement utile pour partager des images ou des vid\u00e9os n\u00e9cessitant une haute d\u00e9finition.<\/p><p data-start=\"579\" data-end=\"909\">De plus, l\u2019\u00e9cran LED peut \u00eatre divis\u00e9 en plusieurs fen\u00eatres, ce qui permet de diffuser simultan\u00e9ment des vid\u00e9os, des images, des graphiques et bien plus encore. Bien qu\u2019un mur d\u2019images puisse \u00eatre g\u00e9r\u00e9 via des logiciels et interfaces sp\u00e9cialis\u00e9s, il est \u00e9galement possible de contr\u00f4ler directement un mur LED depuis un ordinateur.<\/p><p data-start=\"911\" data-end=\"1037\">Cela vous permet de faire une capture d\u2019\u00e9cran de votre PC et de diffuser facilement des vid\u00e9os ou des pr\u00e9sentations en direct.<\/p>\t\t\t\t\t\t\t\t<\/div>\n\t\t\t\t\t<\/div>\n\t\t<\/div>\n\t\t\t\t<div class=\"elementor-column elementor-col-50 elementor-top-column elementor-element elementor-element-aebc475\" data-id=\"aebc475\" data-element_type=\"column\" data-e-type=\"column\">\n\t\t\t<div class=\"elementor-widget-wrap elementor-element-populated\">\n\t\t\t\t\t\t<div class=\"elementor-element elementor-element-7957647 elementor-widget elementor-widget-image\" data-id=\"7957647\" data-element_type=\"widget\" data-e-type=\"widget\" data-widget_type=\"image.default\">\n\t\t\t\t\t\t\t\t\t\t\t\t\t\t\t<img fetchpriority=\"high\" decoding=\"async\" width=\"1024\" height=\"576\" src=\"https:\/\/secretstudioprod.com\/wp-content\/uploads\/2025\/04\/ecran-pour-salle-de-conference-1024x576.jpg\" class=\"attachment-large size-large wp-image-1187\" alt=\"\" srcset=\"https:\/\/secretstudioprod.com\/wp-content\/uploads\/2025\/04\/ecran-pour-salle-de-conference-1024x576.jpg 1024w, https:\/\/secretstudioprod.com\/wp-content\/uploads\/2025\/04\/ecran-pour-salle-de-conference-300x169.jpg 300w, https:\/\/secretstudioprod.com\/wp-content\/uploads\/2025\/04\/ecran-pour-salle-de-conference-768x432.jpg 768w, https:\/\/secretstudioprod.com\/wp-content\/uploads\/2025\/04\/ecran-pour-salle-de-conference-1536x864.jpg 1536w, https:\/\/secretstudioprod.com\/wp-content\/uploads\/2025\/04\/ecran-pour-salle-de-conference-18x10.jpg 18w, https:\/\/secretstudioprod.com\/wp-content\/uploads\/2025\/04\/ecran-pour-salle-de-conference.jpg 1920w\" sizes=\"(max-width: 1024px) 100vw, 1024px\" \/>\t\t\t\t\t\t\t\t\t\t\t\t\t\t\t<\/div>\n\t\t\t\t\t<\/div>\n\t\t<\/div>\n\t\t\t\t\t<\/div>\n\t\t<\/section>\n\t\t\t\t<section class=\"elementor-section elementor-top-section elementor-element elementor-element-cd26c5c elementor-section-stretched elementor-section-boxed elementor-section-height-default elementor-section-height-default wpr-particle-no wpr-jarallax-no wpr-parallax-no wpr-sticky-section-no wpr-equal-height-no\" data-id=\"cd26c5c\" data-element_type=\"section\" data-e-type=\"section\" data-settings=\"{&quot;background_background&quot;:&quot;classic&quot;,&quot;stretch_section&quot;:&quot;section-stretched&quot;,&quot;shape_divider_top&quot;:&quot;triangle-asymmetrical&quot;,&quot;shape_divider_bottom&quot;:&quot;triangle-asymmetrical&quot;}\">\n\t\t\t\t\t<div class=\"elementor-shape elementor-shape-top\" aria-hidden=\"true\" data-negative=\"false\">\n\t\t\t<svg xmlns=\"http:\/\/www.w3.org\/2000\/svg\" viewbox=\"0 0 1000 100\" preserveaspectratio=\"none\">\n\t<path class=\"elementor-shape-fill\" d=\"M738,99l262-93V0H0v5.6L738,99z\"\/>\n<\/svg>\t\t<\/div>\n\t\t\t\t<div class=\"elementor-shape elementor-shape-bottom\" aria-hidden=\"true\" data-negative=\"false\">\n\t\t\t<svg xmlns=\"http:\/\/www.w3.org\/2000\/svg\" viewbox=\"0 0 1000 100\" preserveaspectratio=\"none\">\n\t<path class=\"elementor-shape-fill\" d=\"M738,99l262-93V0H0v5.6L738,99z\"\/>\n<\/svg>\t\t<\/div>\n\t\t\t\t\t<div class=\"elementor-container elementor-column-gap-default\">\n\t\t\t\t\t<div class=\"elementor-column elementor-col-50 elementor-top-column elementor-element elementor-element-06544d2\" data-id=\"06544d2\" data-element_type=\"column\" data-e-type=\"column\">\n\t\t\t<div class=\"elementor-widget-wrap elementor-element-populated\">\n\t\t\t\t\t\t<div class=\"elementor-element elementor-element-8793be9 elementor-widget elementor-widget-image\" data-id=\"8793be9\" data-element_type=\"widget\" data-e-type=\"widget\" data-widget_type=\"image.default\">\n\t\t\t\t\t\t\t\t\t\t\t\t\t\t\t<img decoding=\"async\" width=\"1920\" height=\"1440\" src=\"https:\/\/secretstudioprod.com\/wp-content\/uploads\/2025\/04\/ecran-geant-salle-de-conseil-mur-led-salle-de-reunion-ecran-grande-taille-conference-2k-3k-4k-1.webp\" class=\"attachment-full size-full wp-image-1188\" alt=\"\" srcset=\"https:\/\/secretstudioprod.com\/wp-content\/uploads\/2025\/04\/ecran-geant-salle-de-conseil-mur-led-salle-de-reunion-ecran-grande-taille-conference-2k-3k-4k-1.webp 1920w, https:\/\/secretstudioprod.com\/wp-content\/uploads\/2025\/04\/ecran-geant-salle-de-conseil-mur-led-salle-de-reunion-ecran-grande-taille-conference-2k-3k-4k-1-300x225.webp 300w, https:\/\/secretstudioprod.com\/wp-content\/uploads\/2025\/04\/ecran-geant-salle-de-conseil-mur-led-salle-de-reunion-ecran-grande-taille-conference-2k-3k-4k-1-1024x768.webp 1024w, https:\/\/secretstudioprod.com\/wp-content\/uploads\/2025\/04\/ecran-geant-salle-de-conseil-mur-led-salle-de-reunion-ecran-grande-taille-conference-2k-3k-4k-1-768x576.webp 768w, https:\/\/secretstudioprod.com\/wp-content\/uploads\/2025\/04\/ecran-geant-salle-de-conseil-mur-led-salle-de-reunion-ecran-grande-taille-conference-2k-3k-4k-1-1536x1152.webp 1536w, https:\/\/secretstudioprod.com\/wp-content\/uploads\/2025\/04\/ecran-geant-salle-de-conseil-mur-led-salle-de-reunion-ecran-grande-taille-conference-2k-3k-4k-1-16x12.webp 16w\" sizes=\"(max-width: 1920px) 100vw, 1920px\" \/>\t\t\t\t\t\t\t\t\t\t\t\t\t\t\t<\/div>\n\t\t\t\t\t<\/div>\n\t\t<\/div>\n\t\t\t\t<div class=\"elementor-column elementor-col-50 elementor-top-column elementor-element elementor-element-f21a04e\" data-id=\"f21a04e\" data-element_type=\"column\" data-e-type=\"column\">\n\t\t\t<div class=\"elementor-widget-wrap elementor-element-populated\">\n\t\t\t\t\t\t<div class=\"elementor-element elementor-element-9775c5c elementor-widget elementor-widget-heading\" data-id=\"9775c5c\" data-element_type=\"widget\" data-e-type=\"widget\" data-widget_type=\"heading.default\">\n\t\t\t\t\t<h2 class=\"elementor-heading-title elementor-size-default\">Un mur LED pour am\u00e9liorer votre syst\u00e8me de conf\u00e9rence<\/h2>\t\t\t\t<\/div>\n\t\t\t\t<div class=\"elementor-element elementor-element-b34fbfe elementor-widget elementor-widget-text-editor\" data-id=\"b34fbfe\" data-element_type=\"widget\" data-e-type=\"widget\" data-widget_type=\"text-editor.default\">\n\t\t\t\t\t\t\t\t\t<p data-start=\"113\" data-end=\"422\">Les r\u00e9unions en face \u00e0 face restent l\u2019une des m\u00e9thodes les plus efficaces pour faire avancer les affaires. Cependant, coordonner des horaires et g\u00e9rer les fuseaux horaires peut rapidement devenir un casse-t\u00eate. Gr\u00e2ce \u00e0 l\u2019interactivit\u00e9 d\u2019un mur vid\u00e9o, cette logistique compliqu\u00e9e appartient d\u00e9sormais au pass\u00e9.<\/p><p data-start=\"424\" data-end=\"548\">En plus d\u2019am\u00e9liorer l\u2019efficacit\u00e9 de vos r\u00e9unions \u00e0 distance, vous r\u00e9duirez consid\u00e9rablement vos frais de voyage d\u2019affaires.<\/p><p data-start=\"550\" data-end=\"767\">Les murs d\u2019\u00e9cran vid\u00e9o de Secret Studio \u00e0 Marrakech s&rsquo;engagent \u00e0 offrir des solutions de haute qualit\u00e9, l\u00e0 o\u00f9 de nombreuses alternatives concurrentes pr\u00e9sentent des r\u00e9solutions m\u00e9diocres ou des technologies obsol\u00e8tes.<\/p>\t\t\t\t\t\t\t\t<\/div>\n\t\t\t\t\t<\/div>\n\t\t<\/div>\n\t\t\t\t\t<\/div>\n\t\t<\/section>\n\t\t\t\t<section class=\"elementor-section elementor-top-section elementor-element elementor-element-b47c94e elementor-section-stretched elementor-reverse-mobile elementor-reverse-tablet elementor-section-boxed elementor-section-height-default elementor-section-height-default wpr-particle-no wpr-jarallax-no wpr-parallax-no wpr-sticky-section-no wpr-equal-height-no\" data-id=\"b47c94e\" data-element_type=\"section\" data-e-type=\"section\" data-settings=\"{&quot;background_background&quot;:&quot;classic&quot;,&quot;stretch_section&quot;:&quot;section-stretched&quot;}\">\n\t\t\t\t\t\t<div class=\"elementor-container elementor-column-gap-default\">\n\t\t\t\t\t<div class=\"elementor-column elementor-col-50 elementor-top-column elementor-element elementor-element-efb77e4\" data-id=\"efb77e4\" data-element_type=\"column\" data-e-type=\"column\">\n\t\t\t<div class=\"elementor-widget-wrap elementor-element-populated\">\n\t\t\t\t\t\t<div class=\"elementor-element elementor-element-ed75996 elementor-widget elementor-widget-heading\" data-id=\"ed75996\" data-element_type=\"widget\" data-e-type=\"widget\" data-widget_type=\"heading.default\">\n\t\t\t\t\t<h2 class=\"elementor-heading-title elementor-size-default\">Un \u00e9cran pour salle de conf\u00e9rence : une exp\u00e9rience connect\u00e9e<\/h2>\t\t\t\t<\/div>\n\t\t\t\t<div class=\"elementor-element elementor-element-56be4ea elementor-widget elementor-widget-text-editor\" data-id=\"56be4ea\" data-element_type=\"widget\" data-e-type=\"widget\" data-widget_type=\"text-editor.default\">\n\t\t\t\t\t\t\t\t\t<p data-start=\"120\" data-end=\"371\">Un \u00e9cran pour salle de conf\u00e9rence peut consid\u00e9rablement enrichir l\u2019exp\u00e9rience en permettant d\u2019afficher simultan\u00e9ment diff\u00e9rentes applications. Par exemple, vous pouvez ouvrir des documents dans une zone tout en dessinant des graphiques dans une autre.<\/p><p data-start=\"373\" data-end=\"531\">L\u2019int\u00e9gration d\u2019un syst\u00e8me de gestion de projet \u00e0 votre \u00e9cran permet aux utilisateurs de publier et de partager leurs notes de mani\u00e8re fluide et instantan\u00e9e.<\/p><p data-start=\"533\" data-end=\"813\">Les solutions de murs vid\u00e9o tactiles gagnent \u00e9galement en popularit\u00e9. Elles ajoutent une dimension interactive et collaborative suppl\u00e9mentaire \u00e0 votre salle de conf\u00e9rence. Un \u00e9cran g\u00e9ant tactile permet aux participants de modifier des documents et d&rsquo;autres contenus en temps r\u00e9el.<\/p><p data-start=\"815\" data-end=\"951\">Si vous souhaitez am\u00e9liorer votre exp\u00e9rience de conf\u00e9rence, visitez notre site web pour d\u00e9couvrir notre gamme de murs LED haut de gamme.<\/p>\t\t\t\t\t\t\t\t<\/div>\n\t\t\t\t\t<\/div>\n\t\t<\/div>\n\t\t\t\t<div class=\"elementor-column elementor-col-50 elementor-top-column elementor-element elementor-element-918bb85\" data-id=\"918bb85\" data-element_type=\"column\" data-e-type=\"column\">\n\t\t\t<div class=\"elementor-widget-wrap elementor-element-populated\">\n\t\t\t\t\t\t<div class=\"elementor-element elementor-element-e4fba84 elementor-widget elementor-widget-image\" data-id=\"e4fba84\" data-element_type=\"widget\" data-e-type=\"widget\" data-widget_type=\"image.default\">\n\t\t\t\t\t\t\t\t\t\t\t\t\t\t\t<img decoding=\"async\" width=\"1024\" height=\"682\" src=\"https:\/\/secretstudioprod.com\/wp-content\/uploads\/2025\/04\/Reunion-professionnelle-1024x682.jpg\" class=\"attachment-large size-large wp-image-1189\" alt=\"\" srcset=\"https:\/\/secretstudioprod.com\/wp-content\/uploads\/2025\/04\/Reunion-professionnelle-1024x682.jpg 1024w, https:\/\/secretstudioprod.com\/wp-content\/uploads\/2025\/04\/Reunion-professionnelle-300x200.jpg 300w, https:\/\/secretstudioprod.com\/wp-content\/uploads\/2025\/04\/Reunion-professionnelle-768x512.jpg 768w, https:\/\/secretstudioprod.com\/wp-content\/uploads\/2025\/04\/Reunion-professionnelle-1536x1024.jpg 1536w, https:\/\/secretstudioprod.com\/wp-content\/uploads\/2025\/04\/Reunion-professionnelle-18x12.jpg 18w, https:\/\/secretstudioprod.com\/wp-content\/uploads\/2025\/04\/Reunion-professionnelle.jpg 2000w\" sizes=\"(max-width: 1024px) 100vw, 1024px\" \/>\t\t\t\t\t\t\t\t\t\t\t\t\t\t\t<\/div>\n\t\t\t\t\t<\/div>\n\t\t<\/div>\n\t\t\t\t\t<\/div>\n\t\t<\/section>\n\t\t\t\t<\/div>","protected":false},"excerpt":{"rendered":"<p>\u00c9cran Salle de conf\u00e9rence Un \u00e9cran pour salle de conf\u00e9rence : adaptez librement l\u2019affichage Il existe une grande vari\u00e9t\u00e9 d\u2019\u00e9crans disponibles sur le march\u00e9, sp\u00e9cialement con\u00e7us pour les salles de conf\u00e9rence. Notre large gamme d\u2019\u00e9crans propose des solutions adapt\u00e9es \u00e0 vos besoins sp\u00e9cifiques et \u00e0 votre budget. Nos \u00e9crans g\u00e9ants sont sans bordures, offrant ainsi un affichage fluide et homog\u00e8ne sur un grand \u00e9cran sur-mesure. Cette technologie est particuli\u00e8rement utile pour partager des images ou des vid\u00e9os n\u00e9cessitant une haute d\u00e9finition. De plus, l\u2019\u00e9cran LED peut \u00eatre divis\u00e9 en plusieurs fen\u00eatres, ce qui permet de diffuser simultan\u00e9ment des vid\u00e9os, des images, des graphiques et bien plus encore. Bien qu\u2019un mur d\u2019images puisse \u00eatre g\u00e9r\u00e9 via des logiciels et interfaces sp\u00e9cialis\u00e9s, il est \u00e9galement possible de contr\u00f4ler directement un mur LED depuis un ordinateur. Cela vous permet de faire une capture d\u2019\u00e9cran de votre PC et de diffuser facilement des vid\u00e9os ou des pr\u00e9sentations en direct. Un mur LED pour am\u00e9liorer votre syst\u00e8me de conf\u00e9rence Les r\u00e9unions en face \u00e0 face restent l\u2019une des m\u00e9thodes les plus efficaces pour faire avancer les affaires. Cependant, coordonner des horaires et g\u00e9rer les fuseaux horaires peut rapidement devenir un casse-t\u00eate. Gr\u00e2ce \u00e0 l\u2019interactivit\u00e9 d\u2019un mur vid\u00e9o, cette logistique compliqu\u00e9e appartient d\u00e9sormais au pass\u00e9. En plus d\u2019am\u00e9liorer l\u2019efficacit\u00e9 de vos r\u00e9unions \u00e0 distance, vous r\u00e9duirez consid\u00e9rablement vos frais de voyage d\u2019affaires. Les murs d\u2019\u00e9cran vid\u00e9o de Secret Studio \u00e0 Marrakech s&rsquo;engagent \u00e0 offrir des solutions de haute qualit\u00e9, l\u00e0 o\u00f9 de nombreuses alternatives concurrentes pr\u00e9sentent des r\u00e9solutions m\u00e9diocres ou des technologies obsol\u00e8tes. Un \u00e9cran pour salle de conf\u00e9rence : une exp\u00e9rience connect\u00e9e Un \u00e9cran pour salle de conf\u00e9rence peut consid\u00e9rablement enrichir l\u2019exp\u00e9rience en permettant d\u2019afficher simultan\u00e9ment diff\u00e9rentes applications. Par exemple, vous pouvez ouvrir des documents dans une zone tout en dessinant des graphiques dans une autre. L\u2019int\u00e9gration d\u2019un syst\u00e8me de gestion de projet \u00e0 votre \u00e9cran permet aux utilisateurs de publier et de partager leurs notes de mani\u00e8re fluide et instantan\u00e9e. Les solutions de murs vid\u00e9o tactiles gagnent \u00e9galement en popularit\u00e9. Elles ajoutent une dimension interactive et collaborative suppl\u00e9mentaire \u00e0 votre salle de conf\u00e9rence. Un \u00e9cran g\u00e9ant tactile permet aux participants de modifier des documents et d&rsquo;autres contenus en temps r\u00e9el. Si vous souhaitez am\u00e9liorer votre exp\u00e9rience de conf\u00e9rence, visitez notre site web pour d\u00e9couvrir notre gamme de murs LED haut de gamme.<\/p>","protected":false},"author":1,"featured_media":0,"parent":0,"menu_order":0,"comment_status":"closed","ping_status":"closed","template":"elementor_header_footer","meta":{"site-sidebar-layout":"no-sidebar","site-content-layout":"","ast-site-content-layout":"full-width-container","site-content-style":"default","site-sidebar-style":"default","ast-global-header-display":"","ast-banner-title-visibility":"","ast-main-header-display":"","ast-hfb-above-header-display":"","ast-hfb-below-header-display":"","ast-hfb-mobile-header-display":"","site-post-title":"disabled","ast-breadcrumbs-content":"","ast-featured-img":"disabled","footer-sml-layout":"","ast-disable-related-posts":"","theme-transparent-header-meta":"","adv-header-id-meta":"","stick-header-meta":"","header-above-stick-meta":"","header-main-stick-meta":"","header-below-stick-meta":"","astra-migrate-meta-layouts":"default","ast-page-background-enabled":"default","ast-page-background-meta":{"desktop":{"background-color":"var(--ast-global-color-4)","background-image":"","background-repeat":"repeat","background-position":"center center","background-size":"auto","background-attachment":"scroll","background-type":"","background-media":"","overlay-type":"","overlay-color":"","overlay-opacity":"","overlay-gradient":""},"tablet":{"background-color":"","background-image":"","background-repeat":"repeat","background-position":"center center","background-size":"auto","background-attachment":"scroll","background-type":"","background-media":"","overlay-type":"","overlay-color":"","overlay-opacity":"","overlay-gradient":""},"mobile":{"background-color":"","background-image":"","background-repeat":"repeat","background-position":"center center","background-size":"auto","background-attachment":"scroll","background-type":"","background-media":"","overlay-type":"","overlay-color":"","overlay-opacity":"","overlay-gradient":""}},"ast-content-background-meta":{"desktop":{"background-color":"var(--ast-global-color-5)","background-image":"","background-repeat":"repeat","background-position":"center center","background-size":"auto","background-attachment":"scroll","background-type":"","background-media":"","overlay-type":"","overlay-color":"","overlay-opacity":"","overlay-gradient":""},"tablet":{"background-color":"var(--ast-global-color-5)","background-image":"","background-repeat":"repeat","background-position":"center center","background-size":"auto","background-attachment":"scroll","background-type":"","background-media":"","overlay-type":"","overlay-color":"","overlay-opacity":"","overlay-gradient":""},"mobile":{"background-color":"var(--ast-global-color-5)","background-image":"","background-repeat":"repeat","background-position":"center center","background-size":"auto","background-attachment":"scroll","background-type":"","background-media":"","overlay-type":"","overlay-color":"","overlay-opacity":"","overlay-gradient":""}},"footnotes":""},"class_list":["post-1153","page","type-page","status-publish","hentry"],"_links":{"self":[{"href":"https:\/\/secretstudioprod.com\/en\/wp-json\/wp\/v2\/pages\/1153","targetHints":{"allow":["GET"]}}],"collection":[{"href":"https:\/\/secretstudioprod.com\/en\/wp-json\/wp\/v2\/pages"}],"about":[{"href":"https:\/\/secretstudioprod.com\/en\/wp-json\/wp\/v2\/types\/page"}],"author":[{"embeddable":true,"href":"https:\/\/secretstudioprod.com\/en\/wp-json\/wp\/v2\/users\/1"}],"replies":[{"embeddable":true,"href":"https:\/\/secretstudioprod.com\/en\/wp-json\/wp\/v2\/comments?post=1153"}],"version-history":[{"count":10,"href":"https:\/\/secretstudioprod.com\/en\/wp-json\/wp\/v2\/pages\/1153\/revisions"}],"predecessor-version":[{"id":1327,"href":"https:\/\/secretstudioprod.com\/en\/wp-json\/wp\/v2\/pages\/1153\/revisions\/1327"}],"wp:attachment":[{"href":"https:\/\/secretstudioprod.com\/en\/wp-json\/wp\/v2\/media?parent=1153"}],"curies":[{"name":"wp","href":"https:\/\/api.w.org\/{rel}","templated":true}]}}