{"id":1279,"date":"2025-04-14T12:27:51","date_gmt":"2025-04-14T12:27:51","guid":{"rendered":"https:\/\/secretstudioprod.com\/?page_id=1279"},"modified":"2025-04-28T15:51:00","modified_gmt":"2025-04-28T15:51:00","slug":"systeme-dintercom","status":"publish","type":"page","link":"https:\/\/secretstudioprod.com\/en\/systeme-dintercom\/","title":{"rendered":"INTERCOM SYSTEM"},"content":{"rendered":"<div data-elementor-type=\"wp-page\" data-elementor-id=\"1279\" class=\"elementor elementor-1279\">\n\t\t\t\t\t\t<section class=\"elementor-section elementor-top-section elementor-element elementor-element-5c72c54 elementor-section-stretched elementor-section-boxed elementor-section-height-default elementor-section-height-default wpr-particle-no wpr-jarallax-no wpr-parallax-no wpr-sticky-section-no wpr-equal-height-no\" data-id=\"5c72c54\" data-element_type=\"section\" data-e-type=\"section\" data-settings=\"{&quot;background_background&quot;:&quot;classic&quot;,&quot;stretch_section&quot;:&quot;section-stretched&quot;,&quot;shape_divider_bottom&quot;:&quot;triangle-asymmetrical&quot;}\">\n\t\t\t\t\t<div class=\"elementor-shape elementor-shape-bottom\" aria-hidden=\"true\" data-negative=\"false\">\n\t\t\t<svg xmlns=\"http:\/\/www.w3.org\/2000\/svg\" viewbox=\"0 0 1000 100\" preserveaspectratio=\"none\">\n\t<path class=\"elementor-shape-fill\" d=\"M738,99l262-93V0H0v5.6L738,99z\"\/>\n<\/svg>\t\t<\/div>\n\t\t\t\t\t<div class=\"elementor-container elementor-column-gap-default\">\n\t\t\t\t\t<div class=\"elementor-column elementor-col-100 elementor-top-column elementor-element elementor-element-6f9d5be\" data-id=\"6f9d5be\" data-element_type=\"column\" data-e-type=\"column\">\n\t\t\t<div class=\"elementor-widget-wrap elementor-element-populated\">\n\t\t\t\t\t\t<div class=\"elementor-element elementor-element-1a5418a elementor-widget elementor-widget-heading\" data-id=\"1a5418a\" data-element_type=\"widget\" data-e-type=\"widget\" data-widget_type=\"heading.default\">\n\t\t\t\t\t<h1 class=\"elementor-heading-title elementor-size-default\">INTERCOM SYSTEM<\/h1>\t\t\t\t<\/div>\n\t\t\t\t<div class=\"elementor-element elementor-element-5c77937 elementor-widget elementor-widget-text-editor\" data-id=\"5c77937\" data-element_type=\"widget\" data-e-type=\"widget\" data-widget_type=\"text-editor.default\">\n\t\t\t\t\t\t\t\t\t<p>In the field of event management, an intercom system holds significant importance, particularly for large-scale events organized in Morocco, including Marrakech. At Secret Studio Prod, we offer professional intercom system rentals tailored to your needs, ensuring smooth internal communication and optimal coordination among teams.<\/p>\t\t\t\t\t\t\t\t<\/div>\n\t\t\t\t\t<\/div>\n\t\t<\/div>\n\t\t\t\t\t<\/div>\n\t\t<\/section>\n\t\t\t\t<section class=\"elementor-section elementor-top-section elementor-element elementor-element-0f47b51 elementor-section-stretched elementor-reverse-mobile elementor-reverse-tablet elementor-section-boxed elementor-section-height-default elementor-section-height-default wpr-particle-no wpr-jarallax-no wpr-parallax-no wpr-sticky-section-no wpr-equal-height-no\" data-id=\"0f47b51\" data-element_type=\"section\" data-e-type=\"section\" data-settings=\"{&quot;background_background&quot;:&quot;classic&quot;,&quot;stretch_section&quot;:&quot;section-stretched&quot;}\">\n\t\t\t\t\t\t<div class=\"elementor-container elementor-column-gap-default\">\n\t\t\t\t\t<div class=\"elementor-column elementor-col-50 elementor-top-column elementor-element elementor-element-43ae727\" data-id=\"43ae727\" data-element_type=\"column\" data-e-type=\"column\">\n\t\t\t<div class=\"elementor-widget-wrap elementor-element-populated\">\n\t\t\t\t\t\t<div class=\"elementor-element elementor-element-b2aca98 elementor-widget elementor-widget-heading\" data-id=\"b2aca98\" data-element_type=\"widget\" data-e-type=\"widget\" data-widget_type=\"heading.default\">\n\t\t\t\t\t<h2 class=\"elementor-heading-title elementor-size-default\">What is an Intercom System in Event Management?<\/h2>\t\t\t\t<\/div>\n\t\t\t\t<div class=\"elementor-element elementor-element-8e14180 elementor-widget elementor-widget-text-editor\" data-id=\"8e14180\" data-element_type=\"widget\" data-e-type=\"widget\" data-widget_type=\"text-editor.default\">\n\t\t\t\t\t\t\t\t\t<p>An intercom system is an essential communication tool that enables different teams involved in an event to stay connected in real-time. Whether it\u2019s the technical team, production control, reception, or security, this equipment facilitates instant information exchange and coordination of actions. With this system, every team can collaborate efficiently to ensure the event's success.<\/p>\t\t\t\t\t\t\t\t<\/div>\n\t\t\t\t\t<\/div>\n\t\t<\/div>\n\t\t\t\t<div class=\"elementor-column elementor-col-50 elementor-top-column elementor-element elementor-element-aebc475\" data-id=\"aebc475\" data-element_type=\"column\" data-e-type=\"column\">\n\t\t\t<div class=\"elementor-widget-wrap elementor-element-populated\">\n\t\t\t\t\t\t<div class=\"elementor-element elementor-element-7957647 elementor-widget elementor-widget-image\" data-id=\"7957647\" data-element_type=\"widget\" data-e-type=\"widget\" data-widget_type=\"image.default\">\n\t\t\t\t\t\t\t\t\t\t\t\t\t\t\t<img fetchpriority=\"high\" decoding=\"async\" width=\"1024\" height=\"993\" src=\"https:\/\/secretstudioprod.com\/wp-content\/uploads\/2025\/04\/569420-accessories-full-1-1024x993.jpg\" class=\"attachment-large size-large wp-image-1425\" alt=\"\" srcset=\"https:\/\/secretstudioprod.com\/wp-content\/uploads\/2025\/04\/569420-accessories-full-1-1024x993.jpg 1024w, https:\/\/secretstudioprod.com\/wp-content\/uploads\/2025\/04\/569420-accessories-full-1-300x291.jpg 300w, https:\/\/secretstudioprod.com\/wp-content\/uploads\/2025\/04\/569420-accessories-full-1-768x745.jpg 768w, https:\/\/secretstudioprod.com\/wp-content\/uploads\/2025\/04\/569420-accessories-full-1-1536x1490.jpg 1536w, https:\/\/secretstudioprod.com\/wp-content\/uploads\/2025\/04\/569420-accessories-full-1-scaled.jpg 2048w, https:\/\/secretstudioprod.com\/wp-content\/uploads\/2025\/04\/569420-accessories-full-1-12x12.jpg 12w\" sizes=\"(max-width: 1024px) 100vw, 1024px\" \/>\t\t\t\t\t\t\t\t\t\t\t\t\t\t\t<\/div>\n\t\t\t\t\t<\/div>\n\t\t<\/div>\n\t\t\t\t\t<\/div>\n\t\t<\/section>\n\t\t\t\t<section class=\"elementor-section elementor-top-section elementor-element elementor-element-cd26c5c elementor-section-stretched elementor-section-boxed elementor-section-height-default elementor-section-height-default wpr-particle-no wpr-jarallax-no wpr-parallax-no wpr-sticky-section-no wpr-equal-height-no\" data-id=\"cd26c5c\" data-element_type=\"section\" data-e-type=\"section\" data-settings=\"{&quot;background_background&quot;:&quot;classic&quot;,&quot;stretch_section&quot;:&quot;section-stretched&quot;,&quot;shape_divider_top&quot;:&quot;triangle-asymmetrical&quot;}\">\n\t\t\t\t\t<div class=\"elementor-shape elementor-shape-top\" aria-hidden=\"true\" data-negative=\"false\">\n\t\t\t<svg xmlns=\"http:\/\/www.w3.org\/2000\/svg\" viewbox=\"0 0 1000 100\" preserveaspectratio=\"none\">\n\t<path class=\"elementor-shape-fill\" d=\"M738,99l262-93V0H0v5.6L738,99z\"\/>\n<\/svg>\t\t<\/div>\n\t\t\t\t\t<div class=\"elementor-container elementor-column-gap-default\">\n\t\t\t\t\t<div class=\"elementor-column elementor-col-50 elementor-top-column elementor-element elementor-element-06544d2\" data-id=\"06544d2\" data-element_type=\"column\" data-e-type=\"column\">\n\t\t\t<div class=\"elementor-widget-wrap elementor-element-populated\">\n\t\t\t\t\t\t<div class=\"elementor-element elementor-element-8793be9 elementor-widget elementor-widget-image\" data-id=\"8793be9\" data-element_type=\"widget\" data-e-type=\"widget\" data-widget_type=\"image.default\">\n\t\t\t\t\t\t\t\t\t\t\t\t\t\t\t<img decoding=\"async\" width=\"1920\" height=\"1643\" src=\"https:\/\/secretstudioprod.com\/wp-content\/uploads\/2025\/04\/IMG_2875-2-scaled-e1745855228768.jpg\" class=\"attachment-full size-full wp-image-1423\" alt=\"\" srcset=\"https:\/\/secretstudioprod.com\/wp-content\/uploads\/2025\/04\/IMG_2875-2-scaled-e1745855228768.jpg 1920w, https:\/\/secretstudioprod.com\/wp-content\/uploads\/2025\/04\/IMG_2875-2-scaled-e1745855228768-300x257.jpg 300w, https:\/\/secretstudioprod.com\/wp-content\/uploads\/2025\/04\/IMG_2875-2-scaled-e1745855228768-1024x876.jpg 1024w, https:\/\/secretstudioprod.com\/wp-content\/uploads\/2025\/04\/IMG_2875-2-scaled-e1745855228768-768x657.jpg 768w, https:\/\/secretstudioprod.com\/wp-content\/uploads\/2025\/04\/IMG_2875-2-scaled-e1745855228768-1536x1314.jpg 1536w, https:\/\/secretstudioprod.com\/wp-content\/uploads\/2025\/04\/IMG_2875-2-scaled-e1745855228768-14x12.jpg 14w\" sizes=\"(max-width: 1920px) 100vw, 1920px\" \/>\t\t\t\t\t\t\t\t\t\t\t\t\t\t\t<\/div>\n\t\t\t\t\t<\/div>\n\t\t<\/div>\n\t\t\t\t<div class=\"elementor-column elementor-col-50 elementor-top-column elementor-element elementor-element-f21a04e\" data-id=\"f21a04e\" data-element_type=\"column\" data-e-type=\"column\">\n\t\t\t<div class=\"elementor-widget-wrap elementor-element-populated\">\n\t\t\t\t\t\t<div class=\"elementor-element elementor-element-9775c5c elementor-widget elementor-widget-heading\" data-id=\"9775c5c\" data-element_type=\"widget\" data-e-type=\"widget\" data-widget_type=\"heading.default\">\n\t\t\t\t\t<h2 class=\"elementor-heading-title elementor-size-default\">Why Choose an Intercom System in Morocco?<\/h2>\t\t\t\t<\/div>\n\t\t\t\t<div class=\"elementor-element elementor-element-b34fbfe elementor-widget elementor-widget-text-editor\" data-id=\"b34fbfe\" data-element_type=\"widget\" data-e-type=\"widget\" data-widget_type=\"text-editor.default\">\n\t\t\t\t\t\t\t\t\t<p>For professional or private events, an intercom system is crucial for ensuring rapid, clear, and continuous communication among all stakeholders. In Marrakech and across Morocco, renting intercom systems from Secret Studio Prod minimizes risks of errors, misunderstandings, or delays that could compromise the quality of your event.<\/p>\t\t\t\t\t\t\t\t<\/div>\n\t\t\t\t\t<\/div>\n\t\t<\/div>\n\t\t\t\t\t<\/div>\n\t\t<\/section>\n\t\t\t\t<section class=\"elementor-section elementor-top-section elementor-element elementor-element-71e84ec elementor-section-stretched elementor-section-boxed elementor-section-height-default elementor-section-height-default wpr-particle-no wpr-jarallax-no wpr-parallax-no wpr-sticky-section-no wpr-equal-height-no\" data-id=\"71e84ec\" data-element_type=\"section\" data-e-type=\"section\" data-settings=\"{&quot;background_background&quot;:&quot;classic&quot;,&quot;stretch_section&quot;:&quot;section-stretched&quot;}\">\n\t\t\t\t\t\t<div class=\"elementor-container elementor-column-gap-default\">\n\t\t\t\t\t<div class=\"elementor-column elementor-col-100 elementor-top-column elementor-element elementor-element-bd52c24\" data-id=\"bd52c24\" data-element_type=\"column\" data-e-type=\"column\">\n\t\t\t<div class=\"elementor-widget-wrap elementor-element-populated\">\n\t\t\t\t\t\t<div class=\"elementor-element elementor-element-90837ab content-align-cta-default elementor-widget elementor-widget-eael-cta-box\" data-id=\"90837ab\" data-element_type=\"widget\" data-e-type=\"widget\" data-widget_type=\"eael-cta-box.default\">\n\t\t\t\t\t\t\t<div class=\"eael-call-to-action cta-basic bg-lite cta-preset-1\">\n        <p>Our expertise in sound systems and technical event management in Morocco allows us to offer high-performance and reliable intercom systems. Whether for conferences, seminars, or weddings, we provide state-of-the-art equipment along with professional services to guarantee the success of your event.<\/p><p>Faites confiance \u00e0 <strong>At Secret Studio Prod<\/strong> Trust Secret Studio Prod for intercom system rentals in Morocco and ensure seamless coordination for your events in Marrakech and across the country.<\/p><a href=\"https:\/\/wa.me\/212669033011\" class=\"cta-button cta-preset-1\" target=\"_blank\" rel=\"noopener\"> Call us<\/a>\t<\/div>\n\t\t\t\t\t\t\t\t<\/div>\n\t\t\t\t\t<\/div>\n\t\t<\/div>\n\t\t\t\t\t<\/div>\n\t\t<\/section>\n\t\t\t\t<\/div>","protected":false},"excerpt":{"rendered":"<p>Syst\u00e8me d\u2019intercom Dans le domaine de l\u2019\u00e9v\u00e9nementiel, le syst\u00e8me d\u2019intercom rev\u00eat une importance capitale, en particulier pour les \u00e9v\u00e9nements de grande envergure organis\u00e9s au Maroc, notamment \u00e0 Marrakech. Chez Secret Studio Prod, nous proposons la location de syst\u00e8mes d\u2019intercom professionnels adapt\u00e9s \u00e0 vos besoins, garantissant une communication interne fluide et une coordination optimale entre les \u00e9quipes. Qu\u2019est-ce qu\u2019un syst\u00e8me d\u2019intercom dans l\u2019\u00e9v\u00e9nementiel ? Un syst\u00e8me d\u2019intercom est un outil de communication indispensable qui permet aux diff\u00e9rentes \u00e9quipes impliqu\u00e9es dans un \u00e9v\u00e9nement de rester connect\u00e9es en temps r\u00e9el. Que ce soit pour l\u2019\u00e9quipe technique, la r\u00e9gie, l\u2019accueil ou encore la s\u00e9curit\u00e9, cet \u00e9quipement facilite l\u2019\u00e9change instantan\u00e9 d\u2019informations et la coordination des actions. Gr\u00e2ce \u00e0 ce syst\u00e8me, chaque \u00e9quipe peut collaborer efficacement pour assurer le succ\u00e8s de l\u2019\u00e9v\u00e9nement. Pourquoi opter pour un syst\u00e8me d\u2019intercom au Maroc ? Lors d\u2019\u00e9v\u00e9nements professionnels ou priv\u00e9s, un syst\u00e8me d\u2019intercom est essentiel pour garantir une communication rapide, claire et continue entre tous les acteurs impliqu\u00e9s. \u00c0 Marrakech et dans tout le Maroc, la location d\u2019intercoms chez Secret Studio Prod permet de minimiser les risques d\u2019erreurs, les malentendus ou les retards qui pourraient compromettre la qualit\u00e9 de votre \u00e9v\u00e9nement. Notre expertise dans la sonorisation et la gestion technique d\u2019\u00e9v\u00e9nements au Maroc nous permet de vous proposer des syst\u00e8mes d\u2019intercom performants et fiables. Que ce soit pour des conf\u00e9rences, des s\u00e9minaires ou des mariages, nous mettons \u00e0 votre disposition un mat\u00e9riel de pointe, accompagn\u00e9 d\u2019un service professionnel pour garantir la r\u00e9ussite de votre \u00e9v\u00e9nement. Faites confiance \u00e0 Secret Studio Prod pour la location de syst\u00e8mes d\u2019intercom au Maroc et assurez une coordination sans faille pour vos \u00e9v\u00e9nements \u00e0 Marrakech et dans tout le pays. Appelez-nous<\/p>","protected":false},"author":1,"featured_media":0,"parent":0,"menu_order":0,"comment_status":"closed","ping_status":"closed","template":"elementor_header_footer","meta":{"site-sidebar-layout":"no-sidebar","site-content-layout":"","ast-site-content-layout":"full-width-container","site-content-style":"default","site-sidebar-style":"default","ast-global-header-display":"","ast-banner-title-visibility":"","ast-main-header-display":"","ast-hfb-above-header-display":"","ast-hfb-below-header-display":"","ast-hfb-mobile-header-display":"","site-post-title":"disabled","ast-breadcrumbs-content":"","ast-featured-img":"disabled","footer-sml-layout":"","ast-disable-related-posts":"","theme-transparent-header-meta":"","adv-header-id-meta":"","stick-header-meta":"","header-above-stick-meta":"","header-main-stick-meta":"","header-below-stick-meta":"","astra-migrate-meta-layouts":"default","ast-page-background-enabled":"default","ast-page-background-meta":{"desktop":{"background-color":"var(--ast-global-color-4)","background-image":"","background-repeat":"repeat","background-position":"center center","background-size":"auto","background-attachment":"scroll","background-type":"","background-media":"","overlay-type":"","overlay-color":"","overlay-opacity":"","overlay-gradient":""},"tablet":{"background-color":"","background-image":"","background-repeat":"repeat","background-position":"center center","background-size":"auto","background-attachment":"scroll","background-type":"","background-media":"","overlay-type":"","overlay-color":"","overlay-opacity":"","overlay-gradient":""},"mobile":{"background-color":"","background-image":"","background-repeat":"repeat","background-position":"center center","background-size":"auto","background-attachment":"scroll","background-type":"","background-media":"","overlay-type":"","overlay-color":"","overlay-opacity":"","overlay-gradient":""}},"ast-content-background-meta":{"desktop":{"background-color":"var(--ast-global-color-5)","background-image":"","background-repeat":"repeat","background-position":"center center","background-size":"auto","background-attachment":"scroll","background-type":"","background-media":"","overlay-type":"","overlay-color":"","overlay-opacity":"","overlay-gradient":""},"tablet":{"background-color":"var(--ast-global-color-5)","background-image":"","background-repeat":"repeat","background-position":"center center","background-size":"auto","background-attachment":"scroll","background-type":"","background-media":"","overlay-type":"","overlay-color":"","overlay-opacity":"","overlay-gradient":""},"mobile":{"background-color":"var(--ast-global-color-5)","background-image":"","background-repeat":"repeat","background-position":"center center","background-size":"auto","background-attachment":"scroll","background-type":"","background-media":"","overlay-type":"","overlay-color":"","overlay-opacity":"","overlay-gradient":""}},"footnotes":""},"class_list":["post-1279","page","type-page","status-publish","hentry"],"_links":{"self":[{"href":"https:\/\/secretstudioprod.com\/en\/wp-json\/wp\/v2\/pages\/1279","targetHints":{"allow":["GET"]}}],"collection":[{"href":"https:\/\/secretstudioprod.com\/en\/wp-json\/wp\/v2\/pages"}],"about":[{"href":"https:\/\/secretstudioprod.com\/en\/wp-json\/wp\/v2\/types\/page"}],"author":[{"embeddable":true,"href":"https:\/\/secretstudioprod.com\/en\/wp-json\/wp\/v2\/users\/1"}],"replies":[{"embeddable":true,"href":"https:\/\/secretstudioprod.com\/en\/wp-json\/wp\/v2\/comments?post=1279"}],"version-history":[{"count":21,"href":"https:\/\/secretstudioprod.com\/en\/wp-json\/wp\/v2\/pages\/1279\/revisions"}],"predecessor-version":[{"id":1429,"href":"https:\/\/secretstudioprod.com\/en\/wp-json\/wp\/v2\/pages\/1279\/revisions\/1429"}],"wp:attachment":[{"href":"https:\/\/secretstudioprod.com\/en\/wp-json\/wp\/v2\/media?parent=1279"}],"curies":[{"name":"wp","href":"https:\/\/api.w.org\/{rel}","templated":true}]}}