{"id":2737,"date":"2026-03-14T10:08:02","date_gmt":"2026-03-14T10:08:02","guid":{"rendered":"https:\/\/secretstudioprod.com\/?page_id=2737"},"modified":"2026-03-16T14:47:22","modified_gmt":"2026-03-16T14:47:22","slug":"location-materiel-dj-marrakech","status":"publish","type":"page","link":"https:\/\/secretstudioprod.com\/en\/location-materiel-dj-marrakech\/","title":{"rendered":"Location de mat\u00e9riel DJ \u00e0 Marrakech"},"content":{"rendered":"<div data-elementor-type=\"wp-page\" data-elementor-id=\"2737\" class=\"elementor elementor-2737\">\n\t\t\t\t<div class=\"elementor-element elementor-element-51635d0 e-flex e-con-boxed wpr-particle-no wpr-jarallax-no wpr-parallax-no wpr-sticky-section-no wpr-equal-height-no e-con e-parent\" data-id=\"51635d0\" data-element_type=\"container\" data-e-type=\"container\">\n\t\t\t\t\t<div class=\"e-con-inner\">\n\t\t<div class=\"elementor-element elementor-element-2e48c9d e-con-full e-flex wpr-particle-no wpr-jarallax-no wpr-parallax-no wpr-sticky-section-no wpr-equal-height-no e-con e-child\" data-id=\"2e48c9d\" data-element_type=\"container\" data-e-type=\"container\">\n\t\t<div class=\"elementor-element elementor-element-ba5490d e-con-full e-flex wpr-particle-no wpr-jarallax-no wpr-parallax-no wpr-sticky-section-no wpr-equal-height-no e-con e-child\" data-id=\"ba5490d\" data-element_type=\"container\" data-e-type=\"container\">\n\t\t\t\t<div class=\"elementor-element elementor-element-274ed0b elementor-widget elementor-widget-heading\" data-id=\"274ed0b\" data-element_type=\"widget\" data-e-type=\"widget\" data-widget_type=\"heading.default\">\n\t\t\t\t\t<h1 class=\"elementor-heading-title elementor-size-default\">Location de mat\u00e9riel DJ \u00e0 Marrakech<\/h1>\t\t\t\t<\/div>\n\t\t\t\t<div class=\"elementor-element elementor-element-f1a1760 elementor-widget elementor-widget-text-editor\" data-id=\"f1a1760\" data-element_type=\"widget\" data-e-type=\"widget\" data-widget_type=\"text-editor.default\">\n\t\t\t\t\t\t\t\t\t<p data-start=\"35\" data-end=\"459\">Vous pr\u00e9parez un \u00e9v\u00e9nement \u00e0 Marrakech et vous souhaitez offrir \u00e0 vos invit\u00e9s une ambiance musicale inoubliable ? Trouver un \u00e9quipement DJ fiable et performant est souvent l\u2019un des \u00e9l\u00e9ments cl\u00e9s pour r\u00e9ussir une soir\u00e9e. C\u2019est justement pour cela que notre service de DJ equipment rental Marrakech vous propose du mat\u00e9riel professionnel, pens\u00e9 pour garantir une qualit\u00e9 sonore optimale et une exp\u00e9rience musicale r\u00e9ussie.<\/p>\t\t\t\t\t\t\t\t<\/div>\n\t\t\t\t<div class=\"elementor-element elementor-element-030d137 elementor-widget elementor-widget-text-editor\" data-id=\"030d137\" data-element_type=\"widget\" data-e-type=\"widget\" data-widget_type=\"text-editor.default\">\n\t\t\t\t\t\t\t\t\t<p><a style=\"padding: 12px 20px; border-radius: 12px; border: 1px solid #467FF7; text-decoration: none; font-weight: bold; color: #467ff7 !important;\" href=\"\/en\/contact\/\" rel=\"noopener\">Demander un devis gratuit<\/a><\/p>\t\t\t\t\t\t\t\t<\/div>\n\t\t\t\t<\/div>\n\t\t\t\t<\/div>\n\t\t\t\t\t<\/div>\n\t\t\t\t<\/div>\n\t\t<div class=\"elementor-element elementor-element-4cdb38c e-flex e-con-boxed wpr-particle-no wpr-jarallax-no wpr-parallax-no wpr-sticky-section-no wpr-equal-height-no e-con e-parent\" data-id=\"4cdb38c\" data-element_type=\"container\" data-e-type=\"container\" data-settings=\"{&quot;shape_divider_top&quot;:&quot;triangle-asymmetrical&quot;}\">\n\t\t\t\t\t<div class=\"e-con-inner\">\n\t\t\t\t<div class=\"elementor-shape elementor-shape-top\" aria-hidden=\"true\" data-negative=\"false\">\n\t\t\t<svg xmlns=\"http:\/\/www.w3.org\/2000\/svg\" viewbox=\"0 0 1000 100\" preserveaspectratio=\"none\">\n\t<path class=\"elementor-shape-fill\" d=\"M738,99l262-93V0H0v5.6L738,99z\"\/>\n<\/svg>\t\t<\/div>\n\t\t<div class=\"elementor-element elementor-element-485f00c e-con-full e-flex wpr-particle-no wpr-jarallax-no wpr-parallax-no wpr-sticky-section-no wpr-equal-height-no e-con e-child\" data-id=\"485f00c\" data-element_type=\"container\" data-e-type=\"container\" data-settings=\"{&quot;background_background&quot;:&quot;classic&quot;,&quot;shape_divider_top&quot;:&quot;tilt&quot;}\">\n\t\t\t\t<div class=\"elementor-shape elementor-shape-top\" aria-hidden=\"true\" data-negative=\"false\">\n\t\t\t<svg xmlns=\"http:\/\/www.w3.org\/2000\/svg\" viewbox=\"0 0 1000 100\" preserveaspectratio=\"none\">\n\t<path class=\"elementor-shape-fill\" d=\"M0,6V0h1000v100L0,6z\"\/>\n<\/svg>\t\t<\/div>\n\t\t<div class=\"elementor-element elementor-element-174780c e-con-full e-flex wpr-particle-no wpr-jarallax-no wpr-parallax-no wpr-sticky-section-no wpr-equal-height-no e-con e-child\" data-id=\"174780c\" data-element_type=\"container\" data-e-type=\"container\">\n\t\t\t\t<div class=\"elementor-element elementor-element-183b531 elementor-widget-mobile__width-initial elementor-widget elementor-widget-image\" data-id=\"183b531\" data-element_type=\"widget\" data-e-type=\"widget\" data-widget_type=\"image.default\">\n\t\t\t\t\t\t\t\t\t\t\t\t\t\t\t<img fetchpriority=\"high\" decoding=\"async\" width=\"1536\" height=\"1024\" src=\"https:\/\/secretstudioprod.com\/wp-content\/uploads\/2026\/03\/94.jpg\" class=\"attachment-full size-full wp-image-2566\" alt=\"DJ equipment rental Marrakech\" srcset=\"https:\/\/secretstudioprod.com\/wp-content\/uploads\/2026\/03\/94.jpg 1536w, https:\/\/secretstudioprod.com\/wp-content\/uploads\/2026\/03\/94-300x200.jpg 300w, https:\/\/secretstudioprod.com\/wp-content\/uploads\/2026\/03\/94-1024x683.jpg 1024w, https:\/\/secretstudioprod.com\/wp-content\/uploads\/2026\/03\/94-768x512.jpg 768w, https:\/\/secretstudioprod.com\/wp-content\/uploads\/2026\/03\/94-18x12.jpg 18w\" sizes=\"(max-width: 1536px) 100vw, 1536px\" \/>\t\t\t\t\t\t\t\t\t\t\t\t\t\t\t<\/div>\n\t\t\t\t<div class=\"elementor-element elementor-element-7101509 elementor-hidden-tablet elementor-hidden-mobile elementor-widget elementor-widget-text-editor\" data-id=\"7101509\" data-element_type=\"widget\" data-e-type=\"widget\" data-widget_type=\"text-editor.default\">\n\t\t\t\t\t\t\t\t\t<h3 data-section-id=\"8es4ps\" data-start=\"854\" data-end=\"906\">Service professionnel de location DJ \u00e0 Marrakech<\/h3><p data-start=\"908\" data-end=\"1044\">Notre service de location de mat\u00e9riel DJ \u00e0 Marrakech permet d\u2019\u00e9quiper vos \u00e9v\u00e9nements avec du mat\u00e9riel audio et lumi\u00e8re de haute qualit\u00e9.<\/p><p data-start=\"1046\" data-end=\"1225\">Que vous organisiez un mariage, une f\u00eate priv\u00e9e ou un \u00e9v\u00e9nement professionnel, nous mettons \u00e0 votre disposition tout le mat\u00e9riel n\u00e9cessaire pour cr\u00e9er une ambiance exceptionnelle.<\/p><p data-start=\"1227\" data-end=\"1338\">Notre \u00e9quipe peut \u00e9galement assurer la livraison, l\u2019installation et l\u2019assistance technique pendant l\u2019\u00e9v\u00e9nement.<\/p>\t\t\t\t\t\t\t\t<\/div>\n\t\t\t\t<\/div>\n\t\t<div class=\"elementor-element elementor-element-a8489d6 e-con-full e-flex wpr-particle-no wpr-jarallax-no wpr-parallax-no wpr-sticky-section-no wpr-equal-height-no e-con e-child\" data-id=\"a8489d6\" data-element_type=\"container\" data-e-type=\"container\">\n\t\t\t\t<div class=\"elementor-element elementor-element-4b0504c elementor-widget elementor-widget-text-editor\" data-id=\"4b0504c\" data-element_type=\"widget\" data-e-type=\"widget\" data-widget_type=\"text-editor.default\">\n\t\t\t\t\t\t\t\t\t<h3 data-section-id=\"iibuxw\" data-start=\"1404\" data-end=\"1436\">Notre mat\u00e9riel DJ disponible<\/h3><p data-start=\"1438\" data-end=\"1492\">Nous proposons diff\u00e9rents \u00e9quipements professionnels :<\/p><ul data-start=\"1494\" data-end=\"1712\"><li data-section-id=\"a3lkp1\" data-start=\"1494\" data-end=\"1526\"><p data-start=\"1496\" data-end=\"1526\">Platines DJ professionnelles<\/p><\/li><li data-section-id=\"bj6ciz\" data-start=\"1527\" data-end=\"1545\"><p data-start=\"1529\" data-end=\"1545\">Contr\u00f4leurs DJ<\/p><\/li><li data-section-id=\"mcz7mj\" data-start=\"1546\" data-end=\"1566\"><p data-start=\"1548\" data-end=\"1566\">Tables de mixage<\/p><\/li><li data-section-id=\"1d01ji3\" data-start=\"1567\" data-end=\"1597\"><p data-start=\"1569\" data-end=\"1597\">Enceintes professionnelles<\/p><\/li><li data-section-id=\"1b5q0gp\" data-start=\"1598\" data-end=\"1612\"><p data-start=\"1600\" data-end=\"1612\">Subwoofers<\/p><\/li><li data-section-id=\"19qvmot\" data-start=\"1613\" data-end=\"1628\"><p data-start=\"1615\" data-end=\"1628\">Microphones<\/p><\/li><li data-section-id=\"eyafk4\" data-start=\"1629\" data-end=\"1642\"><p data-start=\"1631\" data-end=\"1642\">Cabine DJ<\/p><\/li><li data-section-id=\"1nsupga\" data-start=\"1643\" data-end=\"1660\"><p data-start=\"1645\" data-end=\"1660\">\u00c9clairage LED<\/p><\/li><li data-section-id=\"6ck024\" data-start=\"1661\" data-end=\"1681\"><p data-start=\"1663\" data-end=\"1681\">Machines \u00e0 fum\u00e9e<\/p><\/li><li data-section-id=\"vhx8l0\" data-start=\"1682\" data-end=\"1712\"><p data-start=\"1684\" data-end=\"1712\">Effets lumineux pour soir\u00e9es<\/p><\/li><\/ul>\t\t\t\t\t\t\t\t<\/div>\n\t\t\t\t<div class=\"elementor-element elementor-element-624aece elementor-hidden-desktop elementor-widget elementor-widget-text-editor\" data-id=\"624aece\" data-element_type=\"widget\" data-e-type=\"widget\" data-widget_type=\"text-editor.default\">\n\t\t\t\t\t\t\t\t\t<h3 data-section-id=\"akn591\" data-start=\"1778\" data-end=\"1814\">\u00c9v\u00e9nements que nous accompagnons<\/h3><p data-start=\"1816\" data-end=\"1885\">Notre service de location de mat\u00e9riel DJ \u00e0 Marrakech est id\u00e9al pour :<\/p><ul data-start=\"1887\" data-end=\"2073\"><li data-section-id=\"18zgpyn\" data-start=\"1887\" data-end=\"1899\"><p data-start=\"1889\" data-end=\"1899\">Mariages<\/p><\/li><li data-section-id=\"32wmu6\" data-start=\"1900\" data-end=\"1917\"><p data-start=\"1902\" data-end=\"1917\">Anniversaires<\/p><\/li><li data-section-id=\"8yzoya\" data-start=\"1918\" data-end=\"1937\"><p data-start=\"1920\" data-end=\"1937\">Soir\u00e9es priv\u00e9es<\/p><\/li><li data-section-id=\"176baik\" data-start=\"1938\" data-end=\"1965\"><p data-start=\"1940\" data-end=\"1965\">\u00c9v\u00e9nements d\u2019entreprise<\/p><\/li><li data-section-id=\"i7li2x\" data-start=\"1966\" data-end=\"1991\"><p data-start=\"1968\" data-end=\"1991\">F\u00eates dans les villas<\/p><\/li><li data-section-id=\"12opce4\" data-start=\"1992\" data-end=\"2008\"><p data-start=\"1994\" data-end=\"2008\">Pool parties<\/p><\/li><li data-section-id=\"1o4d0ys\" data-start=\"2009\" data-end=\"2039\"><p data-start=\"2011\" data-end=\"2039\">\u00c9v\u00e9nements dans les h\u00f4tels<\/p><\/li><li data-section-id=\"pebytu\" data-start=\"2040\" data-end=\"2073\"><p data-start=\"2042\" data-end=\"2073\">Festivals et \u00e9v\u00e9nements publics<\/p><\/li><\/ul>\t\t\t\t\t\t\t\t<\/div>\n\t\t\t\t<\/div>\n\t\t\t\t<\/div>\n\t\t\t\t\t<\/div>\n\t\t\t\t<\/div>\n\t\t\t\t<\/div>","protected":false},"excerpt":{"rendered":"<p>Location de mat\u00e9riel DJ \u00e0 Marrakech Vous pr\u00e9parez un \u00e9v\u00e9nement \u00e0 Marrakech et vous souhaitez offrir \u00e0 vos invit\u00e9s une ambiance musicale inoubliable ? Trouver un \u00e9quipement DJ fiable et performant est souvent l\u2019un des \u00e9l\u00e9ments cl\u00e9s pour r\u00e9ussir une soir\u00e9e. C\u2019est justement pour cela que notre service de DJ equipment rental Marrakech vous propose du mat\u00e9riel professionnel, pens\u00e9 pour garantir une qualit\u00e9 sonore optimale et une exp\u00e9rience musicale r\u00e9ussie. Demander un devis gratuit Service professionnel de location DJ \u00e0 Marrakech Notre service de location de mat\u00e9riel DJ \u00e0 Marrakech permet d\u2019\u00e9quiper vos \u00e9v\u00e9nements avec du mat\u00e9riel audio et lumi\u00e8re de haute qualit\u00e9. Que vous organisiez un mariage, une f\u00eate priv\u00e9e ou un \u00e9v\u00e9nement professionnel, nous mettons \u00e0 votre disposition tout le mat\u00e9riel n\u00e9cessaire pour cr\u00e9er une ambiance exceptionnelle. Notre \u00e9quipe peut \u00e9galement assurer la livraison, l\u2019installation et l\u2019assistance technique pendant l\u2019\u00e9v\u00e9nement. Notre mat\u00e9riel DJ disponible Nous proposons diff\u00e9rents \u00e9quipements professionnels : Platines DJ professionnelles Contr\u00f4leurs DJ Tables de mixage Enceintes professionnelles Subwoofers Microphones Cabine DJ \u00c9clairage LED Machines \u00e0 fum\u00e9e Effets lumineux pour soir\u00e9es \u00c9v\u00e9nements que nous accompagnons Notre service de location de mat\u00e9riel DJ \u00e0 Marrakech est id\u00e9al pour : Mariages Anniversaires Soir\u00e9es priv\u00e9es \u00c9v\u00e9nements d\u2019entreprise F\u00eates dans les villas Pool parties \u00c9v\u00e9nements dans les h\u00f4tels Festivals et \u00e9v\u00e9nements publics<\/p>","protected":false},"author":2,"featured_media":0,"parent":0,"menu_order":0,"comment_status":"closed","ping_status":"closed","template":"","meta":{"site-sidebar-layout":"no-sidebar","site-content-layout":"","ast-site-content-layout":"full-width-container","site-content-style":"default","site-sidebar-style":"default","ast-global-header-display":"","ast-banner-title-visibility":"","ast-main-header-display":"","ast-hfb-above-header-display":"","ast-hfb-below-header-display":"","ast-hfb-mobile-header-display":"","site-post-title":"disabled","ast-breadcrumbs-content":"","ast-featured-img":"disabled","footer-sml-layout":"","ast-disable-related-posts":"","theme-transparent-header-meta":"","adv-header-id-meta":"","stick-header-meta":"","header-above-stick-meta":"","header-main-stick-meta":"","header-below-stick-meta":"","astra-migrate-meta-layouts":"default","ast-page-background-enabled":"default","ast-page-background-meta":{"desktop":{"background-color":"var(--ast-global-color-4)","background-image":"","background-repeat":"repeat","background-position":"center center","background-size":"auto","background-attachment":"scroll","background-type":"","background-media":"","overlay-type":"","overlay-color":"","overlay-opacity":"","overlay-gradient":""},"tablet":{"background-color":"","background-image":"","background-repeat":"repeat","background-position":"center center","background-size":"auto","background-attachment":"scroll","background-type":"","background-media":"","overlay-type":"","overlay-color":"","overlay-opacity":"","overlay-gradient":""},"mobile":{"background-color":"","background-image":"","background-repeat":"repeat","background-position":"center center","background-size":"auto","background-attachment":"scroll","background-type":"","background-media":"","overlay-type":"","overlay-color":"","overlay-opacity":"","overlay-gradient":""}},"ast-content-background-meta":{"desktop":{"background-color":"var(--ast-global-color-5)","background-image":"","background-repeat":"repeat","background-position":"center center","background-size":"auto","background-attachment":"scroll","background-type":"","background-media":"","overlay-type":"","overlay-color":"","overlay-opacity":"","overlay-gradient":""},"tablet":{"background-color":"var(--ast-global-color-5)","background-image":"","background-repeat":"repeat","background-position":"center center","background-size":"auto","background-attachment":"scroll","background-type":"","background-media":"","overlay-type":"","overlay-color":"","overlay-opacity":"","overlay-gradient":""},"mobile":{"background-color":"var(--ast-global-color-5)","background-image":"","background-repeat":"repeat","background-position":"center center","background-size":"auto","background-attachment":"scroll","background-type":"","background-media":"","overlay-type":"","overlay-color":"","overlay-opacity":"","overlay-gradient":""}},"footnotes":""},"class_list":["post-2737","page","type-page","status-publish","hentry"],"_links":{"self":[{"href":"https:\/\/secretstudioprod.com\/en\/wp-json\/wp\/v2\/pages\/2737","targetHints":{"allow":["GET"]}}],"collection":[{"href":"https:\/\/secretstudioprod.com\/en\/wp-json\/wp\/v2\/pages"}],"about":[{"href":"https:\/\/secretstudioprod.com\/en\/wp-json\/wp\/v2\/types\/page"}],"author":[{"embeddable":true,"href":"https:\/\/secretstudioprod.com\/en\/wp-json\/wp\/v2\/users\/2"}],"replies":[{"embeddable":true,"href":"https:\/\/secretstudioprod.com\/en\/wp-json\/wp\/v2\/comments?post=2737"}],"version-history":[{"count":28,"href":"https:\/\/secretstudioprod.com\/en\/wp-json\/wp\/v2\/pages\/2737\/revisions"}],"predecessor-version":[{"id":2827,"href":"https:\/\/secretstudioprod.com\/en\/wp-json\/wp\/v2\/pages\/2737\/revisions\/2827"}],"wp:attachment":[{"href":"https:\/\/secretstudioprod.com\/en\/wp-json\/wp\/v2\/media?parent=2737"}],"curies":[{"name":"wp","href":"https:\/\/api.w.org\/{rel}","templated":true}]}}