{"id":2791,"date":"2026-03-16T12:00:14","date_gmt":"2026-03-16T12:00:14","guid":{"rendered":"https:\/\/secretstudioprod.com\/?page_id=2791"},"modified":"2026-03-16T12:01:48","modified_gmt":"2026-03-16T12:01:48","slug":"comment-organiser-un-evenement-corporate-a-marrakech","status":"publish","type":"page","link":"https:\/\/secretstudioprod.com\/en\/comment-organiser-un-evenement-corporate-a-marrakech\/","title":{"rendered":"Comment organiser un \u00e9v\u00e9nement corporate \u00e0 Marrakech"},"content":{"rendered":"<div data-elementor-type=\"wp-page\" data-elementor-id=\"2791\" class=\"elementor elementor-2791\">\n\t\t\t\t\t\t<section class=\"elementor-section elementor-top-section elementor-element elementor-element-5c72c54 elementor-section-stretched elementor-section-boxed elementor-section-height-default elementor-section-height-default wpr-particle-no wpr-jarallax-no wpr-parallax-no wpr-sticky-section-no wpr-equal-height-no\" data-id=\"5c72c54\" data-element_type=\"section\" data-e-type=\"section\" data-settings=\"{&quot;background_background&quot;:&quot;classic&quot;,&quot;stretch_section&quot;:&quot;section-stretched&quot;,&quot;shape_divider_bottom&quot;:&quot;triangle-asymmetrical&quot;}\">\n\t\t\t\t\t<div class=\"elementor-shape elementor-shape-bottom\" aria-hidden=\"true\" data-negative=\"false\">\n\t\t\t<svg xmlns=\"http:\/\/www.w3.org\/2000\/svg\" viewbox=\"0 0 1000 100\" preserveaspectratio=\"none\">\n\t<path class=\"elementor-shape-fill\" d=\"M738,99l262-93V0H0v5.6L738,99z\"\/>\n<\/svg>\t\t<\/div>\n\t\t\t\t\t<div class=\"elementor-container elementor-column-gap-default\">\n\t\t\t\t\t<div class=\"elementor-column elementor-col-100 elementor-top-column elementor-element elementor-element-6f9d5be\" data-id=\"6f9d5be\" data-element_type=\"column\" data-e-type=\"column\">\n\t\t\t<div class=\"elementor-widget-wrap elementor-element-populated\">\n\t\t\t\t\t\t<div class=\"elementor-element elementor-element-4cbd16e elementor-widget elementor-widget-heading\" data-id=\"4cbd16e\" data-element_type=\"widget\" data-e-type=\"widget\" data-widget_type=\"heading.default\">\n\t\t\t\t\t<h2 class=\"elementor-heading-title elementor-size-default\">Comment organiser un \u00e9v\u00e9nement corporate \u00e0 Marrakech<span style=\"font-style: inherit;letter-spacing: 0px\"><\/span><\/h2>\t\t\t\t<\/div>\n\t\t\t\t<div class=\"elementor-element elementor-element-5c77937 elementor-widget elementor-widget-text-editor\" data-id=\"5c77937\" data-element_type=\"widget\" data-e-type=\"widget\" data-widget_type=\"text-editor.default\">\n\t\t\t\t\t\t\t\t\t<p>Marrakech s\u2019est impos\u00e9e ces derni\u00e8res ann\u00e9es comme l\u2019une des destinations les plus pris\u00e9es pour l\u2019organisation d\u2019\u00e9v\u00e9nements corporate. Entre ses h\u00f4tels prestigieux, ses lieux atypiques et son atmosph\u00e8re unique, la ville offre un cadre particuli\u00e8rement inspirant pour accueillir des conf\u00e9rences, des s\u00e9minaires, des lancements de produits ou encore des soir\u00e9es d\u2019entreprise.<\/p>\t\t\t\t\t\t\t\t<\/div>\n\t\t\t\t\t<\/div>\n\t\t<\/div>\n\t\t\t\t\t<\/div>\n\t\t<\/section>\n\t\t\t\t<section class=\"elementor-section elementor-top-section elementor-element elementor-element-0f47b51 elementor-section-stretched elementor-reverse-mobile elementor-reverse-tablet elementor-section-boxed elementor-section-height-default elementor-section-height-default wpr-particle-no wpr-jarallax-no wpr-parallax-no wpr-sticky-section-no wpr-equal-height-no\" data-id=\"0f47b51\" data-element_type=\"section\" data-e-type=\"section\" data-settings=\"{&quot;background_background&quot;:&quot;classic&quot;,&quot;stretch_section&quot;:&quot;section-stretched&quot;}\">\n\t\t\t\t\t\t<div class=\"elementor-container elementor-column-gap-default\">\n\t\t\t\t\t<div class=\"elementor-column elementor-col-50 elementor-top-column elementor-element elementor-element-43ae727\" data-id=\"43ae727\" data-element_type=\"column\" data-e-type=\"column\">\n\t\t\t<div class=\"elementor-widget-wrap elementor-element-populated\">\n\t\t\t\t\t\t<div class=\"elementor-element elementor-element-b2aca98 elementor-widget elementor-widget-heading\" data-id=\"b2aca98\" data-element_type=\"widget\" data-e-type=\"widget\" data-widget_type=\"heading.default\">\n\t\t\t\t\t<h2 class=\"elementor-heading-title elementor-size-default\">Pr\u00e9voir la production technique de l\u2019\u00e9v\u00e9nement<\/h2>\t\t\t\t<\/div>\n\t\t\t\t<div class=\"elementor-element elementor-element-8e14180 elementor-widget elementor-widget-text-editor\" data-id=\"8e14180\" data-element_type=\"widget\" data-e-type=\"widget\" data-widget_type=\"text-editor.default\">\n\t\t\t\t\t\t\t\t\t<p>Lorsqu\u2019on organise un \u00e9v\u00e9nement corporate, la dimension technique occupe une place essentielle dans la r\u00e9ussite globale de l\u2019exp\u00e9rience. En effet, une sonorisation claire, un \u00e9clairage bien pens\u00e9 et des supports visuels de qualit\u00e9 contribuent largement \u00e0 cr\u00e9er une ambiance professionnelle et agr\u00e9able pour les participants. Ces \u00e9l\u00e9ments permettent non seulement de valoriser les interventions, mais aussi d\u2019assurer que chaque moment de l\u2019\u00e9v\u00e9nement se d\u00e9roule dans les meilleures conditions.<\/p>\t\t\t\t\t\t\t\t<\/div>\n\t\t\t\t\t<\/div>\n\t\t<\/div>\n\t\t\t\t<div class=\"elementor-column elementor-col-50 elementor-top-column elementor-element elementor-element-aebc475\" data-id=\"aebc475\" data-element_type=\"column\" data-e-type=\"column\">\n\t\t\t<div class=\"elementor-widget-wrap elementor-element-populated\">\n\t\t\t\t\t\t<div class=\"elementor-element elementor-element-7957647 elementor-widget elementor-widget-image\" data-id=\"7957647\" data-element_type=\"widget\" data-e-type=\"widget\" data-widget_type=\"image.default\">\n\t\t\t\t\t\t\t\t\t\t\t\t\t\t\t<img fetchpriority=\"high\" decoding=\"async\" width=\"1024\" height=\"683\" src=\"https:\/\/secretstudioprod.com\/wp-content\/uploads\/2026\/03\/56-1024x683.jpg\" class=\"attachment-large size-large wp-image-2528\" alt=\"\" srcset=\"https:\/\/secretstudioprod.com\/wp-content\/uploads\/2026\/03\/56-1024x683.jpg 1024w, https:\/\/secretstudioprod.com\/wp-content\/uploads\/2026\/03\/56-300x200.jpg 300w, https:\/\/secretstudioprod.com\/wp-content\/uploads\/2026\/03\/56-768x512.jpg 768w, https:\/\/secretstudioprod.com\/wp-content\/uploads\/2026\/03\/56-18x12.jpg 18w, https:\/\/secretstudioprod.com\/wp-content\/uploads\/2026\/03\/56.jpg 1536w\" sizes=\"(max-width: 1024px) 100vw, 1024px\" \/>\t\t\t\t\t\t\t\t\t\t\t\t\t\t\t<\/div>\n\t\t\t\t\t<\/div>\n\t\t<\/div>\n\t\t\t\t\t<\/div>\n\t\t<\/section>\n\t\t\t\t<section class=\"elementor-section elementor-top-section elementor-element elementor-element-cd26c5c elementor-section-stretched elementor-section-boxed elementor-section-height-default elementor-section-height-default wpr-particle-no wpr-jarallax-no wpr-parallax-no wpr-sticky-section-no wpr-equal-height-no\" data-id=\"cd26c5c\" data-element_type=\"section\" data-e-type=\"section\" data-settings=\"{&quot;background_background&quot;:&quot;classic&quot;,&quot;stretch_section&quot;:&quot;section-stretched&quot;,&quot;shape_divider_top&quot;:&quot;triangle-asymmetrical&quot;}\">\n\t\t\t\t\t<div class=\"elementor-shape elementor-shape-top\" aria-hidden=\"true\" data-negative=\"false\">\n\t\t\t<svg xmlns=\"http:\/\/www.w3.org\/2000\/svg\" viewbox=\"0 0 1000 100\" preserveaspectratio=\"none\">\n\t<path class=\"elementor-shape-fill\" d=\"M738,99l262-93V0H0v5.6L738,99z\"\/>\n<\/svg>\t\t<\/div>\n\t\t\t\t\t<div class=\"elementor-container elementor-column-gap-default\">\n\t\t\t\t\t<div class=\"elementor-column elementor-col-50 elementor-top-column elementor-element elementor-element-06544d2\" data-id=\"06544d2\" data-element_type=\"column\" data-e-type=\"column\">\n\t\t\t<div class=\"elementor-widget-wrap elementor-element-populated\">\n\t\t\t\t\t\t<div class=\"elementor-element elementor-element-8793be9 elementor-widget elementor-widget-image\" data-id=\"8793be9\" data-element_type=\"widget\" data-e-type=\"widget\" data-widget_type=\"image.default\">\n\t\t\t\t\t\t\t\t\t\t\t\t\t\t\t<img decoding=\"async\" width=\"1536\" height=\"1024\" src=\"https:\/\/secretstudioprod.com\/wp-content\/uploads\/2026\/03\/100.jpg\" class=\"attachment-full size-full wp-image-2572\" alt=\"event production Marrakech\u200b\" srcset=\"https:\/\/secretstudioprod.com\/wp-content\/uploads\/2026\/03\/100.jpg 1536w, https:\/\/secretstudioprod.com\/wp-content\/uploads\/2026\/03\/100-300x200.jpg 300w, https:\/\/secretstudioprod.com\/wp-content\/uploads\/2026\/03\/100-1024x683.jpg 1024w, https:\/\/secretstudioprod.com\/wp-content\/uploads\/2026\/03\/100-768x512.jpg 768w, https:\/\/secretstudioprod.com\/wp-content\/uploads\/2026\/03\/100-18x12.jpg 18w\" sizes=\"(max-width: 1536px) 100vw, 1536px\" \/>\t\t\t\t\t\t\t\t\t\t\t\t\t\t\t<\/div>\n\t\t\t\t\t<\/div>\n\t\t<\/div>\n\t\t\t\t<div class=\"elementor-column elementor-col-50 elementor-top-column elementor-element elementor-element-f21a04e\" data-id=\"f21a04e\" data-element_type=\"column\" data-e-type=\"column\">\n\t\t\t<div class=\"elementor-widget-wrap elementor-element-populated\">\n\t\t\t\t\t\t<div class=\"elementor-element elementor-element-9775c5c elementor-widget elementor-widget-heading\" data-id=\"9775c5c\" data-element_type=\"widget\" data-e-type=\"widget\" data-widget_type=\"heading.default\">\n\t\t\t\t\t<h2 class=\"elementor-heading-title elementor-size-default\">Cr\u00e9er une exp\u00e9rience m\u00e9morable pour les invit\u00e9s<\/h2>\t\t\t\t<\/div>\n\t\t\t\t<div class=\"elementor-element elementor-element-b34fbfe elementor-widget elementor-widget-text-editor\" data-id=\"b34fbfe\" data-element_type=\"widget\" data-e-type=\"widget\" data-widget_type=\"text-editor.default\">\n\t\t\t\t\t\t\t\t\t<ul><li><p data-start=\"3757\" data-end=\"4012\">Un \u00e9v\u00e9nement corporate r\u00e9ussi ne se limite pas \u00e0 une simple r\u00e9union professionnelle. Pour marquer les esprits, il est important de proposer une exp\u00e9rience unique qui refl\u00e8te l\u2019identit\u00e9 de l\u2019entreprise tout en valorisant le cadre exceptionnel de Marrakech.<\/p><p data-start=\"4014\" data-end=\"4102\">La ville offre de nombreuses possibilit\u00e9s pour enrichir l\u2019\u00e9v\u00e9nement, comme par exemple :<\/p><p data-start=\"4104\" data-end=\"4330\">\u2022 un d\u00eener dans un palais traditionnel<br data-start=\"4142\" data-end=\"4145\" \/>\u2022 une animation musicale ou un DJ set<br data-start=\"4182\" data-end=\"4185\" \/>\u2022 une d\u00e9couverte de la gastronomie marocaine<br data-start=\"4229\" data-end=\"4232\" \/>\u2022 des activit\u00e9s de team building dans le d\u00e9sert<br data-start=\"4279\" data-end=\"4282\" \/>\u2022 une soir\u00e9e networking dans un lieu d\u2019exception<\/p><\/li><\/ul>\t\t\t\t\t\t\t\t<\/div>\n\t\t\t\t\t<\/div>\n\t\t<\/div>\n\t\t\t\t\t<\/div>\n\t\t<\/section>\n\t\t\t\t<\/div>","protected":false},"excerpt":{"rendered":"<p>Comment organiser un \u00e9v\u00e9nement corporate \u00e0 Marrakech Marrakech s\u2019est impos\u00e9e ces derni\u00e8res ann\u00e9es comme l\u2019une des destinations les plus pris\u00e9es pour l\u2019organisation d\u2019\u00e9v\u00e9nements corporate. Entre ses h\u00f4tels prestigieux, ses lieux atypiques et son atmosph\u00e8re unique, la ville offre un cadre particuli\u00e8rement inspirant pour accueillir des conf\u00e9rences, des s\u00e9minaires, des lancements de produits ou encore des soir\u00e9es d\u2019entreprise. Pr\u00e9voir la production technique de l\u2019\u00e9v\u00e9nement Lorsqu\u2019on organise un \u00e9v\u00e9nement corporate, la dimension technique occupe une place essentielle dans la r\u00e9ussite globale de l\u2019exp\u00e9rience. En effet, une sonorisation claire, un \u00e9clairage bien pens\u00e9 et des supports visuels de qualit\u00e9 contribuent largement \u00e0 cr\u00e9er une ambiance professionnelle et agr\u00e9able pour les participants. Ces \u00e9l\u00e9ments permettent non seulement de valoriser les interventions, mais aussi d\u2019assurer que chaque moment de l\u2019\u00e9v\u00e9nement se d\u00e9roule dans les meilleures conditions. Cr\u00e9er une exp\u00e9rience m\u00e9morable pour les invit\u00e9s Un \u00e9v\u00e9nement corporate r\u00e9ussi ne se limite pas \u00e0 une simple r\u00e9union professionnelle. Pour marquer les esprits, il est important de proposer une exp\u00e9rience unique qui refl\u00e8te l\u2019identit\u00e9 de l\u2019entreprise tout en valorisant le cadre exceptionnel de Marrakech. La ville offre de nombreuses possibilit\u00e9s pour enrichir l\u2019\u00e9v\u00e9nement, comme par exemple : \u2022 un d\u00eener dans un palais traditionnel\u2022 une animation musicale ou un DJ set\u2022 une d\u00e9couverte de la gastronomie marocaine\u2022 des activit\u00e9s de team building dans le d\u00e9sert\u2022 une soir\u00e9e networking dans un lieu d\u2019exception<\/p>","protected":false},"author":2,"featured_media":0,"parent":0,"menu_order":0,"comment_status":"closed","ping_status":"closed","template":"elementor_header_footer","meta":{"site-sidebar-layout":"no-sidebar","site-content-layout":"","ast-site-content-layout":"full-width-container","site-content-style":"default","site-sidebar-style":"default","ast-global-header-display":"","ast-banner-title-visibility":"","ast-main-header-display":"","ast-hfb-above-header-display":"","ast-hfb-below-header-display":"","ast-hfb-mobile-header-display":"","site-post-title":"disabled","ast-breadcrumbs-content":"","ast-featured-img":"disabled","footer-sml-layout":"","ast-disable-related-posts":"","theme-transparent-header-meta":"","adv-header-id-meta":"","stick-header-meta":"","header-above-stick-meta":"","header-main-stick-meta":"","header-below-stick-meta":"","astra-migrate-meta-layouts":"default","ast-page-background-enabled":"default","ast-page-background-meta":{"desktop":{"background-color":"var(--ast-global-color-4)","background-image":"","background-repeat":"repeat","background-position":"center center","background-size":"auto","background-attachment":"scroll","background-type":"","background-media":"","overlay-type":"","overlay-color":"","overlay-opacity":"","overlay-gradient":""},"tablet":{"background-color":"","background-image":"","background-repeat":"repeat","background-position":"center center","background-size":"auto","background-attachment":"scroll","background-type":"","background-media":"","overlay-type":"","overlay-color":"","overlay-opacity":"","overlay-gradient":""},"mobile":{"background-color":"","background-image":"","background-repeat":"repeat","background-position":"center center","background-size":"auto","background-attachment":"scroll","background-type":"","background-media":"","overlay-type":"","overlay-color":"","overlay-opacity":"","overlay-gradient":""}},"ast-content-background-meta":{"desktop":{"background-color":"var(--ast-global-color-5)","background-image":"","background-repeat":"repeat","background-position":"center center","background-size":"auto","background-attachment":"scroll","background-type":"","background-media":"","overlay-type":"","overlay-color":"","overlay-opacity":"","overlay-gradient":""},"tablet":{"background-color":"var(--ast-global-color-5)","background-image":"","background-repeat":"repeat","background-position":"center center","background-size":"auto","background-attachment":"scroll","background-type":"","background-media":"","overlay-type":"","overlay-color":"","overlay-opacity":"","overlay-gradient":""},"mobile":{"background-color":"var(--ast-global-color-5)","background-image":"","background-repeat":"repeat","background-position":"center center","background-size":"auto","background-attachment":"scroll","background-type":"","background-media":"","overlay-type":"","overlay-color":"","overlay-opacity":"","overlay-gradient":""}},"footnotes":""},"class_list":["post-2791","page","type-page","status-publish","hentry"],"_links":{"self":[{"href":"https:\/\/secretstudioprod.com\/en\/wp-json\/wp\/v2\/pages\/2791","targetHints":{"allow":["GET"]}}],"collection":[{"href":"https:\/\/secretstudioprod.com\/en\/wp-json\/wp\/v2\/pages"}],"about":[{"href":"https:\/\/secretstudioprod.com\/en\/wp-json\/wp\/v2\/types\/page"}],"author":[{"embeddable":true,"href":"https:\/\/secretstudioprod.com\/en\/wp-json\/wp\/v2\/users\/2"}],"replies":[{"embeddable":true,"href":"https:\/\/secretstudioprod.com\/en\/wp-json\/wp\/v2\/comments?post=2791"}],"version-history":[{"count":4,"href":"https:\/\/secretstudioprod.com\/en\/wp-json\/wp\/v2\/pages\/2791\/revisions"}],"predecessor-version":[{"id":2795,"href":"https:\/\/secretstudioprod.com\/en\/wp-json\/wp\/v2\/pages\/2791\/revisions\/2795"}],"wp:attachment":[{"href":"https:\/\/secretstudioprod.com\/en\/wp-json\/wp\/v2\/media?parent=2791"}],"curies":[{"name":"wp","href":"https:\/\/api.w.org\/{rel}","templated":true}]}}