{"id":882,"date":"2025-01-23T14:47:18","date_gmt":"2025-01-23T14:47:18","guid":{"rendered":"https:\/\/secretstudioprod.com\/?page_id=882"},"modified":"2025-04-14T13:20:06","modified_gmt":"2025-04-14T13:20:06","slug":"une-optimisation-des-couts-sans-compromis-sur-la-qualite","status":"publish","type":"page","link":"https:\/\/secretstudioprod.com\/en\/une-optimisation-des-couts-sans-compromis-sur-la-qualite\/","title":{"rendered":"Une optimisation des co\u00fbts sans compromis sur la qualit\u00e9"},"content":{"rendered":"<div data-elementor-type=\"wp-page\" data-elementor-id=\"882\" class=\"elementor elementor-882\">\n\t\t\t\t\t\t<section class=\"elementor-section elementor-top-section elementor-element elementor-element-5c72c54 elementor-section-stretched elementor-section-boxed elementor-section-height-default elementor-section-height-default wpr-particle-no wpr-jarallax-no wpr-parallax-no wpr-sticky-section-no wpr-equal-height-no\" data-id=\"5c72c54\" data-element_type=\"section\" data-e-type=\"section\" data-settings=\"{&quot;background_background&quot;:&quot;classic&quot;,&quot;stretch_section&quot;:&quot;section-stretched&quot;,&quot;shape_divider_bottom&quot;:&quot;triangle-asymmetrical&quot;}\">\n\t\t\t\t\t<div class=\"elementor-shape elementor-shape-bottom\" aria-hidden=\"true\" data-negative=\"false\">\n\t\t\t<svg xmlns=\"http:\/\/www.w3.org\/2000\/svg\" viewbox=\"0 0 1000 100\" preserveaspectratio=\"none\">\n\t<path class=\"elementor-shape-fill\" d=\"M738,99l262-93V0H0v5.6L738,99z\"\/>\n<\/svg>\t\t<\/div>\n\t\t\t\t\t<div class=\"elementor-container elementor-column-gap-default\">\n\t\t\t\t\t<div class=\"elementor-column elementor-col-100 elementor-top-column elementor-element elementor-element-6f9d5be\" data-id=\"6f9d5be\" data-element_type=\"column\" data-e-type=\"column\">\n\t\t\t<div class=\"elementor-widget-wrap elementor-element-populated\">\n\t\t\t\t\t\t<div class=\"elementor-element elementor-element-4cbd16e elementor-widget elementor-widget-heading\" data-id=\"4cbd16e\" data-element_type=\"widget\" data-e-type=\"widget\" data-widget_type=\"heading.default\">\n\t\t\t\t\t<h2 class=\"elementor-heading-title elementor-size-default\">Economic Management <\/h2>\t\t\t\t<\/div>\n\t\t\t\t<div class=\"elementor-element elementor-element-6c405fd elementor-widget elementor-widget-heading\" data-id=\"6c405fd\" data-element_type=\"widget\" data-e-type=\"widget\" data-widget_type=\"heading.default\">\n\t\t\t\t\t<h3 class=\"elementor-heading-title elementor-size-default\">Cost Optimization Without Compromising Quality with Secret Studio Prod<\/h3>\t\t\t\t<\/div>\n\t\t\t\t<div class=\"elementor-element elementor-element-c055d7c elementor-widget__width-initial elementor-widget elementor-widget-heading\" data-id=\"c055d7c\" data-element_type=\"widget\" data-e-type=\"widget\" data-widget_type=\"heading.default\">\n\t\t\t\t\t<h2 class=\"elementor-heading-title elementor-size-default\">At Secret Studio Prod, we believe that the success of an event should never be constrained by budget limitations. That\u2019s why we\u2019ve developed a strategic approach to optimize costs, ensuring maximum profitability without compromising the quality of our services.<\/h2>\t\t\t\t<\/div>\n\t\t\t\t\t<\/div>\n\t\t<\/div>\n\t\t\t\t\t<\/div>\n\t\t<\/section>\n\t\t\t\t<section class=\"elementor-section elementor-top-section elementor-element elementor-element-0f47b51 elementor-section-stretched elementor-reverse-mobile elementor-section-boxed elementor-section-height-default elementor-section-height-default wpr-particle-no wpr-jarallax-no wpr-parallax-no wpr-sticky-section-no wpr-equal-height-no\" data-id=\"0f47b51\" data-element_type=\"section\" data-e-type=\"section\" data-settings=\"{&quot;background_background&quot;:&quot;classic&quot;,&quot;stretch_section&quot;:&quot;section-stretched&quot;}\">\n\t\t\t\t\t\t<div class=\"elementor-container elementor-column-gap-default\">\n\t\t\t\t\t<div class=\"elementor-column elementor-col-50 elementor-top-column elementor-element elementor-element-43ae727\" data-id=\"43ae727\" data-element_type=\"column\" data-e-type=\"column\">\n\t\t\t<div class=\"elementor-widget-wrap elementor-element-populated\">\n\t\t\t\t\t\t<div class=\"elementor-element elementor-element-99101fa elementor-widget elementor-widget-heading\" data-id=\"99101fa\" data-element_type=\"widget\" data-e-type=\"widget\" data-widget_type=\"heading.default\">\n\t\t\t\t\t<h2 class=\"elementor-heading-title elementor-size-default\">How do we achieve this optimization?<\/h2>\t\t\t\t<\/div>\n\t\t\t\t<div class=\"elementor-element elementor-element-8e14180 elementor-widget elementor-widget-text-editor\" data-id=\"8e14180\" data-element_type=\"widget\" data-e-type=\"widget\" data-widget_type=\"text-editor.default\">\n\t\t\t\t\t\t\t\t\t<p><strong>Tailored Solutions:<\/strong> We carefully analyze your needs to create customized solutions, eliminating unnecessary expenses.<\/p><p><strong>Strong Partnerships:<\/strong> Thanks to our trusted relationships with leading international suppliers, we benefit from competitive rates on high-end equipment, including sound systems, lighting, scenic materials, and LED screens.<\/p><p><strong>Controlled Logistics:<\/strong> Our experienced teams manage transportation, installation, and dismantling efficiently, minimizing operational costs.<\/p><p><strong>Technological Innovation:<\/strong> By integrating cutting-edge technology, we enhance efficiency while reducing the resources required to create outstanding experiences.<\/p>\t\t\t\t\t\t\t\t<\/div>\n\t\t\t\t\t<\/div>\n\t\t<\/div>\n\t\t\t\t<div class=\"elementor-column elementor-col-50 elementor-top-column elementor-element elementor-element-aebc475\" data-id=\"aebc475\" data-element_type=\"column\" data-e-type=\"column\">\n\t\t\t<div class=\"elementor-widget-wrap elementor-element-populated\">\n\t\t\t\t\t\t<div class=\"elementor-element elementor-element-7957647 elementor-widget elementor-widget-image\" data-id=\"7957647\" data-element_type=\"widget\" data-e-type=\"widget\" data-widget_type=\"image.default\">\n\t\t\t\t\t\t\t\t\t\t\t\t\t\t\t<img fetchpriority=\"high\" decoding=\"async\" width=\"1024\" height=\"576\" src=\"https:\/\/secretstudioprod.com\/wp-content\/uploads\/2025\/02\/Installation-Sonorisation-lumiere-scenique-video-ecran-led--1024x576.png\" class=\"attachment-large size-large wp-image-1043\" alt=\"\" srcset=\"https:\/\/secretstudioprod.com\/wp-content\/uploads\/2025\/02\/Installation-Sonorisation-lumiere-scenique-video-ecran-led--1024x576.png 1024w, https:\/\/secretstudioprod.com\/wp-content\/uploads\/2025\/02\/Installation-Sonorisation-lumiere-scenique-video-ecran-led--300x169.png 300w, https:\/\/secretstudioprod.com\/wp-content\/uploads\/2025\/02\/Installation-Sonorisation-lumiere-scenique-video-ecran-led--768x432.png 768w, https:\/\/secretstudioprod.com\/wp-content\/uploads\/2025\/02\/Installation-Sonorisation-lumiere-scenique-video-ecran-led--1536x864.png 1536w, https:\/\/secretstudioprod.com\/wp-content\/uploads\/2025\/02\/Installation-Sonorisation-lumiere-scenique-video-ecran-led--18x10.png 18w, https:\/\/secretstudioprod.com\/wp-content\/uploads\/2025\/02\/Installation-Sonorisation-lumiere-scenique-video-ecran-led-.png 1920w\" sizes=\"(max-width: 1024px) 100vw, 1024px\" \/>\t\t\t\t\t\t\t\t\t\t\t\t\t\t\t<\/div>\n\t\t\t\t\t<\/div>\n\t\t<\/div>\n\t\t\t\t\t<\/div>\n\t\t<\/section>\n\t\t\t\t<section class=\"elementor-section elementor-top-section elementor-element elementor-element-cd26c5c elementor-section-stretched elementor-section-boxed elementor-section-height-default elementor-section-height-default wpr-particle-no wpr-jarallax-no wpr-parallax-no wpr-sticky-section-no wpr-equal-height-no\" data-id=\"cd26c5c\" data-element_type=\"section\" data-e-type=\"section\" data-settings=\"{&quot;background_background&quot;:&quot;classic&quot;,&quot;stretch_section&quot;:&quot;section-stretched&quot;,&quot;shape_divider_top&quot;:&quot;triangle-asymmetrical&quot;}\">\n\t\t\t\t\t<div class=\"elementor-shape elementor-shape-top\" aria-hidden=\"true\" data-negative=\"false\">\n\t\t\t<svg xmlns=\"http:\/\/www.w3.org\/2000\/svg\" viewbox=\"0 0 1000 100\" preserveaspectratio=\"none\">\n\t<path class=\"elementor-shape-fill\" d=\"M738,99l262-93V0H0v5.6L738,99z\"\/>\n<\/svg>\t\t<\/div>\n\t\t\t\t\t<div class=\"elementor-container elementor-column-gap-default\">\n\t\t\t\t\t<div class=\"elementor-column elementor-col-50 elementor-top-column elementor-element elementor-element-06544d2\" data-id=\"06544d2\" data-element_type=\"column\" data-e-type=\"column\">\n\t\t\t<div class=\"elementor-widget-wrap elementor-element-populated\">\n\t\t\t\t\t\t<div class=\"elementor-element elementor-element-8793be9 elementor-widget elementor-widget-image\" data-id=\"8793be9\" data-element_type=\"widget\" data-e-type=\"widget\" data-widget_type=\"image.default\">\n\t\t\t\t\t\t\t\t\t\t\t\t\t\t\t<img decoding=\"async\" width=\"1920\" height=\"1080\" src=\"https:\/\/secretstudioprod.com\/wp-content\/uploads\/2025\/02\/Organisation-evenements-entrepise-marrakech-Maroc-Soiree-de-gala-et-diner-de-gala-decoration-mariage-remise-de-prix-.png\" class=\"attachment-full size-full wp-image-1044\" alt=\"\" srcset=\"https:\/\/secretstudioprod.com\/wp-content\/uploads\/2025\/02\/Organisation-evenements-entrepise-marrakech-Maroc-Soiree-de-gala-et-diner-de-gala-decoration-mariage-remise-de-prix-.png 1920w, https:\/\/secretstudioprod.com\/wp-content\/uploads\/2025\/02\/Organisation-evenements-entrepise-marrakech-Maroc-Soiree-de-gala-et-diner-de-gala-decoration-mariage-remise-de-prix--300x169.png 300w, https:\/\/secretstudioprod.com\/wp-content\/uploads\/2025\/02\/Organisation-evenements-entrepise-marrakech-Maroc-Soiree-de-gala-et-diner-de-gala-decoration-mariage-remise-de-prix--1024x576.png 1024w, https:\/\/secretstudioprod.com\/wp-content\/uploads\/2025\/02\/Organisation-evenements-entrepise-marrakech-Maroc-Soiree-de-gala-et-diner-de-gala-decoration-mariage-remise-de-prix--768x432.png 768w, https:\/\/secretstudioprod.com\/wp-content\/uploads\/2025\/02\/Organisation-evenements-entrepise-marrakech-Maroc-Soiree-de-gala-et-diner-de-gala-decoration-mariage-remise-de-prix--1536x864.png 1536w, https:\/\/secretstudioprod.com\/wp-content\/uploads\/2025\/02\/Organisation-evenements-entrepise-marrakech-Maroc-Soiree-de-gala-et-diner-de-gala-decoration-mariage-remise-de-prix--18x10.png 18w\" sizes=\"(max-width: 1920px) 100vw, 1920px\" \/>\t\t\t\t\t\t\t\t\t\t\t\t\t\t\t<\/div>\n\t\t\t\t\t<\/div>\n\t\t<\/div>\n\t\t\t\t<div class=\"elementor-column elementor-col-50 elementor-top-column elementor-element elementor-element-f21a04e\" data-id=\"f21a04e\" data-element_type=\"column\" data-e-type=\"column\">\n\t\t\t<div class=\"elementor-widget-wrap elementor-element-populated\">\n\t\t\t\t\t\t<div class=\"elementor-element elementor-element-9775c5c elementor-widget elementor-widget-heading\" data-id=\"9775c5c\" data-element_type=\"widget\" data-e-type=\"widget\" data-widget_type=\"heading.default\">\n\t\t\t\t\t<h2 class=\"elementor-heading-title elementor-size-default\">Why choose Secret Studio Prod?\n<\/h2>\t\t\t\t<\/div>\n\t\t\t\t<div class=\"elementor-element elementor-element-183eb58 elementor-position-inline-start elementor-mobile-position-inline-start elementor-view-default elementor-widget elementor-widget-icon-box\" data-id=\"183eb58\" data-element_type=\"widget\" data-e-type=\"widget\" data-widget_type=\"icon-box.default\">\n\t\t\t\t\t\t\t<div class=\"elementor-icon-box-wrapper\">\n\n\t\t\t\t\t\t<div class=\"elementor-icon-box-icon\">\n\t\t\t\t<span  class=\"elementor-icon\">\n\t\t\t\t<svg aria-hidden=\"true\" class=\"e-font-icon-svg e-fas-check\" viewbox=\"0 0 512 512\" xmlns=\"http:\/\/www.w3.org\/2000\/svg\"><path d=\"M173.898 439.404l-166.4-166.4c-9.997-9.997-9.997-26.206 0-36.204l36.203-36.204c9.997-9.998 26.207-9.998 36.204 0L192 312.69 432.095 72.596c9.997-9.997 26.207-9.997 36.204 0l36.203 36.204c9.997 9.997 9.997 26.206 0 36.204l-294.4 294.401c-9.998 9.997-26.207 9.997-36.204-.001z\"><\/path><\/svg>\t\t\t\t<\/span>\n\t\t\t<\/div>\n\t\t\t\n\t\t\t\t\t\t<div class=\"elementor-icon-box-content\">\n\n\t\t\t\t\n\t\t\t\t\t\t\t\t\t<p class=\"elementor-icon-box-description\">\n\t\t\t\t\t\tUncompromising Quality: We ensure top-quality equipment, rigorously tested and approved for every event.\t\t\t\t\t<\/p>\n\t\t\t\t\n\t\t\t<\/div>\n\t\t\t\n\t\t<\/div>\n\t\t\t\t\t\t<\/div>\n\t\t\t\t<div class=\"elementor-element elementor-element-dc1ea62 elementor-position-inline-start elementor-mobile-position-inline-start elementor-view-default elementor-widget elementor-widget-icon-box\" data-id=\"dc1ea62\" data-element_type=\"widget\" data-e-type=\"widget\" data-widget_type=\"icon-box.default\">\n\t\t\t\t\t\t\t<div class=\"elementor-icon-box-wrapper\">\n\n\t\t\t\t\t\t<div class=\"elementor-icon-box-icon\">\n\t\t\t\t<span  class=\"elementor-icon\">\n\t\t\t\t<svg aria-hidden=\"true\" class=\"e-font-icon-svg e-fas-check\" viewbox=\"0 0 512 512\" xmlns=\"http:\/\/www.w3.org\/2000\/svg\"><path d=\"M173.898 439.404l-166.4-166.4c-9.997-9.997-9.997-26.206 0-36.204l36.203-36.204c9.997-9.998 26.207-9.998 36.204 0L192 312.69 432.095 72.596c9.997-9.997 26.207-9.997 36.204 0l36.203 36.204c9.997 9.997 9.997 26.206 0 36.204l-294.4 294.401c-9.998 9.997-26.207 9.997-36.204-.001z\"><\/path><\/svg>\t\t\t\t<\/span>\n\t\t\t<\/div>\n\t\t\t\n\t\t\t\t\t\t<div class=\"elementor-icon-box-content\">\n\n\t\t\t\t\n\t\t\t\t\t\t\t\t\t<p class=\"elementor-icon-box-description\">\n\t\t\t\t\t\tFlexible Packages: We offer solutions that fit your budget, whether for a wedding, seminar, or festival.\t\t\t\t\t<\/p>\n\t\t\t\t\n\t\t\t<\/div>\n\t\t\t\n\t\t<\/div>\n\t\t\t\t\t\t<\/div>\n\t\t\t\t<div class=\"elementor-element elementor-element-505fe26 elementor-position-inline-start elementor-mobile-position-inline-start elementor-view-default elementor-widget elementor-widget-icon-box\" data-id=\"505fe26\" data-element_type=\"widget\" data-e-type=\"widget\" data-widget_type=\"icon-box.default\">\n\t\t\t\t\t\t\t<div class=\"elementor-icon-box-wrapper\">\n\n\t\t\t\t\t\t<div class=\"elementor-icon-box-icon\">\n\t\t\t\t<span  class=\"elementor-icon\">\n\t\t\t\t<svg aria-hidden=\"true\" class=\"e-font-icon-svg e-fas-check\" viewbox=\"0 0 512 512\" xmlns=\"http:\/\/www.w3.org\/2000\/svg\"><path d=\"M173.898 439.404l-166.4-166.4c-9.997-9.997-9.997-26.206 0-36.204l36.203-36.204c9.997-9.998 26.207-9.998 36.204 0L192 312.69 432.095 72.596c9.997-9.997 26.207-9.997 36.204 0l36.203 36.204c9.997 9.997 9.997 26.206 0 36.204l-294.4 294.401c-9.998 9.997-26.207 9.997-36.204-.001z\"><\/path><\/svg>\t\t\t\t<\/span>\n\t\t\t<\/div>\n\t\t\t\n\t\t\t\t\t\t<div class=\"elementor-icon-box-content\">\n\n\t\t\t\t\n\t\t\t\t\t\t\t\t\t<p class=\"elementor-icon-box-description\">\n\t\t\t\t\t\tDedicated Management: A full team oversees each project, ensuring the success of every step from the initial brief to final execution.\t\t\t\t\t<\/p>\n\t\t\t\t\n\t\t\t<\/div>\n\t\t\t\n\t\t<\/div>\n\t\t\t\t\t\t<\/div>\n\t\t\t\t\t<\/div>\n\t\t<\/div>\n\t\t\t\t\t<\/div>\n\t\t<\/section>\n\t\t\t\t<section class=\"elementor-section elementor-top-section elementor-element elementor-element-7d4eae2 elementor-section-stretched elementor-section-boxed elementor-section-height-default elementor-section-height-default wpr-particle-no wpr-jarallax-no wpr-parallax-no wpr-sticky-section-no wpr-equal-height-no\" data-id=\"7d4eae2\" data-element_type=\"section\" data-e-type=\"section\" data-settings=\"{&quot;background_background&quot;:&quot;classic&quot;,&quot;stretch_section&quot;:&quot;section-stretched&quot;}\">\n\t\t\t\t\t\t<div class=\"elementor-container elementor-column-gap-default\">\n\t\t\t\t\t<div class=\"elementor-column elementor-col-100 elementor-top-column elementor-element elementor-element-65f40b2\" data-id=\"65f40b2\" data-element_type=\"column\" data-e-type=\"column\">\n\t\t\t<div class=\"elementor-widget-wrap elementor-element-populated\">\n\t\t\t\t\t\t<div class=\"elementor-element elementor-element-091dd22 content-align-cta-default elementor-widget elementor-widget-eael-cta-box\" data-id=\"091dd22\" data-element_type=\"widget\" data-e-type=\"widget\" data-widget_type=\"eael-cta-box.default\">\n\t\t\t\t\t\t\t<div class=\"eael-call-to-action cta-basic bg-lite cta-preset-1\">\n        <p>With Secret Studio Prod, choose intelligent economic management where efficiency meets excellence. Make your next event a success without exceeding your budget!<\/p><a href=\"https:\/\/wa.me\/212669033011\" class=\"cta-button cta-preset-1\" target=\"_blank\" rel=\"noopener\"> Call us<\/a>\t<\/div>\n\t\t\t\t\t\t\t\t<\/div>\n\t\t\t\t\t<\/div>\n\t\t<\/div>\n\t\t\t\t\t<\/div>\n\t\t<\/section>\n\t\t\t\t<\/div>","protected":false},"excerpt":{"rendered":"<p>Gestion \u00e9conomique Une optimisation des co\u00fbts sans compromis sur la qualit\u00e9 avec Secret Studio Prod Chez Secret Studio Prod, nous croyons que la r\u00e9ussite d\u2019un \u00e9v\u00e9nement ne devrait jamais \u00eatre compromise par des contraintes budg\u00e9taires. Notre approche repose sur une optimisation strat\u00e9gique des co\u00fbts, garantissant \u00e0 nos clients une rentabilit\u00e9 maximale sans faire de compromis sur la qualit\u00e9 de nos prestations Comment y parvenons-nous ? Solutions sur mesure : Nous analysons vos besoins en d\u00e9tail pour proposer des solutions adapt\u00e9es, \u00e9vitant ainsi les d\u00e9penses inutiles. Partenariats solides : Gr\u00e2ce \u00e0 nos relations privil\u00e9gi\u00e9es avec des fournisseurs internationaux, nous b\u00e9n\u00e9ficions de tarifs comp\u00e9titifs sur le mat\u00e9riel sc\u00e9nique, les \u00e9quipements son et lumi\u00e8re, ou encore les \u00e9crans LED. Logistique ma\u00eetris\u00e9e : Nos \u00e9quipes exp\u00e9riment\u00e9es veillent \u00e0 une gestion optimale du transport, de l\u2019installation et du d\u00e9montage, minimisant ainsi les co\u00fbts op\u00e9rationnels. Innovation technologique : En int\u00e9grant des technologies de pointe, nous augmentons l\u2019efficacit\u00e9 tout en r\u00e9duisant les ressources n\u00e9cessaires pour cr\u00e9er des exp\u00e9riences exceptionnelles. Pourquoi choisir Secret Studio Prod ? Vous b\u00e9n\u00e9ficiez d\u2019une qualit\u00e9 irr\u00e9prochable gr\u00e2ce \u00e0 des \u00e9quipements de haut niveau, test\u00e9s et approuv\u00e9s pour chaque \u00e9v\u00e9nement. Nous proposons des packs flexibles adapt\u00e9s \u00e0 votre budget, que ce soit pour un mariage, un s\u00e9minaire ou un festival. Chaque projet est supervis\u00e9 par une \u00e9quipe d\u00e9di\u00e9e qui veille \u00e0 optimiser chaque d\u00e9tail, du premier brief \u00e0 l\u2019ex\u00e9cution finale. Avec Secret Studio Prod, faites le choix d\u2019une gestion \u00e9conomique intelligente, o\u00f9 efficacit\u00e9 rime avec excellence. Faites de votre prochain \u00e9v\u00e9nement un succ\u00e8s, sans d\u00e9passement de budget ! Appelez-nous<\/p>","protected":false},"author":1,"featured_media":0,"parent":0,"menu_order":0,"comment_status":"closed","ping_status":"closed","template":"elementor_header_footer","meta":{"site-sidebar-layout":"no-sidebar","site-content-layout":"","ast-site-content-layout":"full-width-container","site-content-style":"default","site-sidebar-style":"default","ast-global-header-display":"","ast-banner-title-visibility":"","ast-main-header-display":"","ast-hfb-above-header-display":"","ast-hfb-below-header-display":"","ast-hfb-mobile-header-display":"","site-post-title":"disabled","ast-breadcrumbs-content":"","ast-featured-img":"disabled","footer-sml-layout":"","ast-disable-related-posts":"","theme-transparent-header-meta":"","adv-header-id-meta":"","stick-header-meta":"","header-above-stick-meta":"","header-main-stick-meta":"","header-below-stick-meta":"","astra-migrate-meta-layouts":"default","ast-page-background-enabled":"default","ast-page-background-meta":{"desktop":{"background-color":"var(--ast-global-color-4)","background-image":"","background-repeat":"repeat","background-position":"center center","background-size":"auto","background-attachment":"scroll","background-type":"","background-media":"","overlay-type":"","overlay-color":"","overlay-opacity":"","overlay-gradient":""},"tablet":{"background-color":"","background-image":"","background-repeat":"repeat","background-position":"center center","background-size":"auto","background-attachment":"scroll","background-type":"","background-media":"","overlay-type":"","overlay-color":"","overlay-opacity":"","overlay-gradient":""},"mobile":{"background-color":"","background-image":"","background-repeat":"repeat","background-position":"center center","background-size":"auto","background-attachment":"scroll","background-type":"","background-media":"","overlay-type":"","overlay-color":"","overlay-opacity":"","overlay-gradient":""}},"ast-content-background-meta":{"desktop":{"background-color":"var(--ast-global-color-5)","background-image":"","background-repeat":"repeat","background-position":"center center","background-size":"auto","background-attachment":"scroll","background-type":"","background-media":"","overlay-type":"","overlay-color":"","overlay-opacity":"","overlay-gradient":""},"tablet":{"background-color":"var(--ast-global-color-5)","background-image":"","background-repeat":"repeat","background-position":"center center","background-size":"auto","background-attachment":"scroll","background-type":"","background-media":"","overlay-type":"","overlay-color":"","overlay-opacity":"","overlay-gradient":""},"mobile":{"background-color":"var(--ast-global-color-5)","background-image":"","background-repeat":"repeat","background-position":"center center","background-size":"auto","background-attachment":"scroll","background-type":"","background-media":"","overlay-type":"","overlay-color":"","overlay-opacity":"","overlay-gradient":""}},"footnotes":""},"class_list":["post-882","page","type-page","status-publish","hentry"],"_links":{"self":[{"href":"https:\/\/secretstudioprod.com\/en\/wp-json\/wp\/v2\/pages\/882","targetHints":{"allow":["GET"]}}],"collection":[{"href":"https:\/\/secretstudioprod.com\/en\/wp-json\/wp\/v2\/pages"}],"about":[{"href":"https:\/\/secretstudioprod.com\/en\/wp-json\/wp\/v2\/types\/page"}],"author":[{"embeddable":true,"href":"https:\/\/secretstudioprod.com\/en\/wp-json\/wp\/v2\/users\/1"}],"replies":[{"embeddable":true,"href":"https:\/\/secretstudioprod.com\/en\/wp-json\/wp\/v2\/comments?post=882"}],"version-history":[{"count":66,"href":"https:\/\/secretstudioprod.com\/en\/wp-json\/wp\/v2\/pages\/882\/revisions"}],"predecessor-version":[{"id":1308,"href":"https:\/\/secretstudioprod.com\/en\/wp-json\/wp\/v2\/pages\/882\/revisions\/1308"}],"wp:attachment":[{"href":"https:\/\/secretstudioprod.com\/en\/wp-json\/wp\/v2\/media?parent=882"}],"curies":[{"name":"wp","href":"https:\/\/api.w.org\/{rel}","templated":true}]}}