{"id":1020,"date":"2025-02-09T15:37:32","date_gmt":"2025-02-09T15:37:32","guid":{"rendered":"https:\/\/secretstudioprod.com\/?page_id=1020"},"modified":"2025-05-05T12:26:11","modified_gmt":"2025-05-05T12:26:11","slug":"location-de-materiel-informatique-et-solutions-reseau","status":"publish","type":"page","link":"https:\/\/secretstudioprod.com\/fr\/location-de-materiel-informatique-et-solutions-reseau\/","title":{"rendered":"Location de mat\u00e9riel informatique et solutions r\u00e9seau"},"content":{"rendered":"\t\t<div data-elementor-type=\"wp-page\" data-elementor-id=\"1020\" class=\"elementor elementor-1020\">\n\t\t\t\t\t\t<section class=\"elementor-section elementor-top-section elementor-element elementor-element-5c72c54 elementor-section-stretched elementor-section-boxed elementor-section-height-default elementor-section-height-default wpr-particle-no wpr-jarallax-no wpr-parallax-no wpr-sticky-section-no wpr-equal-height-no\" data-id=\"5c72c54\" data-element_type=\"section\" data-e-type=\"section\" data-settings=\"{&quot;background_background&quot;:&quot;classic&quot;,&quot;stretch_section&quot;:&quot;section-stretched&quot;,&quot;shape_divider_bottom&quot;:&quot;triangle-asymmetrical&quot;}\">\n\t\t\t\t\t<div class=\"elementor-shape elementor-shape-bottom\" aria-hidden=\"true\" data-negative=\"false\">\n\t\t\t<svg xmlns=\"http:\/\/www.w3.org\/2000\/svg\" viewBox=\"0 0 1000 100\" preserveAspectRatio=\"none\">\n\t<path class=\"elementor-shape-fill\" d=\"M738,99l262-93V0H0v5.6L738,99z\"\/>\n<\/svg>\t\t<\/div>\n\t\t\t\t\t<div class=\"elementor-container elementor-column-gap-default\">\n\t\t\t\t\t<div class=\"elementor-column elementor-col-100 elementor-top-column elementor-element elementor-element-6f9d5be\" data-id=\"6f9d5be\" data-element_type=\"column\" data-e-type=\"column\">\n\t\t\t<div class=\"elementor-widget-wrap elementor-element-populated\">\n\t\t\t\t\t\t<div class=\"elementor-element elementor-element-4cbd16e elementor-widget elementor-widget-heading\" data-id=\"4cbd16e\" data-element_type=\"widget\" data-e-type=\"widget\" data-widget_type=\"heading.default\">\n\t\t\t\t\t<h2 class=\"elementor-heading-title elementor-size-default\">Location de mat\u00e9riel informatique et solutions r\u00e9seau <\/h2>\t\t\t\t<\/div>\n\t\t\t\t<div class=\"elementor-element elementor-element-6c405fd elementor-widget elementor-widget-heading\" data-id=\"6c405fd\" data-element_type=\"widget\" data-e-type=\"widget\" data-widget_type=\"heading.default\">\n\t\t\t\t\t<h3 class=\"elementor-heading-title elementor-size-default\">vous connecte intelligemment<\/h3>\t\t\t\t<\/div>\n\t\t\t\t<div class=\"elementor-element elementor-element-c055d7c elementor-widget__width-initial elementor-widget elementor-widget-heading\" data-id=\"c055d7c\" data-element_type=\"widget\" data-e-type=\"widget\" data-widget_type=\"heading.default\">\n\t\t\t\t\t<h2 class=\"elementor-heading-title elementor-size-default\">Notre large stock d'ordinateurs, r\u00e9guli\u00e8rement mis \u00e0 jour, est sp\u00e9cialement con\u00e7u pour r\u00e9pondre aux besoins exigeants du secteur audiovisuel. Bien plus que des ordinateurs classiques, nos syst\u00e8mes puissants sont configur\u00e9s pour s'int\u00e9grer parfaitement \u00e0 vos solutions audiovisuelles. Nous savons exactement ce qu'il vous faut pour garantir le succ\u00e8s en ligne de vos \u00e9v\u00e9nements.<\/h2>\t\t\t\t<\/div>\n\t\t\t\t\t<\/div>\n\t\t<\/div>\n\t\t\t\t\t<\/div>\n\t\t<\/section>\n\t\t\t\t<section class=\"elementor-section elementor-top-section elementor-element elementor-element-0f47b51 elementor-section-stretched elementor-reverse-mobile elementor-section-boxed elementor-section-height-default elementor-section-height-default wpr-particle-no wpr-jarallax-no wpr-parallax-no wpr-sticky-section-no wpr-equal-height-no\" data-id=\"0f47b51\" data-element_type=\"section\" data-e-type=\"section\" data-settings=\"{&quot;background_background&quot;:&quot;classic&quot;,&quot;stretch_section&quot;:&quot;section-stretched&quot;}\">\n\t\t\t\t\t\t<div class=\"elementor-container elementor-column-gap-default\">\n\t\t\t\t\t<div class=\"elementor-column elementor-col-50 elementor-top-column elementor-element elementor-element-43ae727\" data-id=\"43ae727\" data-element_type=\"column\" data-e-type=\"column\">\n\t\t\t<div class=\"elementor-widget-wrap elementor-element-populated\">\n\t\t\t\t\t\t<div class=\"elementor-element elementor-element-99101fa elementor-widget elementor-widget-heading\" data-id=\"99101fa\" data-element_type=\"widget\" data-e-type=\"widget\" data-widget_type=\"heading.default\">\n\t\t\t\t\t<h2 class=\"elementor-heading-title elementor-size-default\">Nos services de location informatique incluent :\n<\/h2>\t\t\t\t<\/div>\n\t\t\t\t<div class=\"elementor-element elementor-element-8e14180 elementor-widget elementor-widget-text-editor\" data-id=\"8e14180\" data-element_type=\"widget\" data-e-type=\"widget\" data-widget_type=\"text-editor.default\">\n\t\t\t\t\t\t\t\t\t<p>Nous proposons des solutions informatiques en location, adapt\u00e9es \u00e0 vos \u00e9v\u00e9nements et besoins professionnels, avec installation et support technique inclus.<\/p><ul><li><strong>Ordinateurs Dell Precision haut de gamme<\/strong><\/li><li><strong>Ordinateurs portables et de bureau<\/strong><\/li><li><strong>Imprimantes laser grand format<\/strong><\/li><li><strong>Commutateurs r\u00e9seau<\/strong><\/li><li><strong>Planification experte avant l&rsquo;\u00e9v\u00e9nement, avec installation et support technique sur site<\/strong><\/li><\/ul>\t\t\t\t\t\t\t\t<\/div>\n\t\t\t\t\t<\/div>\n\t\t<\/div>\n\t\t\t\t<div class=\"elementor-column elementor-col-50 elementor-top-column elementor-element elementor-element-aebc475\" data-id=\"aebc475\" data-element_type=\"column\" data-e-type=\"column\">\n\t\t\t<div class=\"elementor-widget-wrap elementor-element-populated\">\n\t\t\t\t\t\t<div class=\"elementor-element elementor-element-7957647 elementor-widget elementor-widget-image\" data-id=\"7957647\" data-element_type=\"widget\" data-e-type=\"widget\" data-widget_type=\"image.default\">\n\t\t\t\t\t\t\t\t\t\t\t\t\t\t\t<img fetchpriority=\"high\" decoding=\"async\" width=\"1024\" height=\"576\" src=\"https:\/\/secretstudioprod.com\/wp-content\/uploads\/2025\/03\/Location-de-materiel-informatique-et-solutions-reseau-a-marrakech--1024x576.png\" class=\"attachment-large size-large wp-image-1092\" alt=\"\" srcset=\"https:\/\/secretstudioprod.com\/wp-content\/uploads\/2025\/03\/Location-de-materiel-informatique-et-solutions-reseau-a-marrakech--1024x576.png 1024w, https:\/\/secretstudioprod.com\/wp-content\/uploads\/2025\/03\/Location-de-materiel-informatique-et-solutions-reseau-a-marrakech--300x169.png 300w, https:\/\/secretstudioprod.com\/wp-content\/uploads\/2025\/03\/Location-de-materiel-informatique-et-solutions-reseau-a-marrakech--768x432.png 768w, https:\/\/secretstudioprod.com\/wp-content\/uploads\/2025\/03\/Location-de-materiel-informatique-et-solutions-reseau-a-marrakech--1536x864.png 1536w, https:\/\/secretstudioprod.com\/wp-content\/uploads\/2025\/03\/Location-de-materiel-informatique-et-solutions-reseau-a-marrakech--18x10.png 18w, https:\/\/secretstudioprod.com\/wp-content\/uploads\/2025\/03\/Location-de-materiel-informatique-et-solutions-reseau-a-marrakech-.png 1920w\" sizes=\"(max-width: 1024px) 100vw, 1024px\" \/>\t\t\t\t\t\t\t\t\t\t\t\t\t\t\t<\/div>\n\t\t\t\t\t<\/div>\n\t\t<\/div>\n\t\t\t\t\t<\/div>\n\t\t<\/section>\n\t\t\t\t<section class=\"elementor-section elementor-top-section elementor-element elementor-element-cd26c5c elementor-section-stretched elementor-section-boxed elementor-section-height-default elementor-section-height-default wpr-particle-no wpr-jarallax-no wpr-parallax-no wpr-sticky-section-no wpr-equal-height-no\" data-id=\"cd26c5c\" data-element_type=\"section\" data-e-type=\"section\" data-settings=\"{&quot;background_background&quot;:&quot;classic&quot;,&quot;stretch_section&quot;:&quot;section-stretched&quot;,&quot;shape_divider_top&quot;:&quot;triangle-asymmetrical&quot;}\">\n\t\t\t\t\t<div class=\"elementor-shape elementor-shape-top\" aria-hidden=\"true\" data-negative=\"false\">\n\t\t\t<svg xmlns=\"http:\/\/www.w3.org\/2000\/svg\" viewBox=\"0 0 1000 100\" preserveAspectRatio=\"none\">\n\t<path class=\"elementor-shape-fill\" d=\"M738,99l262-93V0H0v5.6L738,99z\"\/>\n<\/svg>\t\t<\/div>\n\t\t\t\t\t<div class=\"elementor-container elementor-column-gap-default\">\n\t\t\t\t\t<div class=\"elementor-column elementor-col-50 elementor-top-column elementor-element elementor-element-06544d2\" data-id=\"06544d2\" data-element_type=\"column\" data-e-type=\"column\">\n\t\t\t<div class=\"elementor-widget-wrap elementor-element-populated\">\n\t\t\t\t\t\t<div class=\"elementor-element elementor-element-8793be9 elementor-widget elementor-widget-image\" data-id=\"8793be9\" data-element_type=\"widget\" data-e-type=\"widget\" data-widget_type=\"image.default\">\n\t\t\t\t\t\t\t\t\t\t\t\t\t\t\t<img decoding=\"async\" width=\"1920\" height=\"1080\" src=\"https:\/\/secretstudioprod.com\/wp-content\/uploads\/2025\/03\/Branding-et-Solutions-Digitales-pour-Evenements-et-Entreprises.png\" class=\"attachment-full size-full wp-image-1093\" alt=\"\" srcset=\"https:\/\/secretstudioprod.com\/wp-content\/uploads\/2025\/03\/Branding-et-Solutions-Digitales-pour-Evenements-et-Entreprises.png 1920w, https:\/\/secretstudioprod.com\/wp-content\/uploads\/2025\/03\/Branding-et-Solutions-Digitales-pour-Evenements-et-Entreprises-300x169.png 300w, https:\/\/secretstudioprod.com\/wp-content\/uploads\/2025\/03\/Branding-et-Solutions-Digitales-pour-Evenements-et-Entreprises-1024x576.png 1024w, https:\/\/secretstudioprod.com\/wp-content\/uploads\/2025\/03\/Branding-et-Solutions-Digitales-pour-Evenements-et-Entreprises-768x432.png 768w, https:\/\/secretstudioprod.com\/wp-content\/uploads\/2025\/03\/Branding-et-Solutions-Digitales-pour-Evenements-et-Entreprises-1536x864.png 1536w, https:\/\/secretstudioprod.com\/wp-content\/uploads\/2025\/03\/Branding-et-Solutions-Digitales-pour-Evenements-et-Entreprises-18x10.png 18w\" sizes=\"(max-width: 1920px) 100vw, 1920px\" \/>\t\t\t\t\t\t\t\t\t\t\t\t\t\t\t<\/div>\n\t\t\t\t\t<\/div>\n\t\t<\/div>\n\t\t\t\t<div class=\"elementor-column elementor-col-50 elementor-top-column elementor-element elementor-element-f21a04e\" data-id=\"f21a04e\" data-element_type=\"column\" data-e-type=\"column\">\n\t\t\t<div class=\"elementor-widget-wrap elementor-element-populated\">\n\t\t\t\t\t\t<div class=\"elementor-element elementor-element-9775c5c elementor-widget elementor-widget-heading\" data-id=\"9775c5c\" data-element_type=\"widget\" data-e-type=\"widget\" data-widget_type=\"heading.default\">\n\t\t\t\t\t<h2 class=\"elementor-heading-title elementor-size-default\">Solutions Digitales pour \u00c9v\u00e9nements et Entreprises<\/h2>\t\t\t\t<\/div>\n\t\t\t\t<div class=\"elementor-element elementor-element-b34fbfe elementor-widget elementor-widget-text-editor\" data-id=\"b34fbfe\" data-element_type=\"widget\" data-e-type=\"widget\" data-widget_type=\"text-editor.default\">\n\t\t\t\t\t\t\t\t\t<p>Secret Studio Prod Digital Services vous accompagne dans la planification, l&rsquo;installation et le support technique des derni\u00e8res solutions informatiques. Id\u00e9al pour :<\/p><ul><li><strong>Pr\u00e9sentations d&rsquo;\u00e9v\u00e9nements<\/strong><\/li><li><strong>Enregistrement des participants<\/strong><\/li><li><strong>Caf\u00e9s internet<\/strong><\/li><li><strong>Bureaux sur site<\/strong><\/li><li><strong>Stands d&rsquo;exposition<\/strong><\/li><\/ul>\t\t\t\t\t\t\t\t<\/div>\n\t\t\t\t\t<\/div>\n\t\t<\/div>\n\t\t\t\t\t<\/div>\n\t\t<\/section>\n\t\t\t\t<\/div>\n\t\t","protected":false},"excerpt":{"rendered":"<p>Location de mat\u00e9riel informatique et solutions r\u00e9seau vous connecte intelligemment Notre large stock d&rsquo;ordinateurs, r\u00e9guli\u00e8rement mis \u00e0 jour, est sp\u00e9cialement con\u00e7u pour r\u00e9pondre aux besoins exigeants du secteur audiovisuel. Bien plus que des ordinateurs classiques, nos syst\u00e8mes puissants sont configur\u00e9s pour s&rsquo;int\u00e9grer parfaitement \u00e0 vos solutions audiovisuelles. Nous savons exactement ce qu&rsquo;il vous faut pour garantir le succ\u00e8s en ligne de vos \u00e9v\u00e9nements. Nos services de location informatique incluent : Nous proposons des solutions informatiques en location, adapt\u00e9es \u00e0 vos \u00e9v\u00e9nements et besoins professionnels, avec installation et support technique inclus. Ordinateurs Dell Precision haut de gamme Ordinateurs portables et de bureau Imprimantes laser grand format Commutateurs r\u00e9seau Planification experte avant l&rsquo;\u00e9v\u00e9nement, avec installation et support technique sur site Solutions Digitales pour \u00c9v\u00e9nements et Entreprises Secret Studio Prod Digital Services vous accompagne dans la planification, l&rsquo;installation et le support technique des derni\u00e8res solutions informatiques. Id\u00e9al pour : Pr\u00e9sentations d&rsquo;\u00e9v\u00e9nements Enregistrement des participants Caf\u00e9s internet Bureaux sur site Stands d&rsquo;exposition<\/p>\n","protected":false},"author":1,"featured_media":0,"parent":0,"menu_order":0,"comment_status":"closed","ping_status":"closed","template":"elementor_header_footer","meta":{"site-sidebar-layout":"no-sidebar","site-content-layout":"","ast-site-content-layout":"full-width-container","site-content-style":"default","site-sidebar-style":"default","ast-global-header-display":"","ast-banner-title-visibility":"","ast-main-header-display":"","ast-hfb-above-header-display":"","ast-hfb-below-header-display":"","ast-hfb-mobile-header-display":"","site-post-title":"disabled","ast-breadcrumbs-content":"","ast-featured-img":"disabled","footer-sml-layout":"","ast-disable-related-posts":"","theme-transparent-header-meta":"","adv-header-id-meta":"","stick-header-meta":"","header-above-stick-meta":"","header-main-stick-meta":"","header-below-stick-meta":"","astra-migrate-meta-layouts":"default","ast-page-background-enabled":"default","ast-page-background-meta":{"desktop":{"background-color":"var(--ast-global-color-4)","background-image":"","background-repeat":"repeat","background-position":"center center","background-size":"auto","background-attachment":"scroll","background-type":"","background-media":"","overlay-type":"","overlay-color":"","overlay-opacity":"","overlay-gradient":""},"tablet":{"background-color":"","background-image":"","background-repeat":"repeat","background-position":"center center","background-size":"auto","background-attachment":"scroll","background-type":"","background-media":"","overlay-type":"","overlay-color":"","overlay-opacity":"","overlay-gradient":""},"mobile":{"background-color":"","background-image":"","background-repeat":"repeat","background-position":"center center","background-size":"auto","background-attachment":"scroll","background-type":"","background-media":"","overlay-type":"","overlay-color":"","overlay-opacity":"","overlay-gradient":""}},"ast-content-background-meta":{"desktop":{"background-color":"var(--ast-global-color-5)","background-image":"","background-repeat":"repeat","background-position":"center center","background-size":"auto","background-attachment":"scroll","background-type":"","background-media":"","overlay-type":"","overlay-color":"","overlay-opacity":"","overlay-gradient":""},"tablet":{"background-color":"var(--ast-global-color-5)","background-image":"","background-repeat":"repeat","background-position":"center center","background-size":"auto","background-attachment":"scroll","background-type":"","background-media":"","overlay-type":"","overlay-color":"","overlay-opacity":"","overlay-gradient":""},"mobile":{"background-color":"var(--ast-global-color-5)","background-image":"","background-repeat":"repeat","background-position":"center center","background-size":"auto","background-attachment":"scroll","background-type":"","background-media":"","overlay-type":"","overlay-color":"","overlay-opacity":"","overlay-gradient":""}},"footnotes":""},"class_list":["post-1020","page","type-page","status-publish","hentry"],"_links":{"self":[{"href":"https:\/\/secretstudioprod.com\/fr\/wp-json\/wp\/v2\/pages\/1020","targetHints":{"allow":["GET"]}}],"collection":[{"href":"https:\/\/secretstudioprod.com\/fr\/wp-json\/wp\/v2\/pages"}],"about":[{"href":"https:\/\/secretstudioprod.com\/fr\/wp-json\/wp\/v2\/types\/page"}],"author":[{"embeddable":true,"href":"https:\/\/secretstudioprod.com\/fr\/wp-json\/wp\/v2\/users\/1"}],"replies":[{"embeddable":true,"href":"https:\/\/secretstudioprod.com\/fr\/wp-json\/wp\/v2\/comments?post=1020"}],"version-history":[{"count":25,"href":"https:\/\/secretstudioprod.com\/fr\/wp-json\/wp\/v2\/pages\/1020\/revisions"}],"predecessor-version":[{"id":1436,"href":"https:\/\/secretstudioprod.com\/fr\/wp-json\/wp\/v2\/pages\/1020\/revisions\/1436"}],"wp:attachment":[{"href":"https:\/\/secretstudioprod.com\/fr\/wp-json\/wp\/v2\/media?parent=1020"}],"curies":[{"name":"wp","href":"https:\/\/api.w.org\/{rel}","templated":true}]}}