{"id":1286,"date":"2025-04-14T12:41:48","date_gmt":"2025-04-14T12:41:48","guid":{"rendered":"https:\/\/secretstudioprod.com\/?page_id=1286"},"modified":"2025-04-28T15:32:55","modified_gmt":"2025-04-28T15:32:55","slug":"organisation-evenements-a-distance-marrakech","status":"publish","type":"page","link":"https:\/\/secretstudioprod.com\/fr\/organisation-evenements-a-distance-marrakech\/","title":{"rendered":"Organisation d&rsquo;\u00c9v\u00e9nements \u00e0 Distance : Votre Partenaire de Confiance pour un Service Cl\u00e9 en Main \u00e0 Marrakech et au Maroc"},"content":{"rendered":"\t\t<div data-elementor-type=\"wp-page\" data-elementor-id=\"1286\" class=\"elementor elementor-1286\">\n\t\t\t\t\t\t<section class=\"elementor-section elementor-top-section elementor-element elementor-element-5c72c54 elementor-section-stretched elementor-section-boxed elementor-section-height-default elementor-section-height-default wpr-particle-no wpr-jarallax-no wpr-parallax-no wpr-sticky-section-no wpr-equal-height-no\" data-id=\"5c72c54\" data-element_type=\"section\" data-e-type=\"section\" data-settings=\"{&quot;background_background&quot;:&quot;classic&quot;,&quot;stretch_section&quot;:&quot;section-stretched&quot;,&quot;shape_divider_bottom&quot;:&quot;triangle-asymmetrical&quot;}\">\n\t\t\t\t\t<div class=\"elementor-shape elementor-shape-bottom\" aria-hidden=\"true\" data-negative=\"false\">\n\t\t\t<svg xmlns=\"http:\/\/www.w3.org\/2000\/svg\" viewBox=\"0 0 1000 100\" preserveAspectRatio=\"none\">\n\t<path class=\"elementor-shape-fill\" d=\"M738,99l262-93V0H0v5.6L738,99z\"\/>\n<\/svg>\t\t<\/div>\n\t\t\t\t\t<div class=\"elementor-container elementor-column-gap-default\">\n\t\t\t\t\t<div class=\"elementor-column elementor-col-100 elementor-top-column elementor-element elementor-element-6f9d5be\" data-id=\"6f9d5be\" data-element_type=\"column\" data-e-type=\"column\">\n\t\t\t<div class=\"elementor-widget-wrap elementor-element-populated\">\n\t\t\t\t\t\t<div class=\"elementor-element elementor-element-9af83f3 elementor-widget elementor-widget-heading\" data-id=\"9af83f3\" data-element_type=\"widget\" data-e-type=\"widget\" data-widget_type=\"heading.default\">\n\t\t\t\t\t<h1 class=\"elementor-heading-title elementor-size-default\">Organisation d'\u00c9v\u00e9nements \u00e0 Distance : Votre Partenaire de Confiance pour un Service Cl\u00e9 en Main \u00e0 Marrakech et au Maroc<\/h1>\t\t\t\t<\/div>\n\t\t\t\t<div class=\"elementor-element elementor-element-5c77937 elementor-widget elementor-widget-text-editor\" data-id=\"5c77937\" data-element_type=\"widget\" data-e-type=\"widget\" data-widget_type=\"text-editor.default\">\n\t\t\t\t\t\t\t\t\t<p>Chez Secret Studio Prod, nous comprenons que l&rsquo;organisation d&rsquo;un \u00e9v\u00e9nement professionnel, tel qu&rsquo;un congr\u00e8s ou un s\u00e9minaire \u00e0 Marrakech ou ailleurs au Maroc, peut repr\u00e9senter un d\u00e9fi pour les clients \u00e9trangers, surtout lorsqu&rsquo;ils ne peuvent pas se d\u00e9placer sur place. Pour leur faciliter la t\u00e2che, nous proposons une solution cl\u00e9 en main : nous prenons en charge l&rsquo;inspection compl\u00e8te du lieu de l&rsquo;\u00e9v\u00e9nement en leur nom.<\/p>\t\t\t\t\t\t\t\t<\/div>\n\t\t\t\t\t<\/div>\n\t\t<\/div>\n\t\t\t\t\t<\/div>\n\t\t<\/section>\n\t\t\t\t<section class=\"elementor-section elementor-top-section elementor-element elementor-element-0f47b51 elementor-section-stretched elementor-reverse-mobile elementor-reverse-tablet elementor-section-boxed elementor-section-height-default elementor-section-height-default wpr-particle-no wpr-jarallax-no wpr-parallax-no wpr-sticky-section-no wpr-equal-height-no\" data-id=\"0f47b51\" data-element_type=\"section\" data-e-type=\"section\" data-settings=\"{&quot;background_background&quot;:&quot;classic&quot;,&quot;stretch_section&quot;:&quot;section-stretched&quot;}\">\n\t\t\t\t\t\t<div class=\"elementor-container elementor-column-gap-default\">\n\t\t\t\t\t<div class=\"elementor-column elementor-col-50 elementor-top-column elementor-element elementor-element-43ae727\" data-id=\"43ae727\" data-element_type=\"column\" data-e-type=\"column\">\n\t\t\t<div class=\"elementor-widget-wrap elementor-element-populated\">\n\t\t\t\t\t\t<div class=\"elementor-element elementor-element-8e14180 elementor-widget elementor-widget-text-editor\" data-id=\"8e14180\" data-element_type=\"widget\" data-e-type=\"widget\" data-widget_type=\"text-editor.default\">\n\t\t\t\t\t\t\t\t\t<p><strong>Notre \u00e9quipe d&rsquo;experts se d\u00e9place pour \u00e9valuer le site et fournir un rapport d\u00e9taill\u00e9 incluant :<\/strong><\/p><ul><li>Les dimensions pr\u00e9cises du lieu d&rsquo;\u00e9v\u00e9nement.<\/li><li>L&rsquo;analyse des sources \u00e9lectriques disponibles.<\/li><li>Une \u00e9tude compl\u00e8te des besoins techniques, accompagn\u00e9e d\u2019un plan 3D d\u00e9taill\u00e9 pour une visualisation optimale.<\/li><li>Les \u00e9quipements de sonorisation n\u00e9cessaires, adapt\u00e9s \u00e0 la configuration et \u00e0 la taille du lieu.<\/li><li>La d\u00e9finition des besoins en \u00e9clairage, pour une mise en valeur des espaces et une ambiance professionnelle.<\/li><li>Une liste compl\u00e8te de tout le mat\u00e9riel technique requis pour garantir le bon d\u00e9roulement de l\u2019\u00e9v\u00e9nement.<\/li><\/ul>\t\t\t\t\t\t\t\t<\/div>\n\t\t\t\t\t<\/div>\n\t\t<\/div>\n\t\t\t\t<div class=\"elementor-column elementor-col-50 elementor-top-column elementor-element elementor-element-aebc475\" data-id=\"aebc475\" data-element_type=\"column\" data-e-type=\"column\">\n\t\t\t<div class=\"elementor-widget-wrap elementor-element-populated\">\n\t\t\t\t\t\t<div class=\"elementor-element elementor-element-7957647 elementor-widget elementor-widget-image\" data-id=\"7957647\" data-element_type=\"widget\" data-e-type=\"widget\" data-widget_type=\"image.default\">\n\t\t\t\t\t\t\t\t\t\t\t\t\t\t\t<img fetchpriority=\"high\" decoding=\"async\" width=\"1024\" height=\"570\" src=\"https:\/\/secretstudioprod.com\/wp-content\/uploads\/2025\/04\/Plan-3d-festival-1024x570.png\" class=\"attachment-large size-large wp-image-1419\" alt=\"\" srcset=\"https:\/\/secretstudioprod.com\/wp-content\/uploads\/2025\/04\/Plan-3d-festival-1024x570.png 1024w, https:\/\/secretstudioprod.com\/wp-content\/uploads\/2025\/04\/Plan-3d-festival-300x167.png 300w, https:\/\/secretstudioprod.com\/wp-content\/uploads\/2025\/04\/Plan-3d-festival-768x428.png 768w, https:\/\/secretstudioprod.com\/wp-content\/uploads\/2025\/04\/Plan-3d-festival-1536x855.png 1536w, https:\/\/secretstudioprod.com\/wp-content\/uploads\/2025\/04\/Plan-3d-festival-scaled.png 2048w, https:\/\/secretstudioprod.com\/wp-content\/uploads\/2025\/04\/Plan-3d-festival-18x10.png 18w\" sizes=\"(max-width: 1024px) 100vw, 1024px\" \/>\t\t\t\t\t\t\t\t\t\t\t\t\t\t\t<\/div>\n\t\t\t\t\t<\/div>\n\t\t<\/div>\n\t\t\t\t\t<\/div>\n\t\t<\/section>\n\t\t\t\t<section class=\"elementor-section elementor-top-section elementor-element elementor-element-cd26c5c elementor-section-stretched elementor-section-boxed elementor-section-height-default elementor-section-height-default wpr-particle-no wpr-jarallax-no wpr-parallax-no wpr-sticky-section-no wpr-equal-height-no\" data-id=\"cd26c5c\" data-element_type=\"section\" data-e-type=\"section\" data-settings=\"{&quot;background_background&quot;:&quot;classic&quot;,&quot;stretch_section&quot;:&quot;section-stretched&quot;,&quot;shape_divider_top&quot;:&quot;triangle-asymmetrical&quot;}\">\n\t\t\t\t\t<div class=\"elementor-shape elementor-shape-top\" aria-hidden=\"true\" data-negative=\"false\">\n\t\t\t<svg xmlns=\"http:\/\/www.w3.org\/2000\/svg\" viewBox=\"0 0 1000 100\" preserveAspectRatio=\"none\">\n\t<path class=\"elementor-shape-fill\" d=\"M738,99l262-93V0H0v5.6L738,99z\"\/>\n<\/svg>\t\t<\/div>\n\t\t\t\t\t<div class=\"elementor-container elementor-column-gap-default\">\n\t\t\t\t\t<div class=\"elementor-column elementor-col-100 elementor-top-column elementor-element elementor-element-f21a04e\" data-id=\"f21a04e\" data-element_type=\"column\" data-e-type=\"column\">\n\t\t\t<div class=\"elementor-widget-wrap elementor-element-populated\">\n\t\t\t\t\t\t<div class=\"elementor-element elementor-element-b34fbfe elementor-widget elementor-widget-text-editor\" data-id=\"b34fbfe\" data-element_type=\"widget\" data-e-type=\"widget\" data-widget_type=\"text-editor.default\">\n\t\t\t\t\t\t\t\t\t<p>Avec cette approche, nos clients \u00e9trangers peuvent organiser leur \u00e9v\u00e9nement \u00e0 distance en toute s\u00e9r\u00e9nit\u00e9, en s\u2019appuyant sur nos recommandations professionnelles et notre expertise. Chez Secret Studio Prod, nous veillons \u00e0 ce que chaque d\u00e9tail soit pris en compte pour assurer le succ\u00e8s de votre \u00e9v\u00e9nement, m\u00eame en votre absence.<\/p>\t\t\t\t\t\t\t\t<\/div>\n\t\t\t\t\t<\/div>\n\t\t<\/div>\n\t\t\t\t\t<\/div>\n\t\t<\/section>\n\t\t\t\t<\/div>\n\t\t","protected":false},"excerpt":{"rendered":"<p>Organisation d&rsquo;\u00c9v\u00e9nements \u00e0 Distance : Votre Partenaire de Confiance pour un Service Cl\u00e9 en Main \u00e0 Marrakech et au Maroc Chez Secret Studio Prod, nous comprenons que l&rsquo;organisation d&rsquo;un \u00e9v\u00e9nement professionnel, tel qu&rsquo;un congr\u00e8s ou un s\u00e9minaire \u00e0 Marrakech ou ailleurs au Maroc, peut repr\u00e9senter un d\u00e9fi pour les clients \u00e9trangers, surtout lorsqu&rsquo;ils ne peuvent pas se d\u00e9placer sur place. Pour leur faciliter la t\u00e2che, nous proposons une solution cl\u00e9 en main : nous prenons en charge l&rsquo;inspection compl\u00e8te du lieu de l&rsquo;\u00e9v\u00e9nement en leur nom. Notre \u00e9quipe d&rsquo;experts se d\u00e9place pour \u00e9valuer le site et fournir un rapport d\u00e9taill\u00e9 incluant : Les dimensions pr\u00e9cises du lieu d&rsquo;\u00e9v\u00e9nement. L&rsquo;analyse des sources \u00e9lectriques disponibles. Une \u00e9tude compl\u00e8te des besoins techniques, accompagn\u00e9e d\u2019un plan 3D d\u00e9taill\u00e9 pour une visualisation optimale. Les \u00e9quipements de sonorisation n\u00e9cessaires, adapt\u00e9s \u00e0 la configuration et \u00e0 la taille du lieu. La d\u00e9finition des besoins en \u00e9clairage, pour une mise en valeur des espaces et une ambiance professionnelle. Une liste compl\u00e8te de tout le mat\u00e9riel technique requis pour garantir le bon d\u00e9roulement de l\u2019\u00e9v\u00e9nement. Avec cette approche, nos clients \u00e9trangers peuvent organiser leur \u00e9v\u00e9nement \u00e0 distance en toute s\u00e9r\u00e9nit\u00e9, en s\u2019appuyant sur nos recommandations professionnelles et notre expertise. Chez Secret Studio Prod, nous veillons \u00e0 ce que chaque d\u00e9tail soit pris en compte pour assurer le succ\u00e8s de votre \u00e9v\u00e9nement, m\u00eame en votre absence.<\/p>\n","protected":false},"author":1,"featured_media":0,"parent":0,"menu_order":0,"comment_status":"closed","ping_status":"closed","template":"elementor_header_footer","meta":{"site-sidebar-layout":"no-sidebar","site-content-layout":"","ast-site-content-layout":"full-width-container","site-content-style":"default","site-sidebar-style":"default","ast-global-header-display":"","ast-banner-title-visibility":"","ast-main-header-display":"","ast-hfb-above-header-display":"","ast-hfb-below-header-display":"","ast-hfb-mobile-header-display":"","site-post-title":"disabled","ast-breadcrumbs-content":"","ast-featured-img":"disabled","footer-sml-layout":"","ast-disable-related-posts":"","theme-transparent-header-meta":"","adv-header-id-meta":"","stick-header-meta":"","header-above-stick-meta":"","header-main-stick-meta":"","header-below-stick-meta":"","astra-migrate-meta-layouts":"default","ast-page-background-enabled":"default","ast-page-background-meta":{"desktop":{"background-color":"var(--ast-global-color-4)","background-image":"","background-repeat":"repeat","background-position":"center center","background-size":"auto","background-attachment":"scroll","background-type":"","background-media":"","overlay-type":"","overlay-color":"","overlay-opacity":"","overlay-gradient":""},"tablet":{"background-color":"","background-image":"","background-repeat":"repeat","background-position":"center center","background-size":"auto","background-attachment":"scroll","background-type":"","background-media":"","overlay-type":"","overlay-color":"","overlay-opacity":"","overlay-gradient":""},"mobile":{"background-color":"","background-image":"","background-repeat":"repeat","background-position":"center center","background-size":"auto","background-attachment":"scroll","background-type":"","background-media":"","overlay-type":"","overlay-color":"","overlay-opacity":"","overlay-gradient":""}},"ast-content-background-meta":{"desktop":{"background-color":"var(--ast-global-color-5)","background-image":"","background-repeat":"repeat","background-position":"center center","background-size":"auto","background-attachment":"scroll","background-type":"","background-media":"","overlay-type":"","overlay-color":"","overlay-opacity":"","overlay-gradient":""},"tablet":{"background-color":"var(--ast-global-color-5)","background-image":"","background-repeat":"repeat","background-position":"center center","background-size":"auto","background-attachment":"scroll","background-type":"","background-media":"","overlay-type":"","overlay-color":"","overlay-opacity":"","overlay-gradient":""},"mobile":{"background-color":"var(--ast-global-color-5)","background-image":"","background-repeat":"repeat","background-position":"center center","background-size":"auto","background-attachment":"scroll","background-type":"","background-media":"","overlay-type":"","overlay-color":"","overlay-opacity":"","overlay-gradient":""}},"footnotes":""},"class_list":["post-1286","page","type-page","status-publish","hentry"],"_links":{"self":[{"href":"https:\/\/secretstudioprod.com\/fr\/wp-json\/wp\/v2\/pages\/1286","targetHints":{"allow":["GET"]}}],"collection":[{"href":"https:\/\/secretstudioprod.com\/fr\/wp-json\/wp\/v2\/pages"}],"about":[{"href":"https:\/\/secretstudioprod.com\/fr\/wp-json\/wp\/v2\/types\/page"}],"author":[{"embeddable":true,"href":"https:\/\/secretstudioprod.com\/fr\/wp-json\/wp\/v2\/users\/1"}],"replies":[{"embeddable":true,"href":"https:\/\/secretstudioprod.com\/fr\/wp-json\/wp\/v2\/comments?post=1286"}],"version-history":[{"count":24,"href":"https:\/\/secretstudioprod.com\/fr\/wp-json\/wp\/v2\/pages\/1286\/revisions"}],"predecessor-version":[{"id":1422,"href":"https:\/\/secretstudioprod.com\/fr\/wp-json\/wp\/v2\/pages\/1286\/revisions\/1422"}],"wp:attachment":[{"href":"https:\/\/secretstudioprod.com\/fr\/wp-json\/wp\/v2\/media?parent=1286"}],"curies":[{"name":"wp","href":"https:\/\/api.w.org\/{rel}","templated":true}]}}