{"id":1293,"date":"2025-04-14T13:10:21","date_gmt":"2025-04-14T13:10:21","guid":{"rendered":"https:\/\/secretstudioprod.com\/?page_id=1293"},"modified":"2025-05-05T13:04:09","modified_gmt":"2025-05-05T13:04:09","slug":"ne-tombez-jamais-en-panne-energie-pendant-votre-evenement","status":"publish","type":"page","link":"https:\/\/secretstudioprod.com\/fr\/ne-tombez-jamais-en-panne-energie-pendant-votre-evenement\/","title":{"rendered":"Ne Tombez Jamais en Panne d\u2019\u00c9nergie Pendant Votre \u00c9v\u00e9nement : Une Solution Cl\u00e9 en Main avec Secret Studio"},"content":{"rendered":"\t\t<div data-elementor-type=\"wp-page\" data-elementor-id=\"1293\" class=\"elementor elementor-1293\">\n\t\t\t\t\t\t<section class=\"elementor-section elementor-top-section elementor-element elementor-element-5c72c54 elementor-section-stretched elementor-section-boxed elementor-section-height-default elementor-section-height-default wpr-particle-no wpr-jarallax-no wpr-parallax-no wpr-sticky-section-no wpr-equal-height-no\" data-id=\"5c72c54\" data-element_type=\"section\" data-e-type=\"section\" data-settings=\"{&quot;background_background&quot;:&quot;classic&quot;,&quot;stretch_section&quot;:&quot;section-stretched&quot;,&quot;shape_divider_bottom&quot;:&quot;triangle-asymmetrical&quot;}\">\n\t\t\t\t\t<div class=\"elementor-shape elementor-shape-bottom\" aria-hidden=\"true\" data-negative=\"false\">\n\t\t\t<svg xmlns=\"http:\/\/www.w3.org\/2000\/svg\" viewBox=\"0 0 1000 100\" preserveAspectRatio=\"none\">\n\t<path class=\"elementor-shape-fill\" d=\"M738,99l262-93V0H0v5.6L738,99z\"\/>\n<\/svg>\t\t<\/div>\n\t\t\t\t\t<div class=\"elementor-container elementor-column-gap-default\">\n\t\t\t\t\t<div class=\"elementor-column elementor-col-100 elementor-top-column elementor-element elementor-element-6f9d5be\" data-id=\"6f9d5be\" data-element_type=\"column\" data-e-type=\"column\">\n\t\t\t<div class=\"elementor-widget-wrap elementor-element-populated\">\n\t\t\t\t\t\t<div class=\"elementor-element elementor-element-38c193d elementor-widget elementor-widget-heading\" data-id=\"38c193d\" data-element_type=\"widget\" data-e-type=\"widget\" data-widget_type=\"heading.default\">\n\t\t\t\t\t<h1 class=\"elementor-heading-title elementor-size-default\">Ne Tombez Jamais en Panne d\u2019\u00c9nergie Pendant Votre \u00c9v\u00e9nement : Une Solution Cl\u00e9 en Main avec Secret Studio<\/h1>\t\t\t\t<\/div>\n\t\t\t\t<div class=\"elementor-element elementor-element-5c77937 elementor-widget elementor-widget-text-editor\" data-id=\"5c77937\" data-element_type=\"widget\" data-e-type=\"widget\" data-widget_type=\"text-editor.default\">\n\t\t\t\t\t\t\t\t\t<p>\u00c0 Marrakech, de nombreux lieux d\u2019\u00e9v\u00e9nements, qu\u2019ils soient situ\u00e9s dans le d\u00e9sert ou dans une villa, exigent que les organisateurs fournissent leur propre source d\u2019\u00e9nergie. Avec Secret Studio, vous n\u2019aurez plus \u00e0 vous en soucier. Nous proposons une solution cl\u00e9 en main de location de groupes \u00e9lectrog\u00e8nes adapt\u00e9s \u00e0 tous types d\u2019\u00e9v\u00e9nements professionnels ou priv\u00e9s.<\/p>\t\t\t\t\t\t\t\t<\/div>\n\t\t\t\t\t<\/div>\n\t\t<\/div>\n\t\t\t\t\t<\/div>\n\t\t<\/section>\n\t\t\t\t<section class=\"elementor-section elementor-top-section elementor-element elementor-element-0f47b51 elementor-section-stretched elementor-reverse-mobile elementor-reverse-tablet elementor-section-boxed elementor-section-height-default elementor-section-height-default wpr-particle-no wpr-jarallax-no wpr-parallax-no wpr-sticky-section-no wpr-equal-height-no\" data-id=\"0f47b51\" data-element_type=\"section\" data-e-type=\"section\" data-settings=\"{&quot;background_background&quot;:&quot;classic&quot;,&quot;stretch_section&quot;:&quot;section-stretched&quot;}\">\n\t\t\t\t\t\t<div class=\"elementor-container elementor-column-gap-default\">\n\t\t\t\t\t<div class=\"elementor-column elementor-col-50 elementor-top-column elementor-element elementor-element-43ae727\" data-id=\"43ae727\" data-element_type=\"column\" data-e-type=\"column\">\n\t\t\t<div class=\"elementor-widget-wrap elementor-element-populated\">\n\t\t\t\t\t\t<div class=\"elementor-element elementor-element-8e14180 elementor-widget elementor-widget-text-editor\" data-id=\"8e14180\" data-element_type=\"widget\" data-e-type=\"widget\" data-widget_type=\"text-editor.default\">\n\t\t\t\t\t\t\t\t\t<p>Nous mettons \u00e0 votre disposition des groupes \u00e9lectrog\u00e8nes allant de 40 kVA \u00e0 plus de 300 kVA, accompagn\u00e9s d\u2019une solution compl\u00e8te comprenant la distribution \u00e9lectrique (armoires \u00e9lectriques, c\u00e2blage, passage de c\u00e2bles), une r\u00e9serve de diesel, et une \u00e9quipe technique d\u00e9di\u00e9e. Nos techniciens qualifi\u00e9s assurent un suivi en temps r\u00e9el, inspectant minutieusement le mat\u00e9riel, pr\u00e9venant les dysfonctionnements et veillant \u00e0 la s\u00e9curit\u00e9 contre tout acte malveillant pouvant perturber votre \u00e9v\u00e9nement.<\/p><p>Pour les \u00e9v\u00e9nements sensibles, nous proposons une option de groupes \u00e9lectrog\u00e8nes en backup automatique. En cas de panne d\u2019un groupe \u00e9lectrog\u00e8ne, un syst\u00e8me de basculement permet au second g\u00e9n\u00e9rateur de prendre instantan\u00e9ment le relais, garantissant ainsi une alimentation continue. Selon vos besoins, nous pouvons pr\u00e9voir entre 2 et 4 groupes \u00e9lectrog\u00e8nes pour une s\u00e9curit\u00e9 optimale.<\/p>\t\t\t\t\t\t\t\t<\/div>\n\t\t\t\t\t<\/div>\n\t\t<\/div>\n\t\t\t\t<div class=\"elementor-column elementor-col-50 elementor-top-column elementor-element elementor-element-aebc475\" data-id=\"aebc475\" data-element_type=\"column\" data-e-type=\"column\">\n\t\t\t<div class=\"elementor-widget-wrap elementor-element-populated\">\n\t\t\t\t\t\t<div class=\"elementor-element elementor-element-7957647 elementor-widget elementor-widget-image\" data-id=\"7957647\" data-element_type=\"widget\" data-e-type=\"widget\" data-widget_type=\"image.default\">\n\t\t\t\t\t\t\t\t\t\t\t\t\t\t\t<img fetchpriority=\"high\" decoding=\"async\" width=\"682\" height=\"1024\" src=\"https:\/\/secretstudioprod.com\/wp-content\/uploads\/2025\/04\/energie-682x1024.png\" class=\"attachment-large size-large wp-image-1408\" alt=\"\" srcset=\"https:\/\/secretstudioprod.com\/wp-content\/uploads\/2025\/04\/energie-682x1024.png 682w, https:\/\/secretstudioprod.com\/wp-content\/uploads\/2025\/04\/energie-1024x1536.png 1024w\" sizes=\"(max-width: 682px) 100vw, 682px\" \/>\t\t\t\t\t\t\t\t\t\t\t\t\t\t\t<\/div>\n\t\t\t\t\t<\/div>\n\t\t<\/div>\n\t\t\t\t\t<\/div>\n\t\t<\/section>\n\t\t\t\t<section class=\"elementor-section elementor-top-section elementor-element elementor-element-cd26c5c elementor-section-stretched elementor-section-boxed elementor-section-height-default elementor-section-height-default wpr-particle-no wpr-jarallax-no wpr-parallax-no wpr-sticky-section-no wpr-equal-height-no\" data-id=\"cd26c5c\" data-element_type=\"section\" data-e-type=\"section\" data-settings=\"{&quot;background_background&quot;:&quot;classic&quot;,&quot;stretch_section&quot;:&quot;section-stretched&quot;,&quot;shape_divider_top&quot;:&quot;triangle-asymmetrical&quot;}\">\n\t\t\t\t\t<div class=\"elementor-shape elementor-shape-top\" aria-hidden=\"true\" data-negative=\"false\">\n\t\t\t<svg xmlns=\"http:\/\/www.w3.org\/2000\/svg\" viewBox=\"0 0 1000 100\" preserveAspectRatio=\"none\">\n\t<path class=\"elementor-shape-fill\" d=\"M738,99l262-93V0H0v5.6L738,99z\"\/>\n<\/svg>\t\t<\/div>\n\t\t\t\t\t<div class=\"elementor-container elementor-column-gap-default\">\n\t\t\t\t\t<div class=\"elementor-column elementor-col-100 elementor-top-column elementor-element elementor-element-f21a04e\" data-id=\"f21a04e\" data-element_type=\"column\" data-e-type=\"column\">\n\t\t\t<div class=\"elementor-widget-wrap elementor-element-populated\">\n\t\t\t\t\t\t<div class=\"elementor-element elementor-element-b34fbfe elementor-widget elementor-widget-text-editor\" data-id=\"b34fbfe\" data-element_type=\"widget\" data-e-type=\"widget\" data-widget_type=\"text-editor.default\">\n\t\t\t\t\t\t\t\t\t<p>Que ce soit pour un mariage, un s\u00e9minaire, ou un \u00e9v\u00e9nement en plein d\u00e9sert, nous garantissons une alimentation fiable et ininterrompue. Avec Secret Studio, vous pouvez \u00eatre s\u00fbr que l\u2019\u00e9nergie ne g\u00e2chera jamais vos moments pr\u00e9cieux.<\/p>\t\t\t\t\t\t\t\t<\/div>\n\t\t\t\t\t<\/div>\n\t\t<\/div>\n\t\t\t\t\t<\/div>\n\t\t<\/section>\n\t\t\t\t<\/div>\n\t\t","protected":false},"excerpt":{"rendered":"<p>Ne Tombez Jamais en Panne d\u2019\u00c9nergie Pendant Votre \u00c9v\u00e9nement : Une Solution Cl\u00e9 en Main avec Secret Studio \u00c0 Marrakech, de nombreux lieux d\u2019\u00e9v\u00e9nements, qu\u2019ils soient situ\u00e9s dans le d\u00e9sert ou dans une villa, exigent que les organisateurs fournissent leur propre source d\u2019\u00e9nergie. Avec Secret Studio, vous n\u2019aurez plus \u00e0 vous en soucier. Nous proposons une solution cl\u00e9 en main de location de groupes \u00e9lectrog\u00e8nes adapt\u00e9s \u00e0 tous types d\u2019\u00e9v\u00e9nements professionnels ou priv\u00e9s. Nous mettons \u00e0 votre disposition des groupes \u00e9lectrog\u00e8nes allant de 40 kVA \u00e0 plus de 300 kVA, accompagn\u00e9s d\u2019une solution compl\u00e8te comprenant la distribution \u00e9lectrique (armoires \u00e9lectriques, c\u00e2blage, passage de c\u00e2bles), une r\u00e9serve de diesel, et une \u00e9quipe technique d\u00e9di\u00e9e. Nos techniciens qualifi\u00e9s assurent un suivi en temps r\u00e9el, inspectant minutieusement le mat\u00e9riel, pr\u00e9venant les dysfonctionnements et veillant \u00e0 la s\u00e9curit\u00e9 contre tout acte malveillant pouvant perturber votre \u00e9v\u00e9nement. Pour les \u00e9v\u00e9nements sensibles, nous proposons une option de groupes \u00e9lectrog\u00e8nes en backup automatique. En cas de panne d\u2019un groupe \u00e9lectrog\u00e8ne, un syst\u00e8me de basculement permet au second g\u00e9n\u00e9rateur de prendre instantan\u00e9ment le relais, garantissant ainsi une alimentation continue. Selon vos besoins, nous pouvons pr\u00e9voir entre 2 et 4 groupes \u00e9lectrog\u00e8nes pour une s\u00e9curit\u00e9 optimale. Que ce soit pour un mariage, un s\u00e9minaire, ou un \u00e9v\u00e9nement en plein d\u00e9sert, nous garantissons une alimentation fiable et ininterrompue. Avec Secret Studio, vous pouvez \u00eatre s\u00fbr que l\u2019\u00e9nergie ne g\u00e2chera jamais vos moments pr\u00e9cieux.<\/p>\n","protected":false},"author":1,"featured_media":0,"parent":0,"menu_order":0,"comment_status":"closed","ping_status":"closed","template":"elementor_header_footer","meta":{"site-sidebar-layout":"no-sidebar","site-content-layout":"","ast-site-content-layout":"full-width-container","site-content-style":"default","site-sidebar-style":"default","ast-global-header-display":"","ast-banner-title-visibility":"","ast-main-header-display":"","ast-hfb-above-header-display":"","ast-hfb-below-header-display":"","ast-hfb-mobile-header-display":"","site-post-title":"disabled","ast-breadcrumbs-content":"","ast-featured-img":"disabled","footer-sml-layout":"","ast-disable-related-posts":"","theme-transparent-header-meta":"","adv-header-id-meta":"","stick-header-meta":"","header-above-stick-meta":"","header-main-stick-meta":"","header-below-stick-meta":"","astra-migrate-meta-layouts":"default","ast-page-background-enabled":"default","ast-page-background-meta":{"desktop":{"background-color":"var(--ast-global-color-4)","background-image":"","background-repeat":"repeat","background-position":"center center","background-size":"auto","background-attachment":"scroll","background-type":"","background-media":"","overlay-type":"","overlay-color":"","overlay-opacity":"","overlay-gradient":""},"tablet":{"background-color":"","background-image":"","background-repeat":"repeat","background-position":"center center","background-size":"auto","background-attachment":"scroll","background-type":"","background-media":"","overlay-type":"","overlay-color":"","overlay-opacity":"","overlay-gradient":""},"mobile":{"background-color":"","background-image":"","background-repeat":"repeat","background-position":"center center","background-size":"auto","background-attachment":"scroll","background-type":"","background-media":"","overlay-type":"","overlay-color":"","overlay-opacity":"","overlay-gradient":""}},"ast-content-background-meta":{"desktop":{"background-color":"var(--ast-global-color-5)","background-image":"","background-repeat":"repeat","background-position":"center center","background-size":"auto","background-attachment":"scroll","background-type":"","background-media":"","overlay-type":"","overlay-color":"","overlay-opacity":"","overlay-gradient":""},"tablet":{"background-color":"var(--ast-global-color-5)","background-image":"","background-repeat":"repeat","background-position":"center center","background-size":"auto","background-attachment":"scroll","background-type":"","background-media":"","overlay-type":"","overlay-color":"","overlay-opacity":"","overlay-gradient":""},"mobile":{"background-color":"var(--ast-global-color-5)","background-image":"","background-repeat":"repeat","background-position":"center center","background-size":"auto","background-attachment":"scroll","background-type":"","background-media":"","overlay-type":"","overlay-color":"","overlay-opacity":"","overlay-gradient":""}},"footnotes":""},"class_list":["post-1293","page","type-page","status-publish","hentry"],"_links":{"self":[{"href":"https:\/\/secretstudioprod.com\/fr\/wp-json\/wp\/v2\/pages\/1293","targetHints":{"allow":["GET"]}}],"collection":[{"href":"https:\/\/secretstudioprod.com\/fr\/wp-json\/wp\/v2\/pages"}],"about":[{"href":"https:\/\/secretstudioprod.com\/fr\/wp-json\/wp\/v2\/types\/page"}],"author":[{"embeddable":true,"href":"https:\/\/secretstudioprod.com\/fr\/wp-json\/wp\/v2\/users\/1"}],"replies":[{"embeddable":true,"href":"https:\/\/secretstudioprod.com\/fr\/wp-json\/wp\/v2\/comments?post=1293"}],"version-history":[{"count":24,"href":"https:\/\/secretstudioprod.com\/fr\/wp-json\/wp\/v2\/pages\/1293\/revisions"}],"predecessor-version":[{"id":1492,"href":"https:\/\/secretstudioprod.com\/fr\/wp-json\/wp\/v2\/pages\/1293\/revisions\/1492"}],"wp:attachment":[{"href":"https:\/\/secretstudioprod.com\/fr\/wp-json\/wp\/v2\/media?parent=1293"}],"curies":[{"name":"wp","href":"https:\/\/api.w.org\/{rel}","templated":true}]}}