{"id":1376,"date":"2025-04-16T14:56:17","date_gmt":"2025-04-16T14:56:17","guid":{"rendered":"https:\/\/secretstudioprod.com\/?page_id=1376"},"modified":"2025-04-28T14:53:02","modified_gmt":"2025-04-28T14:53:02","slug":"location-de-boules-a-facettes","status":"publish","type":"page","link":"https:\/\/secretstudioprod.com\/fr\/location-de-boules-a-facettes\/","title":{"rendered":"Location de Boules \u00e0 Facettes : Faites Briller Vos \u00c9v\u00e9nements avec Secret Studio Prod"},"content":{"rendered":"\t\t<div data-elementor-type=\"wp-page\" data-elementor-id=\"1376\" class=\"elementor elementor-1376\">\n\t\t\t\t\t\t<section class=\"elementor-section elementor-top-section elementor-element elementor-element-5c72c54 elementor-section-stretched elementor-section-boxed elementor-section-height-default elementor-section-height-default wpr-particle-no wpr-jarallax-no wpr-parallax-no wpr-sticky-section-no wpr-equal-height-no\" data-id=\"5c72c54\" data-element_type=\"section\" data-e-type=\"section\" data-settings=\"{&quot;background_background&quot;:&quot;classic&quot;,&quot;stretch_section&quot;:&quot;section-stretched&quot;,&quot;shape_divider_bottom&quot;:&quot;triangle-asymmetrical&quot;}\">\n\t\t\t\t\t<div class=\"elementor-shape elementor-shape-bottom\" aria-hidden=\"true\" data-negative=\"false\">\n\t\t\t<svg xmlns=\"http:\/\/www.w3.org\/2000\/svg\" viewBox=\"0 0 1000 100\" preserveAspectRatio=\"none\">\n\t<path class=\"elementor-shape-fill\" d=\"M738,99l262-93V0H0v5.6L738,99z\"\/>\n<\/svg>\t\t<\/div>\n\t\t\t\t\t<div class=\"elementor-container elementor-column-gap-default\">\n\t\t\t\t\t<div class=\"elementor-column elementor-col-100 elementor-top-column elementor-element elementor-element-6f9d5be\" data-id=\"6f9d5be\" data-element_type=\"column\" data-e-type=\"column\">\n\t\t\t<div class=\"elementor-widget-wrap elementor-element-populated\">\n\t\t\t\t\t\t<div class=\"elementor-element elementor-element-9af83f3 elementor-widget elementor-widget-heading\" data-id=\"9af83f3\" data-element_type=\"widget\" data-e-type=\"widget\" data-widget_type=\"heading.default\">\n\t\t\t\t\t<h1 class=\"elementor-heading-title elementor-size-default\">Location de Boules \u00e0 Facettes : Faites Briller Vos \u00c9v\u00e9nements avec Secret Studio Prod<\/h1>\t\t\t\t<\/div>\n\t\t\t\t<div class=\"elementor-element elementor-element-5c77937 elementor-widget elementor-widget-text-editor\" data-id=\"5c77937\" data-element_type=\"widget\" data-e-type=\"widget\" data-widget_type=\"text-editor.default\">\n\t\t\t\t\t\t\t\t\t<p>Les boules \u00e0 facettes, \u00e9galement appel\u00e9es boules disco en verre argent\u00e9, sont l\u2019accessoire incontournable des soir\u00e9es modernes et des mariages luxueux. Parfaites pour apporter une touche glamour et festive, elles s\u2019int\u00e8grent \u00e0 merveille dans tout type d\u2019\u00e9v\u00e9nement, qu\u2019il soit professionnel ou priv\u00e9.<\/p>\t\t\t\t\t\t\t\t<\/div>\n\t\t\t\t\t<\/div>\n\t\t<\/div>\n\t\t\t\t\t<\/div>\n\t\t<\/section>\n\t\t\t\t<section class=\"elementor-section elementor-top-section elementor-element elementor-element-0f47b51 elementor-section-stretched elementor-reverse-mobile elementor-reverse-tablet elementor-section-boxed elementor-section-height-default elementor-section-height-default wpr-particle-no wpr-jarallax-no wpr-parallax-no wpr-sticky-section-no wpr-equal-height-no\" data-id=\"0f47b51\" data-element_type=\"section\" data-e-type=\"section\" data-settings=\"{&quot;background_background&quot;:&quot;classic&quot;,&quot;stretch_section&quot;:&quot;section-stretched&quot;}\">\n\t\t\t\t\t\t<div class=\"elementor-container elementor-column-gap-default\">\n\t\t\t\t\t<div class=\"elementor-column elementor-col-50 elementor-top-column elementor-element elementor-element-43ae727\" data-id=\"43ae727\" data-element_type=\"column\" data-e-type=\"column\">\n\t\t\t<div class=\"elementor-widget-wrap elementor-element-populated\">\n\t\t\t\t\t\t<div class=\"elementor-element elementor-element-8e14180 elementor-widget elementor-widget-text-editor\" data-id=\"8e14180\" data-element_type=\"widget\" data-e-type=\"widget\" data-widget_type=\"text-editor.default\">\n\t\t\t\t\t\t\t\t\t<div>Cependant, un d\u00e9fi persiste : la plupart des soci\u00e9t\u00e9s \u00e9v\u00e9nementielles ou prestataires techniques disposent rarement de plus de 1 \u00e0 4 boules \u00e0 facettes en stock. Cette raret\u00e9 s\u2019explique par les contraintes li\u00e9es \u00e0 leur importation, car ces boules prennent beaucoup de place dans les conteneurs.<\/div><div>Chez Secret Studio Prod, nous sommes fiers d\u2019offrir une solution unique au Maroc. Avec le plus grand stock de boules \u00e0 facettes du pays, nous proposons plus de 400 mod\u00e8les de tailles vari\u00e9es, allant de petites dimensions \u00e0 des formats impressionnants :<\/div><ul><li>40 cm<\/li><li>50 cm<\/li><li>60 cm<\/li><li>80 cm<\/li><li>1 m\u00e8tre<\/li><\/ul>\t\t\t\t\t\t\t\t<\/div>\n\t\t\t\t\t<\/div>\n\t\t<\/div>\n\t\t\t\t<div class=\"elementor-column elementor-col-50 elementor-top-column elementor-element elementor-element-aebc475\" data-id=\"aebc475\" data-element_type=\"column\" data-e-type=\"column\">\n\t\t\t<div class=\"elementor-widget-wrap elementor-element-populated\">\n\t\t\t\t\t\t<div class=\"elementor-element elementor-element-d2aab09 elementor-widget elementor-widget-video\" data-id=\"d2aab09\" data-element_type=\"widget\" data-e-type=\"widget\" data-settings=\"{&quot;youtube_url&quot;:&quot;https:\\\/\\\/youtu.be\\\/fJAYlCJ43Es&quot;,&quot;autoplay&quot;:&quot;yes&quot;,&quot;play_on_mobile&quot;:&quot;yes&quot;,&quot;mute&quot;:&quot;yes&quot;,&quot;loop&quot;:&quot;yes&quot;,&quot;video_type&quot;:&quot;youtube&quot;}\" data-widget_type=\"video.default\">\n\t\t\t\t\t\t\t<div class=\"elementor-wrapper elementor-open-inline\">\n\t\t\t<div class=\"elementor-video\"><\/div>\t\t<\/div>\n\t\t\t\t\t\t<\/div>\n\t\t\t\t\t<\/div>\n\t\t<\/div>\n\t\t\t\t\t<\/div>\n\t\t<\/section>\n\t\t\t\t<section class=\"elementor-section elementor-top-section elementor-element elementor-element-1046b1b elementor-section-stretched elementor-section-boxed elementor-section-height-default elementor-section-height-default wpr-particle-no wpr-jarallax-no wpr-parallax-no wpr-sticky-section-no wpr-equal-height-no\" data-id=\"1046b1b\" data-element_type=\"section\" data-e-type=\"section\" data-settings=\"{&quot;background_background&quot;:&quot;classic&quot;,&quot;stretch_section&quot;:&quot;section-stretched&quot;}\">\n\t\t\t\t\t\t<div class=\"elementor-container elementor-column-gap-default\">\n\t\t\t\t\t<div class=\"elementor-column elementor-col-100 elementor-top-column elementor-element elementor-element-a6aea23\" data-id=\"a6aea23\" data-element_type=\"column\" data-e-type=\"column\">\n\t\t\t<div class=\"elementor-widget-wrap elementor-element-populated\">\n\t\t\t\t\t\t<div class=\"elementor-element elementor-element-15662d4 content-align-cta-default elementor-widget elementor-widget-eael-cta-box\" data-id=\"15662d4\" data-element_type=\"widget\" data-e-type=\"widget\" data-widget_type=\"eael-cta-box.default\">\n\t\t\t\t\t\t\t<div class=\"eael-call-to-action cta-basic bg-lite cta-preset-1\">\n        <p>Nous sommes les seuls \u00e0 r\u00e9pondre \u00e0 toutes vos exigences, que ce soit pour des soir\u00e9es, des galas ou des productions d\u2019envergure. Faites confiance \u00e0 notre expertise pour illuminer vos \u00e9v\u00e9nements et offrir \u00e0 vos invit\u00e9s une ambiance inoubliable. Avec Secret Studio Prod, transformez vos projets en v\u00e9ritables succ\u00e8s, et laissez la magie des boules \u00e0 facettes op\u00e9rer !<\/p><a href=\"https:\/\/wa.me\/212669033011\" class=\"cta-button cta-preset-1  \" target=\"_blank\" rel=\"noopener\"> Appelez-nous<\/a>\t<\/div>\n\t\t\t\t\t\t\t\t<\/div>\n\t\t\t\t\t<\/div>\n\t\t<\/div>\n\t\t\t\t\t<\/div>\n\t\t<\/section>\n\t\t\t\t<\/div>\n\t\t","protected":false},"excerpt":{"rendered":"<p>Location de Boules \u00e0 Facettes : Faites Briller Vos \u00c9v\u00e9nements avec Secret Studio Prod Les boules \u00e0 facettes, \u00e9galement appel\u00e9es boules disco en verre argent\u00e9, sont l\u2019accessoire incontournable des soir\u00e9es modernes et des mariages luxueux. Parfaites pour apporter une touche glamour et festive, elles s\u2019int\u00e8grent \u00e0 merveille dans tout type d\u2019\u00e9v\u00e9nement, qu\u2019il soit professionnel ou priv\u00e9. Cependant, un d\u00e9fi persiste : la plupart des soci\u00e9t\u00e9s \u00e9v\u00e9nementielles ou prestataires techniques disposent rarement de plus de 1 \u00e0 4 boules \u00e0 facettes en stock. Cette raret\u00e9 s\u2019explique par les contraintes li\u00e9es \u00e0 leur importation, car ces boules prennent beaucoup de place dans les conteneurs.Chez Secret Studio Prod, nous sommes fiers d\u2019offrir une solution unique au Maroc. Avec le plus grand stock de boules \u00e0 facettes du pays, nous proposons plus de 400 mod\u00e8les de tailles vari\u00e9es, allant de petites dimensions \u00e0 des formats impressionnants : 40 cm 50 cm 60 cm 80 cm 1 m\u00e8tre https:\/\/youtu.be\/fJAYlCJ43Es Nous sommes les seuls \u00e0 r\u00e9pondre \u00e0 toutes vos exigences, que ce soit pour des soir\u00e9es, des galas ou des productions d\u2019envergure. Faites confiance \u00e0 notre expertise pour illuminer vos \u00e9v\u00e9nements et offrir \u00e0 vos invit\u00e9s une ambiance inoubliable. Avec Secret Studio Prod, transformez vos projets en v\u00e9ritables succ\u00e8s, et laissez la magie des boules \u00e0 facettes op\u00e9rer ! Appelez-nous<\/p>\n","protected":false},"author":1,"featured_media":0,"parent":0,"menu_order":0,"comment_status":"closed","ping_status":"closed","template":"elementor_header_footer","meta":{"site-sidebar-layout":"no-sidebar","site-content-layout":"","ast-site-content-layout":"full-width-container","site-content-style":"default","site-sidebar-style":"default","ast-global-header-display":"","ast-banner-title-visibility":"","ast-main-header-display":"","ast-hfb-above-header-display":"","ast-hfb-below-header-display":"","ast-hfb-mobile-header-display":"","site-post-title":"disabled","ast-breadcrumbs-content":"","ast-featured-img":"disabled","footer-sml-layout":"","ast-disable-related-posts":"","theme-transparent-header-meta":"","adv-header-id-meta":"","stick-header-meta":"","header-above-stick-meta":"","header-main-stick-meta":"","header-below-stick-meta":"","astra-migrate-meta-layouts":"default","ast-page-background-enabled":"default","ast-page-background-meta":{"desktop":{"background-color":"var(--ast-global-color-4)","background-image":"","background-repeat":"repeat","background-position":"center center","background-size":"auto","background-attachment":"scroll","background-type":"","background-media":"","overlay-type":"","overlay-color":"","overlay-opacity":"","overlay-gradient":""},"tablet":{"background-color":"","background-image":"","background-repeat":"repeat","background-position":"center center","background-size":"auto","background-attachment":"scroll","background-type":"","background-media":"","overlay-type":"","overlay-color":"","overlay-opacity":"","overlay-gradient":""},"mobile":{"background-color":"","background-image":"","background-repeat":"repeat","background-position":"center center","background-size":"auto","background-attachment":"scroll","background-type":"","background-media":"","overlay-type":"","overlay-color":"","overlay-opacity":"","overlay-gradient":""}},"ast-content-background-meta":{"desktop":{"background-color":"var(--ast-global-color-5)","background-image":"","background-repeat":"repeat","background-position":"center center","background-size":"auto","background-attachment":"scroll","background-type":"","background-media":"","overlay-type":"","overlay-color":"","overlay-opacity":"","overlay-gradient":""},"tablet":{"background-color":"var(--ast-global-color-5)","background-image":"","background-repeat":"repeat","background-position":"center center","background-size":"auto","background-attachment":"scroll","background-type":"","background-media":"","overlay-type":"","overlay-color":"","overlay-opacity":"","overlay-gradient":""},"mobile":{"background-color":"var(--ast-global-color-5)","background-image":"","background-repeat":"repeat","background-position":"center center","background-size":"auto","background-attachment":"scroll","background-type":"","background-media":"","overlay-type":"","overlay-color":"","overlay-opacity":"","overlay-gradient":""}},"footnotes":""},"class_list":["post-1376","page","type-page","status-publish","hentry"],"_links":{"self":[{"href":"https:\/\/secretstudioprod.com\/fr\/wp-json\/wp\/v2\/pages\/1376","targetHints":{"allow":["GET"]}}],"collection":[{"href":"https:\/\/secretstudioprod.com\/fr\/wp-json\/wp\/v2\/pages"}],"about":[{"href":"https:\/\/secretstudioprod.com\/fr\/wp-json\/wp\/v2\/types\/page"}],"author":[{"embeddable":true,"href":"https:\/\/secretstudioprod.com\/fr\/wp-json\/wp\/v2\/users\/1"}],"replies":[{"embeddable":true,"href":"https:\/\/secretstudioprod.com\/fr\/wp-json\/wp\/v2\/comments?post=1376"}],"version-history":[{"count":12,"href":"https:\/\/secretstudioprod.com\/fr\/wp-json\/wp\/v2\/pages\/1376\/revisions"}],"predecessor-version":[{"id":1391,"href":"https:\/\/secretstudioprod.com\/fr\/wp-json\/wp\/v2\/pages\/1376\/revisions\/1391"}],"wp:attachment":[{"href":"https:\/\/secretstudioprod.com\/fr\/wp-json\/wp\/v2\/media?parent=1376"}],"curies":[{"name":"wp","href":"https:\/\/api.w.org\/{rel}","templated":true}]}}