{"id":2366,"date":"2026-02-25T22:21:49","date_gmt":"2026-02-25T22:21:49","guid":{"rendered":"https:\/\/secretstudioprod.com\/?page_id=2366"},"modified":"2026-02-25T22:31:37","modified_gmt":"2026-02-25T22:31:37","slug":"tv-cathodique","status":"publish","type":"page","link":"https:\/\/secretstudioprod.com\/fr\/tv-cathodique\/","title":{"rendered":"TV Cathodique"},"content":{"rendered":"\t\t<div data-elementor-type=\"wp-page\" data-elementor-id=\"2366\" class=\"elementor elementor-2366\">\n\t\t\t\t\t\t<section class=\"elementor-section elementor-top-section elementor-element elementor-element-903bd31 elementor-section-stretched elementor-section-boxed elementor-section-height-default elementor-section-height-default wpr-particle-no wpr-jarallax-no wpr-parallax-no wpr-sticky-section-no wpr-equal-height-no\" data-id=\"903bd31\" data-element_type=\"section\" data-e-type=\"section\" data-settings=\"{&quot;background_background&quot;:&quot;classic&quot;,&quot;stretch_section&quot;:&quot;section-stretched&quot;}\">\n\t\t\t\t\t\t<div class=\"elementor-container elementor-column-gap-default\">\n\t\t\t\t\t<div class=\"elementor-column elementor-col-100 elementor-top-column elementor-element elementor-element-e8c1ed1\" data-id=\"e8c1ed1\" data-element_type=\"column\" data-e-type=\"column\">\n\t\t\t<div class=\"elementor-widget-wrap elementor-element-populated\">\n\t\t\t\t\t\t<div class=\"elementor-element elementor-element-dcbe3d7 elementor-widget elementor-widget-image\" data-id=\"dcbe3d7\" data-element_type=\"widget\" data-e-type=\"widget\" data-widget_type=\"image.default\">\n\t\t\t\t\t\t\t\t\t\t\t\t\t\t\t<img fetchpriority=\"high\" decoding=\"async\" width=\"2024\" height=\"916\" src=\"https:\/\/secretstudioprod.com\/wp-content\/uploads\/2024\/08\/width_2400-e1724768410772.webp\" class=\"attachment-full size-full wp-image-542\" alt=\"\" srcset=\"https:\/\/secretstudioprod.com\/wp-content\/uploads\/2024\/08\/width_2400-e1724768410772.webp 2024w, https:\/\/secretstudioprod.com\/wp-content\/uploads\/2024\/08\/width_2400-e1724768410772-300x136.webp 300w, https:\/\/secretstudioprod.com\/wp-content\/uploads\/2024\/08\/width_2400-e1724768410772-1024x463.webp 1024w, https:\/\/secretstudioprod.com\/wp-content\/uploads\/2024\/08\/width_2400-e1724768410772-768x348.webp 768w, https:\/\/secretstudioprod.com\/wp-content\/uploads\/2024\/08\/width_2400-e1724768410772-1536x695.webp 1536w\" sizes=\"(max-width: 2024px) 100vw, 2024px\" \/>\t\t\t\t\t\t\t\t\t\t\t\t\t\t\t<\/div>\n\t\t\t\t\t<\/div>\n\t\t<\/div>\n\t\t\t\t\t<\/div>\n\t\t<\/section>\n\t\t\t\t<section class=\"elementor-section elementor-top-section elementor-element elementor-element-c1d338e elementor-section-stretched elementor-section-height-min-height elementor-hidden-desktop elementor-hidden-tablet elementor-hidden-mobile elementor-section-boxed elementor-section-height-default elementor-section-items-middle wpr-particle-no wpr-jarallax-no wpr-parallax-no wpr-sticky-section-no wpr-equal-height-no\" data-id=\"c1d338e\" data-element_type=\"section\" data-e-type=\"section\" data-settings=\"{&quot;background_background&quot;:&quot;classic&quot;,&quot;stretch_section&quot;:&quot;section-stretched&quot;}\">\n\t\t\t\t\t\t<div class=\"elementor-container elementor-column-gap-default\">\n\t\t\t\t\t<div class=\"elementor-column elementor-col-100 elementor-top-column elementor-element elementor-element-336db86\" data-id=\"336db86\" data-element_type=\"column\" data-e-type=\"column\">\n\t\t\t<div class=\"elementor-widget-wrap\">\n\t\t\t\t\t\t\t<\/div>\n\t\t<\/div>\n\t\t\t\t\t<\/div>\n\t\t<\/section>\n\t\t\t\t<section class=\"elementor-section elementor-top-section elementor-element elementor-element-fd409d3 elementor-section-stretched elementor-section-height-full elementor-section-boxed elementor-section-height-default elementor-section-items-middle wpr-particle-no wpr-jarallax-no wpr-parallax-no wpr-sticky-section-no wpr-equal-height-no\" data-id=\"fd409d3\" data-element_type=\"section\" data-e-type=\"section\" data-settings=\"{&quot;stretch_section&quot;:&quot;section-stretched&quot;,&quot;background_background&quot;:&quot;video&quot;,&quot;background_video_link&quot;:&quot;https:\\\/\\\/youtu.be\\\/Aa8IxII2Ve0?si=2wMynmT0RhTz6Mo1&quot;,&quot;background_play_on_mobile&quot;:&quot;yes&quot;}\">\n\t\t\t\t\t\t\t\t<div class=\"elementor-background-video-container\">\n\t\t\t\t\t\t\t\t\t\t\t\t\t<div class=\"elementor-background-video-embed\" role=\"presentation\"><\/div>\n\t\t\t\t\t\t\t\t\t\t\t\t<\/div>\n\t\t\t\t\t\t\t\t<div class=\"elementor-container elementor-column-gap-default\">\n\t\t\t\t\t<div class=\"elementor-column elementor-col-100 elementor-top-column elementor-element elementor-element-f6a7963\" data-id=\"f6a7963\" data-element_type=\"column\" data-e-type=\"column\" data-settings=\"{&quot;background_background&quot;:&quot;slideshow&quot;,&quot;background_slideshow_gallery&quot;:[],&quot;background_slideshow_loop&quot;:&quot;yes&quot;,&quot;background_slideshow_slide_duration&quot;:5000,&quot;background_slideshow_slide_transition&quot;:&quot;fade&quot;,&quot;background_slideshow_transition_duration&quot;:500}\">\n\t\t\t<div class=\"elementor-widget-wrap\">\n\t\t\t\t\t\t\t<\/div>\n\t\t<\/div>\n\t\t\t\t\t<\/div>\n\t\t<\/section>\n\t\t\t\t<section class=\"elementor-section elementor-top-section elementor-element elementor-element-787149f elementor-section-stretched elementor-section-boxed elementor-section-height-default elementor-section-height-default wpr-particle-no wpr-jarallax-no wpr-parallax-no wpr-sticky-section-no wpr-equal-height-no\" data-id=\"787149f\" data-element_type=\"section\" data-e-type=\"section\" data-settings=\"{&quot;background_background&quot;:&quot;classic&quot;,&quot;stretch_section&quot;:&quot;section-stretched&quot;}\">\n\t\t\t\t\t\t<div class=\"elementor-container elementor-column-gap-default\">\n\t\t\t\t\t<div class=\"elementor-column elementor-col-100 elementor-top-column elementor-element elementor-element-5a974da\" data-id=\"5a974da\" data-element_type=\"column\" data-e-type=\"column\">\n\t\t\t<div class=\"elementor-widget-wrap elementor-element-populated\">\n\t\t\t\t\t\t<div class=\"elementor-element elementor-element-d96350c elementor-widget elementor-widget-heading\" data-id=\"d96350c\" data-element_type=\"widget\" data-e-type=\"widget\" data-widget_type=\"heading.default\">\n\t\t\t\t\t<h1 class=\"elementor-heading-title elementor-size-default\">TV Cathodique<\/h1>\t\t\t\t<\/div>\n\t\t\t\t<div class=\"elementor-element elementor-element-5936b4f elementor-widget elementor-widget-heading\" data-id=\"5936b4f\" data-element_type=\"widget\" data-e-type=\"widget\" data-widget_type=\"heading.default\">\n\t\t\t\t\t<h2 class=\"elementor-heading-title elementor-size-default\">Installation artistique <\/h2>\t\t\t\t<\/div>\n\t\t\t\t<div class=\"elementor-element elementor-element-c83cc1b elementor-widget elementor-widget-heading\" data-id=\"c83cc1b\" data-element_type=\"widget\" data-e-type=\"widget\" data-widget_type=\"heading.default\">\n\t\t\t\t\t<h2 class=\"elementor-heading-title elementor-size-default\">\u00c0 propos<\/h2>\t\t\t\t<\/div>\n\t\t\t\t<div class=\"elementor-element elementor-element-e247f1c elementor-widget elementor-widget-heading\" data-id=\"e247f1c\" data-element_type=\"widget\" data-e-type=\"widget\" data-widget_type=\"heading.default\">\n\t\t\t\t\t<h3 class=\"elementor-heading-title elementor-size-default\">Nous revalorisons des t\u00e9l\u00e9visions cathodiques \u00e0 des fins artistiques, culturelles et festives\u2026<\/h3>\t\t\t\t<\/div>\n\t\t\t\t<div class=\"elementor-element elementor-element-f473a70 elementor-widget elementor-widget-text-editor\" data-id=\"f473a70\" data-element_type=\"widget\" data-e-type=\"widget\" data-widget_type=\"text-editor.default\">\n\t\t\t\t\t\t\t\t\t<p>Dans un monde o\u00f9 l&rsquo;obsolescence est programm\u00e9e, et o\u00f9 de nouvelles g\u00e9n\u00e9rations de produits sortent tous les ans sans r\u00e9pondre \u00e0 une r\u00e9elle n\u00e9cessit\u00e9, nous avons fait le choix d\u2019un d\u00e9veloppement plus durable. Toutes nos t\u00e9l\u00e9visions sont des objets d\u2019occasions, ayant eu une vie, une histoire, avant d\u2019arriver entre nos mains. Telle une \u201cSPA des t\u00e9l\u00e9visions\u201d nous accueillons ces antiquit\u00e9s, nous leur donnons tout l\u2019amour qu\u2019elles m\u00e9ritent, et nous les faisons jouer ensemble pour cr\u00e9er une installation artistique, actuelle et chaleureuse.<br \/><br \/>Quoi de mieux qu\u2019une t\u00e9l\u00e9vision pour incarner la pop culture ?<br \/><br \/>Nous avons tous un lien avec ces TV cubiques aux couleurs d\u00e9lav\u00e9es\u2026 Depuis le salon de nos grands-parents, les films sur cassettes de nos parents, et les jeux-vid\u00e9os de notre enfance, elles font parti de l\u2019imaginaire collectif ! La TV cathodique est un objet r\u00e9tro iconique et ind\u00e9modable.<\/p>\t\t\t\t\t\t\t\t<\/div>\n\t\t\t\t\t<\/div>\n\t\t<\/div>\n\t\t\t\t\t<\/div>\n\t\t<\/section>\n\t\t\t\t<section class=\"elementor-section elementor-top-section elementor-element elementor-element-b95f292 elementor-section-stretched elementor-section-boxed elementor-section-height-default elementor-section-height-default wpr-particle-no wpr-jarallax-no wpr-parallax-no wpr-sticky-section-no wpr-equal-height-no\" data-id=\"b95f292\" data-element_type=\"section\" data-e-type=\"section\" data-settings=\"{&quot;background_background&quot;:&quot;classic&quot;,&quot;stretch_section&quot;:&quot;section-stretched&quot;}\">\n\t\t\t\t\t\t<div class=\"elementor-container elementor-column-gap-default\">\n\t\t\t\t\t<div class=\"elementor-column elementor-col-33 elementor-top-column elementor-element elementor-element-68b7093\" data-id=\"68b7093\" data-element_type=\"column\" data-e-type=\"column\" data-settings=\"{&quot;background_background&quot;:&quot;classic&quot;}\">\n\t\t\t<div class=\"elementor-widget-wrap\">\n\t\t\t\t\t\t\t<\/div>\n\t\t<\/div>\n\t\t\t\t<div class=\"elementor-column elementor-col-33 elementor-top-column elementor-element elementor-element-e87cb45\" data-id=\"e87cb45\" data-element_type=\"column\" data-e-type=\"column\">\n\t\t\t<div class=\"elementor-widget-wrap elementor-element-populated\">\n\t\t\t\t\t\t<div class=\"elementor-element elementor-element-a5c97d5 elementor-widget elementor-widget-heading\" data-id=\"a5c97d5\" data-element_type=\"widget\" data-e-type=\"widget\" data-widget_type=\"heading.default\">\n\t\t\t\t\t<h2 class=\"elementor-heading-title elementor-size-default\">Founder \/ designer<\/h2>\t\t\t\t<\/div>\n\t\t\t\t<div class=\"elementor-element elementor-element-9800637 elementor-widget elementor-widget-text-editor\" data-id=\"9800637\" data-element_type=\"widget\" data-e-type=\"widget\" data-widget_type=\"text-editor.default\">\n\t\t\t\t\t\t\t\t\t<p>Adnane taous n\u00e9 \u00e0 marrakech en 1991, est un cr\u00e9ateur, designer marocain.<\/p><p>Le travail de adnane regroupe beaucoup de techniques et couvre des champs artistiques diff\u00e9rents, du design \u00e0 la production d\u2019\u00e9v\u00e9nementiel , \u00e0 la fabrication des borne photomaton\u2026<\/p>\t\t\t\t\t\t\t\t<\/div>\n\t\t\t\t\t<\/div>\n\t\t<\/div>\n\t\t\t\t<div class=\"elementor-column elementor-col-33 elementor-top-column elementor-element elementor-element-537aad6\" data-id=\"537aad6\" data-element_type=\"column\" data-e-type=\"column\">\n\t\t\t<div class=\"elementor-widget-wrap elementor-element-populated\">\n\t\t\t\t\t\t<div class=\"elementor-element elementor-element-769bca4 elementor-widget elementor-widget-image\" data-id=\"769bca4\" data-element_type=\"widget\" data-e-type=\"widget\" data-widget_type=\"image.default\">\n\t\t\t\t\t\t\t\t\t\t\t\t\t\t\t<img decoding=\"async\" width=\"533\" height=\"800\" src=\"https:\/\/secretstudioprod.com\/wp-content\/uploads\/2024\/08\/ADNANE.webp\" class=\"attachment-medium_large size-medium_large wp-image-510\" alt=\"adnane taous :location de mat\u00e9riel \u00e9v\u00e9nementiel \u00e0 Marrakech\" srcset=\"https:\/\/secretstudioprod.com\/wp-content\/uploads\/2024\/08\/ADNANE.webp 533w, https:\/\/secretstudioprod.com\/wp-content\/uploads\/2024\/08\/ADNANE-200x300.webp 200w\" sizes=\"(max-width: 533px) 100vw, 533px\" \/>\t\t\t\t\t\t\t\t\t\t\t\t\t\t\t<\/div>\n\t\t\t\t\t<\/div>\n\t\t<\/div>\n\t\t\t\t\t<\/div>\n\t\t<\/section>\n\t\t\t\t<section class=\"elementor-section elementor-top-section elementor-element elementor-element-f8c3559 elementor-section-stretched elementor-section-boxed elementor-section-height-default elementor-section-height-default wpr-particle-no wpr-jarallax-no wpr-parallax-no wpr-sticky-section-no wpr-equal-height-no\" data-id=\"f8c3559\" data-element_type=\"section\" data-e-type=\"section\" data-settings=\"{&quot;background_background&quot;:&quot;classic&quot;,&quot;stretch_section&quot;:&quot;section-stretched&quot;}\">\n\t\t\t\t\t\t<div class=\"elementor-container elementor-column-gap-default\">\n\t\t\t\t\t<div class=\"elementor-column elementor-col-100 elementor-top-column elementor-element elementor-element-dfe0fe0\" data-id=\"dfe0fe0\" data-element_type=\"column\" data-e-type=\"column\">\n\t\t\t<div class=\"elementor-widget-wrap elementor-element-populated\">\n\t\t\t\t\t\t<section class=\"elementor-section elementor-inner-section elementor-element elementor-element-1ebd568 elementor-section-boxed elementor-section-height-default elementor-section-height-default wpr-particle-no wpr-jarallax-no wpr-parallax-no wpr-sticky-section-no wpr-equal-height-no\" data-id=\"1ebd568\" data-element_type=\"section\" data-e-type=\"section\">\n\t\t\t\t\t\t<div class=\"elementor-container elementor-column-gap-default\">\n\t\t\t\t\t<div class=\"elementor-column elementor-col-50 elementor-inner-column elementor-element elementor-element-3d9d6bc\" data-id=\"3d9d6bc\" data-element_type=\"column\" data-e-type=\"column\">\n\t\t\t<div class=\"elementor-widget-wrap\">\n\t\t\t\t\t\t\t<\/div>\n\t\t<\/div>\n\t\t\t\t<div class=\"elementor-column elementor-col-50 elementor-inner-column elementor-element elementor-element-61efdf9\" data-id=\"61efdf9\" data-element_type=\"column\" data-e-type=\"column\">\n\t\t\t<div class=\"elementor-widget-wrap\">\n\t\t\t\t\t\t\t<\/div>\n\t\t<\/div>\n\t\t\t\t\t<\/div>\n\t\t<\/section>\n\t\t\t\t\t<\/div>\n\t\t<\/div>\n\t\t\t\t\t<\/div>\n\t\t<\/section>\n\t\t\t\t<section class=\"elementor-section elementor-top-section elementor-element elementor-element-d9430c9 elementor-section-stretched elementor-section-boxed elementor-section-height-default elementor-section-height-default wpr-particle-no wpr-jarallax-no wpr-parallax-no wpr-sticky-section-no wpr-equal-height-no\" data-id=\"d9430c9\" data-element_type=\"section\" data-e-type=\"section\" data-settings=\"{&quot;background_background&quot;:&quot;classic&quot;,&quot;stretch_section&quot;:&quot;section-stretched&quot;}\">\n\t\t\t\t\t\t<div class=\"elementor-container elementor-column-gap-default\">\n\t\t\t\t\t<div class=\"elementor-column elementor-col-100 elementor-top-column elementor-element elementor-element-49626d8\" data-id=\"49626d8\" data-element_type=\"column\" data-e-type=\"column\">\n\t\t\t<div class=\"elementor-widget-wrap elementor-element-populated\">\n\t\t\t\t\t\t<div class=\"elementor-element elementor-element-7888392 elementor-widget elementor-widget-heading\" data-id=\"7888392\" data-element_type=\"widget\" data-e-type=\"widget\" data-widget_type=\"heading.default\">\n\t\t\t\t\t<h2 class=\"elementor-heading-title elementor-size-default\">Nos installations<\/h2>\t\t\t\t<\/div>\n\t\t\t\t<div class=\"elementor-element elementor-element-f7850df elementor-widget elementor-widget-text-editor\" data-id=\"f7850df\" data-element_type=\"widget\" data-e-type=\"widget\" data-widget_type=\"text-editor.default\">\n\t\t\t\t\t\t\t\t\t<p>En tant que symbole de l&rsquo;information de masse et de la pop culture, la t\u00e9l\u00e9vision a \u00e9tabli des codes visuels et esth\u00e9tiques fondamentaux dans notre relation \u00e0 la vid\u00e9o.<br \/><br \/>Des textures VHS, des images de neige, des \u00e9crans de test et des glitches vid\u00e9o sont autant d&rsquo;effets visuels \u00e9vocateurs qui ont marqu\u00e9 les g\u00e9n\u00e9rations, m\u00eame \u00e0 l&rsquo;\u00e8re de TikTok et d&rsquo;Instagram.<br \/><br \/>Notre engagement s&rsquo;inscrit dans un mouvement de revalorisation des mat\u00e9riels \u00e9lectroniques jug\u00e9s obsol\u00e8tes dans le cadre de projets culturels et artistiques au Maroc. <br \/><br \/>Nous cherchons \u00e0 \u00e9tablir une continuit\u00e9 dans l&rsquo;histoire audiovisuelle en alliant le mat\u00e9riel du XXe si\u00e8cle aux outils num\u00e9riques contemporains.<br \/><br \/>Nos installations artistiques, compos\u00e9es d&rsquo;une diversit\u00e9 h\u00e9t\u00e9roclite d&rsquo;\u00e9crans et d&rsquo;enceintes, illustrent l&rsquo;omnipr\u00e9sence de la vid\u00e9o et du son dans nos modes de vie contemporains. Cette approche invite \u00e0 r\u00e9fl\u00e9chir sur l&rsquo;impact du support sur le contenu et la perception de celui-ci par le spectateur.<\/p>\t\t\t\t\t\t\t\t<\/div>\n\t\t\t\t\t<\/div>\n\t\t<\/div>\n\t\t\t\t\t<\/div>\n\t\t<\/section>\n\t\t\t\t<\/div>\n\t\t","protected":false},"excerpt":{"rendered":"<p>TV Cathodique Installation artistique \u00c0 propos Nous revalorisons des t\u00e9l\u00e9visions cathodiques \u00e0 des fins artistiques, culturelles et festives\u2026 Dans un monde o\u00f9 l&rsquo;obsolescence est programm\u00e9e, et o\u00f9 de nouvelles g\u00e9n\u00e9rations de produits sortent tous les ans sans r\u00e9pondre \u00e0 une r\u00e9elle n\u00e9cessit\u00e9, nous avons fait le choix d\u2019un d\u00e9veloppement plus durable. Toutes nos t\u00e9l\u00e9visions sont des objets d\u2019occasions, ayant eu une vie, une histoire, avant d\u2019arriver entre nos mains. Telle une \u201cSPA des t\u00e9l\u00e9visions\u201d nous accueillons ces antiquit\u00e9s, nous leur donnons tout l\u2019amour qu\u2019elles m\u00e9ritent, et nous les faisons jouer ensemble pour cr\u00e9er une installation artistique, actuelle et chaleureuse. Quoi de mieux qu\u2019une t\u00e9l\u00e9vision pour incarner la pop culture ? Nous avons tous un lien avec ces TV cubiques aux couleurs d\u00e9lav\u00e9es\u2026 Depuis le salon de nos grands-parents, les films sur cassettes de nos parents, et les jeux-vid\u00e9os de notre enfance, elles font parti de l\u2019imaginaire collectif ! La TV cathodique est un objet r\u00e9tro iconique et ind\u00e9modable. Founder \/ designer Adnane taous n\u00e9 \u00e0 marrakech en 1991, est un cr\u00e9ateur, designer marocain. Le travail de adnane regroupe beaucoup de techniques et couvre des champs artistiques diff\u00e9rents, du design \u00e0 la production d\u2019\u00e9v\u00e9nementiel , \u00e0 la fabrication des borne photomaton\u2026 Nos installations En tant que symbole de l&rsquo;information de masse et de la pop culture, la t\u00e9l\u00e9vision a \u00e9tabli des codes visuels et esth\u00e9tiques fondamentaux dans notre relation \u00e0 la vid\u00e9o. Des textures VHS, des images de neige, des \u00e9crans de test et des glitches vid\u00e9o sont autant d&rsquo;effets visuels \u00e9vocateurs qui ont marqu\u00e9 les g\u00e9n\u00e9rations, m\u00eame \u00e0 l&rsquo;\u00e8re de TikTok et d&rsquo;Instagram. Notre engagement s&rsquo;inscrit dans un mouvement de revalorisation des mat\u00e9riels \u00e9lectroniques jug\u00e9s obsol\u00e8tes dans le cadre de projets culturels et artistiques au Maroc. Nous cherchons \u00e0 \u00e9tablir une continuit\u00e9 dans l&rsquo;histoire audiovisuelle en alliant le mat\u00e9riel du XXe si\u00e8cle aux outils num\u00e9riques contemporains. Nos installations artistiques, compos\u00e9es d&rsquo;une diversit\u00e9 h\u00e9t\u00e9roclite d&rsquo;\u00e9crans et d&rsquo;enceintes, illustrent l&rsquo;omnipr\u00e9sence de la vid\u00e9o et du son dans nos modes de vie contemporains. Cette approche invite \u00e0 r\u00e9fl\u00e9chir sur l&rsquo;impact du support sur le contenu et la perception de celui-ci par le spectateur.<\/p>\n","protected":false},"author":1,"featured_media":540,"parent":0,"menu_order":0,"comment_status":"closed","ping_status":"closed","template":"","meta":{"site-sidebar-layout":"no-sidebar","site-content-layout":"","ast-site-content-layout":"full-width-container","site-content-style":"default","site-sidebar-style":"default","ast-global-header-display":"","ast-banner-title-visibility":"","ast-main-header-display":"","ast-hfb-above-header-display":"","ast-hfb-below-header-display":"","ast-hfb-mobile-header-display":"","site-post-title":"disabled","ast-breadcrumbs-content":"","ast-featured-img":"disabled","footer-sml-layout":"","ast-disable-related-posts":"","theme-transparent-header-meta":"default","adv-header-id-meta":"","stick-header-meta":"","header-above-stick-meta":"","header-main-stick-meta":"","header-below-stick-meta":"","astra-migrate-meta-layouts":"set","ast-page-background-enabled":"default","ast-page-background-meta":{"desktop":{"background-color":"var(--ast-global-color-4)","background-image":"","background-repeat":"repeat","background-position":"center center","background-size":"auto","background-attachment":"scroll","background-type":"","background-media":"","overlay-type":"","overlay-color":"","overlay-opacity":"","overlay-gradient":""},"tablet":{"background-color":"","background-image":"","background-repeat":"repeat","background-position":"center center","background-size":"auto","background-attachment":"scroll","background-type":"","background-media":"","overlay-type":"","overlay-color":"","overlay-opacity":"","overlay-gradient":""},"mobile":{"background-color":"","background-image":"","background-repeat":"repeat","background-position":"center center","background-size":"auto","background-attachment":"scroll","background-type":"","background-media":"","overlay-type":"","overlay-color":"","overlay-opacity":"","overlay-gradient":""}},"ast-content-background-meta":{"desktop":{"background-color":"var(--ast-global-color-5)","background-image":"","background-repeat":"repeat","background-position":"center center","background-size":"auto","background-attachment":"scroll","background-type":"","background-media":"","overlay-type":"","overlay-color":"","overlay-opacity":"","overlay-gradient":""},"tablet":{"background-color":"var(--ast-global-color-5)","background-image":"","background-repeat":"repeat","background-position":"center center","background-size":"auto","background-attachment":"scroll","background-type":"","background-media":"","overlay-type":"","overlay-color":"","overlay-opacity":"","overlay-gradient":""},"mobile":{"background-color":"var(--ast-global-color-5)","background-image":"","background-repeat":"repeat","background-position":"center center","background-size":"auto","background-attachment":"scroll","background-type":"","background-media":"","overlay-type":"","overlay-color":"","overlay-opacity":"","overlay-gradient":""}},"footnotes":""},"class_list":["post-2366","page","type-page","status-publish","has-post-thumbnail","hentry"],"_links":{"self":[{"href":"https:\/\/secretstudioprod.com\/fr\/wp-json\/wp\/v2\/pages\/2366","targetHints":{"allow":["GET"]}}],"collection":[{"href":"https:\/\/secretstudioprod.com\/fr\/wp-json\/wp\/v2\/pages"}],"about":[{"href":"https:\/\/secretstudioprod.com\/fr\/wp-json\/wp\/v2\/types\/page"}],"author":[{"embeddable":true,"href":"https:\/\/secretstudioprod.com\/fr\/wp-json\/wp\/v2\/users\/1"}],"replies":[{"embeddable":true,"href":"https:\/\/secretstudioprod.com\/fr\/wp-json\/wp\/v2\/comments?post=2366"}],"version-history":[{"count":7,"href":"https:\/\/secretstudioprod.com\/fr\/wp-json\/wp\/v2\/pages\/2366\/revisions"}],"predecessor-version":[{"id":2374,"href":"https:\/\/secretstudioprod.com\/fr\/wp-json\/wp\/v2\/pages\/2366\/revisions\/2374"}],"wp:featuredmedia":[{"embeddable":true,"href":"https:\/\/secretstudioprod.com\/fr\/wp-json\/wp\/v2\/media\/540"}],"wp:attachment":[{"href":"https:\/\/secretstudioprod.com\/fr\/wp-json\/wp\/v2\/media?parent=2366"}],"curies":[{"name":"wp","href":"https:\/\/api.w.org\/{rel}","templated":true}]}}