{"id":2767,"date":"2026-03-16T09:42:19","date_gmt":"2026-03-16T09:42:19","guid":{"rendered":"https:\/\/secretstudioprod.com\/?page_id=2767"},"modified":"2026-03-16T10:43:02","modified_gmt":"2026-03-16T10:43:02","slug":"event-production-marrakech","status":"publish","type":"page","link":"https:\/\/secretstudioprod.com\/fr\/event-production-marrakech\/","title":{"rendered":"Event production Marrakech\u200b"},"content":{"rendered":"\t\t<div data-elementor-type=\"wp-page\" data-elementor-id=\"2767\" class=\"elementor elementor-2767\">\n\t\t\t\t<div class=\"elementor-element elementor-element-b8ba924 e-flex e-con-boxed wpr-particle-no wpr-jarallax-no wpr-parallax-no wpr-sticky-section-no wpr-equal-height-no e-con e-parent\" data-id=\"b8ba924\" data-element_type=\"container\" data-e-type=\"container\">\n\t\t\t\t\t<div class=\"e-con-inner\">\n\t\t<div class=\"elementor-element elementor-element-fea9114 e-con-full e-flex wpr-particle-no wpr-jarallax-no wpr-parallax-no wpr-sticky-section-no wpr-equal-height-no e-con e-child\" data-id=\"fea9114\" data-element_type=\"container\" data-e-type=\"container\">\n\t\t\t\t<div class=\"elementor-element elementor-element-04ea7b8 elementor-widget elementor-widget-heading\" data-id=\"04ea7b8\" data-element_type=\"widget\" data-e-type=\"widget\" data-widget_type=\"heading.default\">\n\t\t\t\t\t<h1 class=\"elementor-heading-title elementor-size-default\">event production Marrakech\u200b<\/h1>\t\t\t\t<\/div>\n\t\t\t\t<div class=\"elementor-element elementor-element-312aada elementor-widget elementor-widget-text-editor\" data-id=\"312aada\" data-element_type=\"widget\" data-e-type=\"widget\" data-widget_type=\"text-editor.default\">\n\t\t\t\t\t\t\t\t\t<article class=\"text-token-text-primary w-full focus:outline-none [--shadow-height:45px] has-data-writing-block:pointer-events-none has-data-writing-block:-mt-(--shadow-height) has-data-writing-block:pt-(--shadow-height) [&amp;:has([data-writing-block])&gt;*]:pointer-events-auto scroll-mt-(--header-height)\" dir=\"auto\" tabindex=\"-1\" data-turn-id=\"dc7ac5aa-fda5-4565-aae7-52b30d22f9e3\" data-testid=\"conversation-turn-33\" data-scroll-anchor=\"false\" data-turn=\"user\"><\/article><article class=\"text-token-text-primary w-full focus:outline-none [--shadow-height:45px] has-data-writing-block:pointer-events-none has-data-writing-block:-mt-(--shadow-height) has-data-writing-block:pt-(--shadow-height) [&amp;:has([data-writing-block])&gt;*]:pointer-events-auto scroll-mt-[calc(var(--header-height)+min(200px,max(70px,20svh)))]\" dir=\"auto\" tabindex=\"-1\" data-turn-id=\"request-69b40068-01d0-832d-815e-69290df51f15-5\" data-testid=\"conversation-turn-34\" data-scroll-anchor=\"true\" data-turn=\"assistant\"><div class=\"text-base my-auto mx-auto pb-10 [--thread-content-margin:var(--thread-content-margin-xs,calc(var(--spacing)*4))] @w-sm\/main:[--thread-content-margin:var(--thread-content-margin-sm,calc(var(--spacing)*6))] @w-lg\/main:[--thread-content-margin:var(--thread-content-margin-lg,calc(var(--spacing)*16))] px-(--thread-content-margin)\"><div class=\"[--thread-content-max-width:40rem] @w-lg\/main:[--thread-content-max-width:48rem] mx-auto max-w-(--thread-content-max-width) flex-1 group\/turn-messages focus-visible:outline-hidden relative flex w-full min-w-0 flex-col agent-turn\" tabindex=\"-1\"><div class=\"flex max-w-full flex-col gap-4 grow\"><div class=\"min-h-8 text-message relative flex w-full flex-col items-end gap-2 text-start break-words whitespace-normal [.text-message+&amp;]:mt-1\" dir=\"auto\" data-message-author-role=\"assistant\" data-message-id=\"88bf3fd8-1500-4144-b9c7-f5373b7a6b77\" data-message-model-slug=\"gpt-5-3\"><div class=\"flex w-full flex-col gap-1 empty:hidden\"><div class=\"markdown prose dark:prose-invert w-full wrap-break-word dark markdown-new-styling\"><p data-start=\"0\" data-end=\"487\">Organiser un \u00e9v\u00e9nement \u00e0 Marrakech demande souvent bien plus qu\u2019une simple id\u00e9e ou un lieu. Pour cr\u00e9er une exp\u00e9rience vraiment r\u00e9ussie, chaque d\u00e9tail compte : l\u2019ambiance sonore, la mise en lumi\u00e8re, la qualit\u00e9 du mat\u00e9riel et la coordination technique. C\u2019est pr\u00e9cis\u00e9ment pour cela que notre service de event production Marrakech vous accompagne dans la pr\u00e9paration et la mise en place technique de vos \u00e9v\u00e9nements, afin de transformer votre projet en une exp\u00e9rience fluide et m\u00e9morable.<\/p><\/div><\/div><\/div><\/div><\/div><\/div><\/article>\t\t\t\t\t\t\t\t<\/div>\n\t\t\t\t<div class=\"elementor-element elementor-element-6a3a167 elementor-widget elementor-widget-text-editor\" data-id=\"6a3a167\" data-element_type=\"widget\" data-e-type=\"widget\" data-widget_type=\"text-editor.default\">\n\t\t\t\t\t\t\t\t\t<p><a style=\"padding: 12px 20px; border-radius: 12px; border: 1px solid #467FF7; text-decoration: none; font-weight: bold; color: #467ff7 !important;\" href=\"\/fr\/contact\/\" rel=\"noopener\">Demander un devis gratuit<\/a><\/p>\t\t\t\t\t\t\t\t<\/div>\n\t\t\t\t<\/div>\n\t\t\t\t\t<\/div>\n\t\t\t\t<\/div>\n\t\t<div class=\"elementor-element elementor-element-9e56fcd e-flex e-con-boxed wpr-particle-no wpr-jarallax-no wpr-parallax-no wpr-sticky-section-no wpr-equal-height-no e-con e-parent\" data-id=\"9e56fcd\" data-element_type=\"container\" data-e-type=\"container\" data-settings=\"{&quot;background_background&quot;:&quot;classic&quot;,&quot;shape_divider_top&quot;:&quot;tilt&quot;,&quot;shape_divider_bottom&quot;:&quot;tilt&quot;}\">\n\t\t\t\t\t<div class=\"e-con-inner\">\n\t\t\t\t<div class=\"elementor-shape elementor-shape-top\" aria-hidden=\"true\" data-negative=\"false\">\n\t\t\t<svg xmlns=\"http:\/\/www.w3.org\/2000\/svg\" viewBox=\"0 0 1000 100\" preserveAspectRatio=\"none\">\n\t<path class=\"elementor-shape-fill\" d=\"M0,6V0h1000v100L0,6z\"\/>\n<\/svg>\t\t<\/div>\n\t\t\t\t<div class=\"elementor-shape elementor-shape-bottom\" aria-hidden=\"true\" data-negative=\"false\">\n\t\t\t<svg xmlns=\"http:\/\/www.w3.org\/2000\/svg\" viewBox=\"0 0 1000 100\" preserveAspectRatio=\"none\">\n\t<path class=\"elementor-shape-fill\" d=\"M0,6V0h1000v100L0,6z\"\/>\n<\/svg>\t\t<\/div>\n\t\t<div class=\"elementor-element elementor-element-687ae38 e-con-full e-flex wpr-particle-no wpr-jarallax-no wpr-parallax-no wpr-sticky-section-no wpr-equal-height-no e-con e-child\" data-id=\"687ae38\" data-element_type=\"container\" data-e-type=\"container\">\n\t\t\t\t<div class=\"elementor-element elementor-element-e3b697a elementor-widget-mobile__width-initial elementor-widget elementor-widget-image\" data-id=\"e3b697a\" data-element_type=\"widget\" data-e-type=\"widget\" data-widget_type=\"image.default\">\n\t\t\t\t\t\t\t\t\t\t\t\t\t\t\t<img fetchpriority=\"high\" decoding=\"async\" width=\"1536\" height=\"1024\" src=\"https:\/\/secretstudioprod.com\/wp-content\/uploads\/2026\/03\/100.jpg\" class=\"attachment-full size-full wp-image-2572\" alt=\"event production Marrakech\u200b\" srcset=\"https:\/\/secretstudioprod.com\/wp-content\/uploads\/2026\/03\/100.jpg 1536w, https:\/\/secretstudioprod.com\/wp-content\/uploads\/2026\/03\/100-300x200.jpg 300w, https:\/\/secretstudioprod.com\/wp-content\/uploads\/2026\/03\/100-1024x683.jpg 1024w, https:\/\/secretstudioprod.com\/wp-content\/uploads\/2026\/03\/100-768x512.jpg 768w, https:\/\/secretstudioprod.com\/wp-content\/uploads\/2026\/03\/100-18x12.jpg 18w\" sizes=\"(max-width: 1536px) 100vw, 1536px\" \/>\t\t\t\t\t\t\t\t\t\t\t\t\t\t\t<\/div>\n\t\t<div class=\"elementor-element elementor-element-2de5823 e-con-full e-flex wpr-particle-no wpr-jarallax-no wpr-parallax-no wpr-sticky-section-no wpr-equal-height-no e-con e-child\" data-id=\"2de5823\" data-element_type=\"container\" data-e-type=\"container\">\n\t\t\t\t<\/div>\n\t\t\t\t<\/div>\n\t\t<div class=\"elementor-element elementor-element-9c3406a e-con-full e-flex wpr-particle-no wpr-jarallax-no wpr-parallax-no wpr-sticky-section-no wpr-equal-height-no e-con e-child\" data-id=\"9c3406a\" data-element_type=\"container\" data-e-type=\"container\">\n\t\t\t\t<div class=\"elementor-element elementor-element-bc2ff53 elementor-widget elementor-widget-heading\" data-id=\"bc2ff53\" data-element_type=\"widget\" data-e-type=\"widget\" data-widget_type=\"heading.default\">\n\t\t\t\t\t<h2 class=\"elementor-heading-title elementor-size-default\"><h3 data-section-id=\"uyzx0e\" data-start=\"0\" data-end=\"54\" style=\"font-style: normal;text-transform: none\">Production d\u2019\u00e9v\u00e9nements professionnels \u00e0 Marrakech<span style=\"font-style: inherit;, sans-serif;font-size: 16px;font-weight: 600;letter-spacing: normal;text-transform: uppercase;white-space: pre-wrap;text-align: start;float: none\"><\/span><\/h3><\/h2>\t\t\t\t<\/div>\n\t\t\t\t<div class=\"elementor-element elementor-element-a14ba2b elementor-widget elementor-widget-text-editor\" data-id=\"a14ba2b\" data-element_type=\"widget\" data-e-type=\"widget\" data-widget_type=\"text-editor.default\">\n\t\t\t\t\t\t\t\t\t<p data-section-id=\"uyzx0e\" data-start=\"0\" data-end=\"54\">Organiser un \u00e9v\u00e9nement r\u00e9ussi \u00e0 Marrakech ne se r\u00e9sume pas simplement \u00e0 choisir un lieu ou \u00e0 r\u00e9unir des invit\u00e9s. Pour cr\u00e9er une v\u00e9ritable exp\u00e9rience, chaque d\u00e9tail compte : la technique, l\u2019ambiance visuelle, la qualit\u00e9 du son et la coordination de l\u2019ensemble. C\u2019est pr\u00e9cis\u00e9ment dans cette approche que s\u2019inscrit notre service de\u00a0event production Marrakech. Nous accompagnons nos clients dans la conception et la r\u00e9alisation d\u2019\u00e9v\u00e9nements professionnels et priv\u00e9s en proposant des solutions techniques compl\u00e8tes, pens\u00e9es pour s\u2019adapter parfaitement \u00e0 chaque projet.<\/p><p data-section-id=\"uyzx0e\" data-start=\"0\" data-end=\"54\"><span style=\"font-style: inherit; font-weight: inherit; letter-spacing: 0px;\">Pour r\u00e9pondre aux exigences de chaque \u00e9v\u00e9nement, nous mettons \u00e0 votre disposition une gamme compl\u00e8te de solutions techniques professionnelles. Cela comprend notamment :<\/span><\/p><p data-start=\"1321\" data-end=\"1659\">\u2022 Sonorisation professionnelle pour conf\u00e9rences, spectacles et \u00e9v\u00e9nements corporate<br data-start=\"1404\" data-end=\"1407\" \/>\u2022 \u00c9clairage sc\u00e9nique et mise en ambiance lumineuse<br data-start=\"1457\" data-end=\"1460\" \/>\u2022 Installation de sc\u00e8nes et de structures techniques adapt\u00e9es aux lieux<br data-start=\"1531\" data-end=\"1534\" \/>\u2022 \u00c9crans LED et solutions audiovisuelles modernes<br data-start=\"1583\" data-end=\"1586\" \/>\u2022 Mat\u00e9riel DJ et solutions de divertissement pour dynamiser vos soir\u00e9es<\/p><p data-start=\"1661\" data-end=\"1967\">Chaque \u00e9v\u00e9nement est \u00e9tudi\u00e9 avec attention afin d\u2019adapter les \u00e9quipements et l\u2019installation technique au lieu, au nombre d\u2019invit\u00e9s et \u00e0 l\u2019exp\u00e9rience que vous souhaitez offrir. Cette approche personnalis\u00e9e nous permet de garantir une production fiable, harmonieuse et parfaitement adapt\u00e9e \u00e0 votre \u00e9v\u00e9nement.<\/p>\t\t\t\t\t\t\t\t<\/div>\n\t\t\t\t<\/div>\n\t\t\t\t\t<\/div>\n\t\t\t\t<\/div>\n\t\t\t\t<\/div>\n\t\t","protected":false},"excerpt":{"rendered":"<p>event production Marrakech\u200b Organiser un \u00e9v\u00e9nement \u00e0 Marrakech demande souvent bien plus qu\u2019une simple id\u00e9e ou un lieu. Pour cr\u00e9er une exp\u00e9rience vraiment r\u00e9ussie, chaque d\u00e9tail compte : l\u2019ambiance sonore, la mise en lumi\u00e8re, la qualit\u00e9 du mat\u00e9riel et la coordination technique. C\u2019est pr\u00e9cis\u00e9ment pour cela que notre service de event production Marrakech vous accompagne dans la pr\u00e9paration et la mise en place technique de vos \u00e9v\u00e9nements, afin de transformer votre projet en une exp\u00e9rience fluide et m\u00e9morable. Demander un devis gratuit Production d\u2019\u00e9v\u00e9nements professionnels \u00e0 Marrakech Organiser un \u00e9v\u00e9nement r\u00e9ussi \u00e0 Marrakech ne se r\u00e9sume pas simplement \u00e0 choisir un lieu ou \u00e0 r\u00e9unir des invit\u00e9s. Pour cr\u00e9er une v\u00e9ritable exp\u00e9rience, chaque d\u00e9tail compte : la technique, l\u2019ambiance visuelle, la qualit\u00e9 du son et la coordination de l\u2019ensemble. C\u2019est pr\u00e9cis\u00e9ment dans cette approche que s\u2019inscrit notre service de\u00a0event production Marrakech. Nous accompagnons nos clients dans la conception et la r\u00e9alisation d\u2019\u00e9v\u00e9nements professionnels et priv\u00e9s en proposant des solutions techniques compl\u00e8tes, pens\u00e9es pour s\u2019adapter parfaitement \u00e0 chaque projet. Pour r\u00e9pondre aux exigences de chaque \u00e9v\u00e9nement, nous mettons \u00e0 votre disposition une gamme compl\u00e8te de solutions techniques professionnelles. Cela comprend notamment : \u2022 Sonorisation professionnelle pour conf\u00e9rences, spectacles et \u00e9v\u00e9nements corporate\u2022 \u00c9clairage sc\u00e9nique et mise en ambiance lumineuse\u2022 Installation de sc\u00e8nes et de structures techniques adapt\u00e9es aux lieux\u2022 \u00c9crans LED et solutions audiovisuelles modernes\u2022 Mat\u00e9riel DJ et solutions de divertissement pour dynamiser vos soir\u00e9es Chaque \u00e9v\u00e9nement est \u00e9tudi\u00e9 avec attention afin d\u2019adapter les \u00e9quipements et l\u2019installation technique au lieu, au nombre d\u2019invit\u00e9s et \u00e0 l\u2019exp\u00e9rience que vous souhaitez offrir. Cette approche personnalis\u00e9e nous permet de garantir une production fiable, harmonieuse et parfaitement adapt\u00e9e \u00e0 votre \u00e9v\u00e9nement.<\/p>\n","protected":false},"author":2,"featured_media":2286,"parent":0,"menu_order":0,"comment_status":"closed","ping_status":"closed","template":"elementor_header_footer","meta":{"site-sidebar-layout":"no-sidebar","site-content-layout":"","ast-site-content-layout":"full-width-container","site-content-style":"default","site-sidebar-style":"default","ast-global-header-display":"","ast-banner-title-visibility":"","ast-main-header-display":"","ast-hfb-above-header-display":"","ast-hfb-below-header-display":"","ast-hfb-mobile-header-display":"","site-post-title":"disabled","ast-breadcrumbs-content":"","ast-featured-img":"disabled","footer-sml-layout":"","ast-disable-related-posts":"","theme-transparent-header-meta":"default","adv-header-id-meta":"","stick-header-meta":"","header-above-stick-meta":"","header-main-stick-meta":"","header-below-stick-meta":"","astra-migrate-meta-layouts":"set","ast-page-background-enabled":"default","ast-page-background-meta":{"desktop":{"background-color":"var(--ast-global-color-4)","background-image":"","background-repeat":"repeat","background-position":"center center","background-size":"auto","background-attachment":"scroll","background-type":"","background-media":"","overlay-type":"","overlay-color":"","overlay-opacity":"","overlay-gradient":""},"tablet":{"background-color":"","background-image":"","background-repeat":"repeat","background-position":"center center","background-size":"auto","background-attachment":"scroll","background-type":"","background-media":"","overlay-type":"","overlay-color":"","overlay-opacity":"","overlay-gradient":""},"mobile":{"background-color":"","background-image":"","background-repeat":"repeat","background-position":"center center","background-size":"auto","background-attachment":"scroll","background-type":"","background-media":"","overlay-type":"","overlay-color":"","overlay-opacity":"","overlay-gradient":""}},"ast-content-background-meta":{"desktop":{"background-color":"var(--ast-global-color-5)","background-image":"","background-repeat":"repeat","background-position":"center center","background-size":"auto","background-attachment":"scroll","background-type":"","background-media":"","overlay-type":"","overlay-color":"","overlay-opacity":"","overlay-gradient":""},"tablet":{"background-color":"var(--ast-global-color-5)","background-image":"","background-repeat":"repeat","background-position":"center center","background-size":"auto","background-attachment":"scroll","background-type":"","background-media":"","overlay-type":"","overlay-color":"","overlay-opacity":"","overlay-gradient":""},"mobile":{"background-color":"var(--ast-global-color-5)","background-image":"","background-repeat":"repeat","background-position":"center center","background-size":"auto","background-attachment":"scroll","background-type":"","background-media":"","overlay-type":"","overlay-color":"","overlay-opacity":"","overlay-gradient":""}},"footnotes":""},"class_list":["post-2767","page","type-page","status-publish","has-post-thumbnail","hentry"],"_links":{"self":[{"href":"https:\/\/secretstudioprod.com\/fr\/wp-json\/wp\/v2\/pages\/2767","targetHints":{"allow":["GET"]}}],"collection":[{"href":"https:\/\/secretstudioprod.com\/fr\/wp-json\/wp\/v2\/pages"}],"about":[{"href":"https:\/\/secretstudioprod.com\/fr\/wp-json\/wp\/v2\/types\/page"}],"author":[{"embeddable":true,"href":"https:\/\/secretstudioprod.com\/fr\/wp-json\/wp\/v2\/users\/2"}],"replies":[{"embeddable":true,"href":"https:\/\/secretstudioprod.com\/fr\/wp-json\/wp\/v2\/comments?post=2767"}],"version-history":[{"count":8,"href":"https:\/\/secretstudioprod.com\/fr\/wp-json\/wp\/v2\/pages\/2767\/revisions"}],"predecessor-version":[{"id":2783,"href":"https:\/\/secretstudioprod.com\/fr\/wp-json\/wp\/v2\/pages\/2767\/revisions\/2783"}],"wp:featuredmedia":[{"embeddable":true,"href":"https:\/\/secretstudioprod.com\/fr\/wp-json\/wp\/v2\/media\/2286"}],"wp:attachment":[{"href":"https:\/\/secretstudioprod.com\/fr\/wp-json\/wp\/v2\/media?parent=2767"}],"curies":[{"name":"wp","href":"https:\/\/api.w.org\/{rel}","templated":true}]}}