{"id":2831,"date":"2026-03-17T11:09:22","date_gmt":"2026-03-17T11:09:22","guid":{"rendered":"https:\/\/secretstudioprod.com\/?page_id=2831"},"modified":"2026-03-17T11:50:14","modified_gmt":"2026-03-17T11:50:14","slug":"les-meilleurs-lieux-pour-evenement-a-marrakech","status":"publish","type":"page","link":"https:\/\/secretstudioprod.com\/fr\/les-meilleurs-lieux-pour-evenement-a-marrakech\/","title":{"rendered":"Les meilleurs lieux pour \u00e9v\u00e9nement \u00e0 Marrakech"},"content":{"rendered":"\t\t<div data-elementor-type=\"wp-page\" data-elementor-id=\"2831\" class=\"elementor elementor-2831\">\n\t\t\t\t\t\t<section class=\"elementor-section elementor-top-section elementor-element elementor-element-5c72c54 elementor-section-stretched elementor-section-boxed elementor-section-height-default elementor-section-height-default wpr-particle-no wpr-jarallax-no wpr-parallax-no wpr-sticky-section-no wpr-equal-height-no\" data-id=\"5c72c54\" data-element_type=\"section\" data-e-type=\"section\" data-settings=\"{&quot;background_background&quot;:&quot;classic&quot;,&quot;stretch_section&quot;:&quot;section-stretched&quot;,&quot;shape_divider_bottom&quot;:&quot;triangle-asymmetrical&quot;}\">\n\t\t\t\t\t<div class=\"elementor-shape elementor-shape-bottom\" aria-hidden=\"true\" data-negative=\"false\">\n\t\t\t<svg xmlns=\"http:\/\/www.w3.org\/2000\/svg\" viewBox=\"0 0 1000 100\" preserveAspectRatio=\"none\">\n\t<path class=\"elementor-shape-fill\" d=\"M738,99l262-93V0H0v5.6L738,99z\"\/>\n<\/svg>\t\t<\/div>\n\t\t\t\t\t<div class=\"elementor-container elementor-column-gap-default\">\n\t\t\t\t\t<div class=\"elementor-column elementor-col-100 elementor-top-column elementor-element elementor-element-6f9d5be\" data-id=\"6f9d5be\" data-element_type=\"column\" data-e-type=\"column\">\n\t\t\t<div class=\"elementor-widget-wrap elementor-element-populated\">\n\t\t\t\t\t\t<div class=\"elementor-element elementor-element-4cbd16e elementor-widget elementor-widget-heading\" data-id=\"4cbd16e\" data-element_type=\"widget\" data-e-type=\"widget\" data-widget_type=\"heading.default\">\n\t\t\t\t\t<h2 class=\"elementor-heading-title elementor-size-default\">Les meilleurs lieux pour \u00e9v\u00e9nement \u00e0 Marrakech<\/h2>\t\t\t\t<\/div>\n\t\t\t\t<div class=\"elementor-element elementor-element-5c77937 elementor-widget elementor-widget-text-editor\" data-id=\"5c77937\" data-element_type=\"widget\" data-e-type=\"widget\" data-widget_type=\"text-editor.default\">\n\t\t\t\t\t\t\t\t\t<p data-start=\"0\" data-end=\"315\">Marrakech s\u2019impose aujourd\u2019hui, et ce n\u2019est pas un hasard, comme l\u2019une des destinations incontournables pour l\u2019organisation d\u2019\u00e9v\u00e9nements professionnels et priv\u00e9s. D\u00e8s que vous envisagez d\u2019organiser un \u00e9v\u00e9nement dans un cadre \u00e0 la fois d\u00e9paysant et structur\u00e9, la ville se positionne naturellement comme une \u00e9vidence.<\/p><p data-start=\"317\" data-end=\"634\">En effet, Marrakech s\u00e9duit autant par son cadre unique que par son atmosph\u00e8re chaleureuse. Entre son climat agr\u00e9able tout au long de l\u2019ann\u00e9e et la richesse de ses infrastructures, elle offre un terrain id\u00e9al pour donner vie \u00e0 vos projets, qu\u2019il s\u2019agisse d\u2019un \u00e9v\u00e9nement corporate ou d\u2019une c\u00e9l\u00e9bration plus personnelle.<\/p>\t\t\t\t\t\t\t\t<\/div>\n\t\t\t\t\t<\/div>\n\t\t<\/div>\n\t\t\t\t\t<\/div>\n\t\t<\/section>\n\t\t\t\t<section class=\"elementor-section elementor-top-section elementor-element elementor-element-0f47b51 elementor-section-stretched elementor-reverse-mobile elementor-reverse-tablet elementor-section-boxed elementor-section-height-default elementor-section-height-default wpr-particle-no wpr-jarallax-no wpr-parallax-no wpr-sticky-section-no wpr-equal-height-no\" data-id=\"0f47b51\" data-element_type=\"section\" data-e-type=\"section\" data-settings=\"{&quot;background_background&quot;:&quot;classic&quot;,&quot;stretch_section&quot;:&quot;section-stretched&quot;}\">\n\t\t\t\t\t\t<div class=\"elementor-container elementor-column-gap-default\">\n\t\t\t\t\t<div class=\"elementor-column elementor-col-50 elementor-top-column elementor-element elementor-element-43ae727\" data-id=\"43ae727\" data-element_type=\"column\" data-e-type=\"column\">\n\t\t\t<div class=\"elementor-widget-wrap elementor-element-populated\">\n\t\t\t\t\t\t<div class=\"elementor-element elementor-element-b2aca98 elementor-widget elementor-widget-heading\" data-id=\"b2aca98\" data-element_type=\"widget\" data-e-type=\"widget\" data-widget_type=\"heading.default\">\n\t\t\t\t\t<h2 class=\"elementor-heading-title elementor-size-default\">Quel type de lieu choisir selon votre \u00e9v\u00e9nement ?<\/h2>\t\t\t\t<\/div>\n\t\t\t\t<div class=\"elementor-element elementor-element-8e14180 elementor-widget elementor-widget-text-editor\" data-id=\"8e14180\" data-element_type=\"widget\" data-e-type=\"widget\" data-widget_type=\"text-editor.default\">\n\t\t\t\t\t\t\t\t\t<p data-start=\"1079\" data-end=\"1278\">Le choix du lieu d\u00e9pend avant tout de votre objectif. Et c\u2019est l\u00e0 que Marrakech devient particuli\u00e8rement int\u00e9ressante, car elle vous permet de trouver un espace parfaitement align\u00e9 avec votre vision.\u00a0<span style=\"font-style: inherit; font-weight: inherit; letter-spacing: 0px; word-spacing: 0em;\">Si vous organisez un \u00e9v\u00e9nement corporate, comme un s\u00e9minaire ou une conf\u00e9rence, les h\u00f4tels ou centres de conf\u00e9rence seront souvent les plus adapt\u00e9s. Ils offrent un cadre structur\u00e9, \u00e9quip\u00e9 et rassurant pour vos participants.<\/span><\/p>\t\t\t\t\t\t\t\t<\/div>\n\t\t\t\t\t<\/div>\n\t\t<\/div>\n\t\t\t\t<div class=\"elementor-column elementor-col-50 elementor-top-column elementor-element elementor-element-aebc475\" data-id=\"aebc475\" data-element_type=\"column\" data-e-type=\"column\">\n\t\t\t<div class=\"elementor-widget-wrap elementor-element-populated\">\n\t\t\t\t\t\t<div class=\"elementor-element elementor-element-7957647 elementor-widget elementor-widget-image\" data-id=\"7957647\" data-element_type=\"widget\" data-e-type=\"widget\" data-widget_type=\"image.default\">\n\t\t\t\t\t\t\t\t\t\t\t\t\t\t\t<img fetchpriority=\"high\" decoding=\"async\" width=\"1024\" height=\"683\" src=\"https:\/\/secretstudioprod.com\/wp-content\/uploads\/2026\/03\/133-1024x683.jpg\" class=\"attachment-large size-large wp-image-2605\" alt=\"\" srcset=\"https:\/\/secretstudioprod.com\/wp-content\/uploads\/2026\/03\/133-1024x683.jpg 1024w, https:\/\/secretstudioprod.com\/wp-content\/uploads\/2026\/03\/133-300x200.jpg 300w, https:\/\/secretstudioprod.com\/wp-content\/uploads\/2026\/03\/133-768x512.jpg 768w, https:\/\/secretstudioprod.com\/wp-content\/uploads\/2026\/03\/133-18x12.jpg 18w, https:\/\/secretstudioprod.com\/wp-content\/uploads\/2026\/03\/133.jpg 1536w\" sizes=\"(max-width: 1024px) 100vw, 1024px\" \/>\t\t\t\t\t\t\t\t\t\t\t\t\t\t\t<\/div>\n\t\t\t\t\t<\/div>\n\t\t<\/div>\n\t\t\t\t\t<\/div>\n\t\t<\/section>\n\t\t\t\t<section class=\"elementor-section elementor-top-section elementor-element elementor-element-cd26c5c elementor-section-stretched elementor-section-boxed elementor-section-height-default elementor-section-height-default wpr-particle-no wpr-jarallax-no wpr-parallax-no wpr-sticky-section-no wpr-equal-height-no\" data-id=\"cd26c5c\" data-element_type=\"section\" data-e-type=\"section\" data-settings=\"{&quot;background_background&quot;:&quot;classic&quot;,&quot;stretch_section&quot;:&quot;section-stretched&quot;,&quot;shape_divider_top&quot;:&quot;triangle-asymmetrical&quot;}\">\n\t\t\t\t\t<div class=\"elementor-shape elementor-shape-top\" aria-hidden=\"true\" data-negative=\"false\">\n\t\t\t<svg xmlns=\"http:\/\/www.w3.org\/2000\/svg\" viewBox=\"0 0 1000 100\" preserveAspectRatio=\"none\">\n\t<path class=\"elementor-shape-fill\" d=\"M738,99l262-93V0H0v5.6L738,99z\"\/>\n<\/svg>\t\t<\/div>\n\t\t\t\t\t<div class=\"elementor-container elementor-column-gap-default\">\n\t\t\t\t\t<div class=\"elementor-column elementor-col-50 elementor-top-column elementor-element elementor-element-06544d2\" data-id=\"06544d2\" data-element_type=\"column\" data-e-type=\"column\">\n\t\t\t<div class=\"elementor-widget-wrap elementor-element-populated\">\n\t\t\t\t\t\t<div class=\"elementor-element elementor-element-8793be9 elementor-widget elementor-widget-image\" data-id=\"8793be9\" data-element_type=\"widget\" data-e-type=\"widget\" data-widget_type=\"image.default\">\n\t\t\t\t\t\t\t\t\t\t\t\t\t\t\t<img decoding=\"async\" width=\"2048\" height=\"1101\" src=\"https:\/\/secretstudioprod.com\/wp-content\/uploads\/2025\/04\/sonorisation-mariage-ceremonie-de-mariage-marrakech.png\" class=\"attachment-full size-full wp-image-1262\" alt=\"\" srcset=\"https:\/\/secretstudioprod.com\/wp-content\/uploads\/2025\/04\/sonorisation-mariage-ceremonie-de-mariage-marrakech.png 2048w, https:\/\/secretstudioprod.com\/wp-content\/uploads\/2025\/04\/sonorisation-mariage-ceremonie-de-mariage-marrakech-300x161.png 300w, https:\/\/secretstudioprod.com\/wp-content\/uploads\/2025\/04\/sonorisation-mariage-ceremonie-de-mariage-marrakech-1024x550.png 1024w, https:\/\/secretstudioprod.com\/wp-content\/uploads\/2025\/04\/sonorisation-mariage-ceremonie-de-mariage-marrakech-768x413.png 768w, https:\/\/secretstudioprod.com\/wp-content\/uploads\/2025\/04\/sonorisation-mariage-ceremonie-de-mariage-marrakech-1536x826.png 1536w, https:\/\/secretstudioprod.com\/wp-content\/uploads\/2025\/04\/sonorisation-mariage-ceremonie-de-mariage-marrakech-18x10.png 18w\" sizes=\"(max-width: 2048px) 100vw, 2048px\" \/>\t\t\t\t\t\t\t\t\t\t\t\t\t\t\t<\/div>\n\t\t\t\t\t<\/div>\n\t\t<\/div>\n\t\t\t\t<div class=\"elementor-column elementor-col-50 elementor-top-column elementor-element elementor-element-f21a04e\" data-id=\"f21a04e\" data-element_type=\"column\" data-e-type=\"column\">\n\t\t\t<div class=\"elementor-widget-wrap elementor-element-populated\">\n\t\t\t\t\t\t<div class=\"elementor-element elementor-element-9775c5c elementor-widget elementor-widget-heading\" data-id=\"9775c5c\" data-element_type=\"widget\" data-e-type=\"widget\" data-widget_type=\"heading.default\">\n\t\t\t\t\t<h2 class=\"elementor-heading-title elementor-size-default\">L\u2019importance de l\u2019exp\u00e9rience invit\u00e9s<\/h2>\t\t\t\t<\/div>\n\t\t\t\t<div class=\"elementor-element elementor-element-b34fbfe elementor-widget elementor-widget-text-editor\" data-id=\"b34fbfe\" data-element_type=\"widget\" data-e-type=\"widget\" data-widget_type=\"text-editor.default\">\n\t\t\t\t\t\t\t\t\t<ul><li><p data-start=\"2011\" data-end=\"2175\">Aujourd\u2019hui, organiser un \u00e9v\u00e9nement ne se limite plus \u00e0 r\u00e9unir des personnes dans un m\u00eame lieu. Ce qui fait la diff\u00e9rence, c\u2019est l\u2019exp\u00e9rience que vous allez offrir.<\/p><p data-start=\"2177\" data-end=\"2418\">\u00c0 Marrakech, vous avez justement l\u2019opportunit\u00e9 de travailler chaque d\u00e9tail : l\u2019accueil, la d\u00e9coration, la mise en sc\u00e8ne, l\u2019ambiance musicale, ou encore le parcours des invit\u00e9s. Tout peut \u00eatre pens\u00e9 pour cr\u00e9er un moment coh\u00e9rent et m\u00e9morable.<\/p><p data-start=\"2420\" data-end=\"2590\">Un lieu bien choisi joue un r\u00f4le central dans cette exp\u00e9rience. Il influence directement la perception de votre \u00e9v\u00e9nement, mais aussi l\u2019\u00e9motion ressentie par vos invit\u00e9s.<\/p><\/li><\/ul>\t\t\t\t\t\t\t\t<\/div>\n\t\t\t\t\t<\/div>\n\t\t<\/div>\n\t\t\t\t\t<\/div>\n\t\t<\/section>\n\t\t\t\t<\/div>\n\t\t","protected":false},"excerpt":{"rendered":"<p>Les meilleurs lieux pour \u00e9v\u00e9nement \u00e0 Marrakech Marrakech s\u2019impose aujourd\u2019hui, et ce n\u2019est pas un hasard, comme l\u2019une des destinations incontournables pour l\u2019organisation d\u2019\u00e9v\u00e9nements professionnels et priv\u00e9s. D\u00e8s que vous envisagez d\u2019organiser un \u00e9v\u00e9nement dans un cadre \u00e0 la fois d\u00e9paysant et structur\u00e9, la ville se positionne naturellement comme une \u00e9vidence. En effet, Marrakech s\u00e9duit autant par son cadre unique que par son atmosph\u00e8re chaleureuse. Entre son climat agr\u00e9able tout au long de l\u2019ann\u00e9e et la richesse de ses infrastructures, elle offre un terrain id\u00e9al pour donner vie \u00e0 vos projets, qu\u2019il s\u2019agisse d\u2019un \u00e9v\u00e9nement corporate ou d\u2019une c\u00e9l\u00e9bration plus personnelle. Quel type de lieu choisir selon votre \u00e9v\u00e9nement ? Le choix du lieu d\u00e9pend avant tout de votre objectif. Et c\u2019est l\u00e0 que Marrakech devient particuli\u00e8rement int\u00e9ressante, car elle vous permet de trouver un espace parfaitement align\u00e9 avec votre vision.\u00a0Si vous organisez un \u00e9v\u00e9nement corporate, comme un s\u00e9minaire ou une conf\u00e9rence, les h\u00f4tels ou centres de conf\u00e9rence seront souvent les plus adapt\u00e9s. Ils offrent un cadre structur\u00e9, \u00e9quip\u00e9 et rassurant pour vos participants. L\u2019importance de l\u2019exp\u00e9rience invit\u00e9s Aujourd\u2019hui, organiser un \u00e9v\u00e9nement ne se limite plus \u00e0 r\u00e9unir des personnes dans un m\u00eame lieu. Ce qui fait la diff\u00e9rence, c\u2019est l\u2019exp\u00e9rience que vous allez offrir. \u00c0 Marrakech, vous avez justement l\u2019opportunit\u00e9 de travailler chaque d\u00e9tail : l\u2019accueil, la d\u00e9coration, la mise en sc\u00e8ne, l\u2019ambiance musicale, ou encore le parcours des invit\u00e9s. Tout peut \u00eatre pens\u00e9 pour cr\u00e9er un moment coh\u00e9rent et m\u00e9morable. Un lieu bien choisi joue un r\u00f4le central dans cette exp\u00e9rience. Il influence directement la perception de votre \u00e9v\u00e9nement, mais aussi l\u2019\u00e9motion ressentie par vos invit\u00e9s.<\/p>\n","protected":false},"author":2,"featured_media":0,"parent":0,"menu_order":0,"comment_status":"closed","ping_status":"closed","template":"elementor_header_footer","meta":{"site-sidebar-layout":"no-sidebar","site-content-layout":"","ast-site-content-layout":"full-width-container","site-content-style":"default","site-sidebar-style":"default","ast-global-header-display":"","ast-banner-title-visibility":"","ast-main-header-display":"","ast-hfb-above-header-display":"","ast-hfb-below-header-display":"","ast-hfb-mobile-header-display":"","site-post-title":"disabled","ast-breadcrumbs-content":"","ast-featured-img":"disabled","footer-sml-layout":"","ast-disable-related-posts":"","theme-transparent-header-meta":"","adv-header-id-meta":"","stick-header-meta":"","header-above-stick-meta":"","header-main-stick-meta":"","header-below-stick-meta":"","astra-migrate-meta-layouts":"default","ast-page-background-enabled":"default","ast-page-background-meta":{"desktop":{"background-color":"var(--ast-global-color-4)","background-image":"","background-repeat":"repeat","background-position":"center center","background-size":"auto","background-attachment":"scroll","background-type":"","background-media":"","overlay-type":"","overlay-color":"","overlay-opacity":"","overlay-gradient":""},"tablet":{"background-color":"","background-image":"","background-repeat":"repeat","background-position":"center center","background-size":"auto","background-attachment":"scroll","background-type":"","background-media":"","overlay-type":"","overlay-color":"","overlay-opacity":"","overlay-gradient":""},"mobile":{"background-color":"","background-image":"","background-repeat":"repeat","background-position":"center center","background-size":"auto","background-attachment":"scroll","background-type":"","background-media":"","overlay-type":"","overlay-color":"","overlay-opacity":"","overlay-gradient":""}},"ast-content-background-meta":{"desktop":{"background-color":"var(--ast-global-color-5)","background-image":"","background-repeat":"repeat","background-position":"center center","background-size":"auto","background-attachment":"scroll","background-type":"","background-media":"","overlay-type":"","overlay-color":"","overlay-opacity":"","overlay-gradient":""},"tablet":{"background-color":"var(--ast-global-color-5)","background-image":"","background-repeat":"repeat","background-position":"center center","background-size":"auto","background-attachment":"scroll","background-type":"","background-media":"","overlay-type":"","overlay-color":"","overlay-opacity":"","overlay-gradient":""},"mobile":{"background-color":"var(--ast-global-color-5)","background-image":"","background-repeat":"repeat","background-position":"center center","background-size":"auto","background-attachment":"scroll","background-type":"","background-media":"","overlay-type":"","overlay-color":"","overlay-opacity":"","overlay-gradient":""}},"footnotes":""},"class_list":["post-2831","page","type-page","status-publish","hentry"],"_links":{"self":[{"href":"https:\/\/secretstudioprod.com\/fr\/wp-json\/wp\/v2\/pages\/2831","targetHints":{"allow":["GET"]}}],"collection":[{"href":"https:\/\/secretstudioprod.com\/fr\/wp-json\/wp\/v2\/pages"}],"about":[{"href":"https:\/\/secretstudioprod.com\/fr\/wp-json\/wp\/v2\/types\/page"}],"author":[{"embeddable":true,"href":"https:\/\/secretstudioprod.com\/fr\/wp-json\/wp\/v2\/users\/2"}],"replies":[{"embeddable":true,"href":"https:\/\/secretstudioprod.com\/fr\/wp-json\/wp\/v2\/comments?post=2831"}],"version-history":[{"count":4,"href":"https:\/\/secretstudioprod.com\/fr\/wp-json\/wp\/v2\/pages\/2831\/revisions"}],"predecessor-version":[{"id":2835,"href":"https:\/\/secretstudioprod.com\/fr\/wp-json\/wp\/v2\/pages\/2831\/revisions\/2835"}],"wp:attachment":[{"href":"https:\/\/secretstudioprod.com\/fr\/wp-json\/wp\/v2\/media?parent=2831"}],"curies":[{"name":"wp","href":"https:\/\/api.w.org\/{rel}","templated":true}]}}